{"id":18587,"date":"2022-02-24T09:36:19","date_gmt":"2022-02-24T08:36:19","guid":{"rendered":"https:\/\/www.redex-group.com\/technologies-de-production-de-bandes\/service-clientele\/spare-parts-and-repair\/"},"modified":"2023-06-26T08:09:26","modified_gmt":"2023-06-26T06:09:26","slug":"pieces-detachees-et-reparation","status":"publish","type":"page","link":"https:\/\/www.redex-group.com\/fr\/technologies-de-production-de-bandes\/service-clientele\/pieces-detachees-et-reparation\/","title":{"rendered":"Pi\u00e8ces d\u00e9tach\u00e9es et r\u00e9paration"},"content":{"rendered":"\t\t<div data-elementor-type=\"wp-page\" data-elementor-id=\"18587\" class=\"elementor elementor-18587 elementor-2592\" data-elementor-post-type=\"page\">\n\t\t\t\t\t\t<section class=\"elementor-section elementor-top-section elementor-element elementor-element-7b8e226 elementor-section-height-min-height elementor-section-boxed elementor-section-height-default elementor-section-items-middle\" data-id=\"7b8e226\" data-element_type=\"section\" data-e-type=\"section\" data-settings=\"{&quot;background_background&quot;:&quot;classic&quot;,&quot;jet_parallax_layout_list&quot;:[]}\">\n\t\t\t\t\t\t\t<div class=\"elementor-background-overlay\"><\/div>\n\t\t\t\t\t\t\t<div class=\"elementor-container elementor-column-gap-default\">\n\t\t\t\t\t<div class=\"elementor-column elementor-col-100 elementor-top-column elementor-element elementor-element-3e5f406\" data-id=\"3e5f406\" data-element_type=\"column\" data-e-type=\"column\">\n\t\t\t<div class=\"elementor-widget-wrap elementor-element-populated\">\n\t\t\t\t\t\t<div class=\"elementor-element elementor-element-a10795c elementor-widget elementor-widget-heading\" data-id=\"a10795c\" data-element_type=\"widget\" data-e-type=\"widget\" data-widget_type=\"heading.default\">\n\t\t\t\t<div class=\"elementor-widget-container\">\n\t\t\t\t\t<h1 class=\"elementor-heading-title elementor-size-default\">Pi\u00e8ces d\u00e9tach\u00e9es et r\u00e9paration<\/h1>\t\t\t\t<\/div>\n\t\t\t\t<\/div>\n\t\t\t\t\t<\/div>\n\t\t<\/div>\n\t\t\t\t\t<\/div>\n\t\t<\/section>\n\t\t\t\t<section class=\"elementor-section elementor-top-section elementor-element elementor-element-c232941 elementor-section-boxed elementor-section-height-default elementor-section-height-default\" data-id=\"c232941\" data-element_type=\"section\" data-e-type=\"section\" data-settings=\"{&quot;jet_parallax_layout_list&quot;:[]}\">\n\t\t\t\t\t\t<div class=\"elementor-container elementor-column-gap-default\">\n\t\t\t\t\t<div class=\"elementor-column elementor-col-100 elementor-top-column elementor-element elementor-element-b08bc66\" data-id=\"b08bc66\" data-element_type=\"column\" data-e-type=\"column\" data-settings=\"{&quot;background_background&quot;:&quot;classic&quot;}\">\n\t\t\t<div class=\"elementor-widget-wrap elementor-element-populated\">\n\t\t\t\t\t\t<div class=\"elementor-element elementor-element-1f0f0ad elementor-widget elementor-widget-breadcrumbs\" data-id=\"1f0f0ad\" data-element_type=\"widget\" data-e-type=\"widget\" data-widget_type=\"breadcrumbs.default\">\n\t\t\t\t<div class=\"elementor-widget-container\">\n\t\t\t\t\t<p id=\"breadcrumbs\"><span><span><a href=\"https:\/\/www.redex-group.com\/fr\/\">Accueil<\/a><\/span><\/span><\/p>\t\t\t\t<\/div>\n\t\t\t\t<\/div>\n\t\t\t\t\t<\/div>\n\t\t<\/div>\n\t\t\t\t\t<\/div>\n\t\t<\/section>\n\t\t\t\t<section class=\"elementor-section elementor-top-section elementor-element elementor-element-c59f127 elementor-section-boxed elementor-section-height-default elementor-section-height-default\" data-id=\"c59f127\" data-element_type=\"section\" data-e-type=\"section\" data-settings=\"{&quot;jet_parallax_layout_list&quot;:[]}\">\n\t\t\t\t\t\t<div class=\"elementor-container elementor-column-gap-default\">\n\t\t\t\t\t<div class=\"elementor-column elementor-col-50 elementor-top-column elementor-element elementor-element-9ff7117\" data-id=\"9ff7117\" data-element_type=\"column\" data-e-type=\"column\">\n\t\t\t<div class=\"elementor-widget-wrap elementor-element-populated\">\n\t\t\t\t\t\t<div class=\"elementor-element elementor-element-769f7e5 elementor-widget elementor-widget-heading\" data-id=\"769f7e5\" data-element_type=\"widget\" data-e-type=\"widget\" data-widget_type=\"heading.default\">\n\t\t\t\t<div class=\"elementor-widget-container\">\n\t\t\t\t\t<h2 class=\"elementor-heading-title elementor-size-default\">Pi\u00e8ces d\u00e9tach\u00e9es et r\u00e9paration<\/h2>\t\t\t\t<\/div>\n\t\t\t\t<\/div>\n\t\t\t\t<div class=\"elementor-element elementor-element-c9dace4 elementor-widget elementor-widget-spacer\" data-id=\"c9dace4\" data-element_type=\"widget\" data-e-type=\"widget\" data-widget_type=\"spacer.default\">\n\t\t\t\t<div class=\"elementor-widget-container\">\n\t\t\t\t\t\t\t<div class=\"elementor-spacer\">\n\t\t\t<div class=\"elementor-spacer-inner\"><\/div>\n\t\t<\/div>\n\t\t\t\t\t\t<\/div>\n\t\t\t\t<\/div>\n\t\t\t\t<div class=\"elementor-element elementor-element-5f9851c elementor-widget elementor-widget-text-editor\" data-id=\"5f9851c\" data-element_type=\"widget\" data-e-type=\"widget\" data-widget_type=\"text-editor.default\">\n\t\t\t\t<div class=\"elementor-widget-container\">\n\t\t\t\t\t\t\t\t\t<p>Les pi\u00e8ces de rechange d&rsquo;origine sont essentielles pour assurer la fiabilit\u00e9 \u00e0 long terme et les performances \u00e9lev\u00e9es de l&rsquo;\u00e9quipement.<br \/>Le groupe REDEX est plus qu&rsquo;un groupe d&rsquo;ing\u00e9nierie.<\/p><p>Avec nos trois usines modernes situ\u00e9es en France et en Allemagne, dot\u00e9es d&rsquo;environ 150 machines-outils \u00e0 commande num\u00e9rique, d&rsquo;ateliers de rectification climatis\u00e9s et de salles d&rsquo;inspection, nous nous sommes toujours attach\u00e9s \u00e0 conserver en interne la production des \u00e9l\u00e9ments cl\u00e9s de nos \u00e9quipements et de nos lignes, ou \u00e0 \u00e9tablir des partenariats solides avec des fournisseurs mondiaux afin d&rsquo;obtenir des solutions sur mesure pour am\u00e9liorer les performances des pi\u00e8ces consommables.<\/p><p>R\u00e9alis\u00e9es dans les m\u00eames ateliers que ceux o\u00f9 sont produits les \u00e9quipements de l&rsquo;usine, les pi\u00e8ces de rechange d&rsquo;origine satisfont aux normes de qualit\u00e9 et aux certifications les plus restrictives.<br \/>De nombreux avantages pour les clients d\u00e9coulent des relations \u00e9troites que nous entretenons avec eux, tels que : la plus haute qualit\u00e9 des produits, la mise \u00e0 jour des nouvelles technologies, un stock de composants cl\u00e9s pour r\u00e9pondre \u00e0 votre demande dans les plus brefs d\u00e9lais.<\/p><p>Dans nos centres de service mondiaux, nous proposons \u00e9galement la r\u00e9paration de votre \u00e9quipement ou de votre outillage, m\u00eame apr\u00e8s plusieurs d\u00e9cennies d&rsquo;utilisation dans votre usine.<br \/>Les contrats de maintenance repr\u00e9sentent une alternative aux commandes normales et aux d\u00e9lais standard.<\/p><p>Le groupe REDEX peut fournir des pi\u00e8ces d&rsquo;usure et des pi\u00e8ces consommables avec une rotation \u00e9lev\u00e9e et une approche \u00e0 la demande. Les deux parties b\u00e9n\u00e9ficient de co\u00fbts d&rsquo;inventaire r\u00e9duits, ainsi que d&rsquo;un approvisionnement plus pratique et d&rsquo;une dilution des d\u00e9penses en pi\u00e8ces d\u00e9tach\u00e9es.<\/p><p>L&rsquo;assistance \u00e0 distance est \u00e9galement incluse dans ce type de contrat.<\/p><p>Gr\u00e2ce \u00e0 ces solutions, le groupe REDEX incarne la fiabilit\u00e9 en tant que partenaire de ses clients, les aidant \u00e0 atteindre leurs objectifs de production et d&rsquo;exploitation.\u00a0\u00bb<\/p>\t\t\t\t\t\t\t\t<\/div>\n\t\t\t\t<\/div>\n\t\t\t\t\t<\/div>\n\t\t<\/div>\n\t\t\t\t<div class=\"elementor-column elementor-col-50 elementor-top-column elementor-element elementor-element-db80989\" data-id=\"db80989\" data-element_type=\"column\" data-e-type=\"column\">\n\t\t\t<div class=\"elementor-widget-wrap elementor-element-populated\">\n\t\t\t\t\t\t<div class=\"elementor-element elementor-element-9c90323 elementor-widget elementor-widget-image\" data-id=\"9c90323\" data-element_type=\"widget\" data-e-type=\"widget\" data-widget_type=\"image.default\">\n\t\t\t\t<div class=\"elementor-widget-container\">\n\t\t\t\t\t\t\t\t\t\t\t\t\t\t\t<img fetchpriority=\"high\" decoding=\"async\" width=\"1600\" height=\"1067\" src=\"https:\/\/www.redex-group.com\/wp-content\/uploads\/2022\/04\/Spare-parts-repair-REDEXGROUP.jpg\" class=\"attachment-full size-full wp-image-12442\" alt=\"\" srcset=\"https:\/\/www.redex-group.com\/wp-content\/uploads\/2022\/04\/Spare-parts-repair-REDEXGROUP.jpg 1600w, https:\/\/www.redex-group.com\/wp-content\/uploads\/2022\/04\/Spare-parts-repair-REDEXGROUP-300x200.jpg 300w, https:\/\/www.redex-group.com\/wp-content\/uploads\/2022\/04\/Spare-parts-repair-REDEXGROUP-1024x683.jpg 1024w, https:\/\/www.redex-group.com\/wp-content\/uploads\/2022\/04\/Spare-parts-repair-REDEXGROUP-768x512.jpg 768w, https:\/\/www.redex-group.com\/wp-content\/uploads\/2022\/04\/Spare-parts-repair-REDEXGROUP-1536x1024.jpg 1536w\" sizes=\"(max-width: 1600px) 100vw, 1600px\" \/>\t\t\t\t\t\t\t\t\t\t\t\t\t\t\t<\/div>\n\t\t\t\t<\/div>\n\t\t\t\t\t<\/div>\n\t\t<\/div>\n\t\t\t\t\t<\/div>\n\t\t<\/section>\n\t\t\t\t<section class=\"elementor-section elementor-top-section elementor-element elementor-element-823957f elementor-section-boxed elementor-section-height-default elementor-section-height-default\" data-id=\"823957f\" data-element_type=\"section\" data-e-type=\"section\" data-settings=\"{&quot;jet_parallax_layout_list&quot;:[]}\">\n\t\t\t\t\t\t<div class=\"elementor-container elementor-column-gap-default\">\n\t\t\t\t\t<div class=\"elementor-column elementor-col-100 elementor-top-column elementor-element elementor-element-fcc6893\" data-id=\"fcc6893\" data-element_type=\"column\" data-e-type=\"column\">\n\t\t\t<div class=\"elementor-widget-wrap elementor-element-populated\">\n\t\t\t\t\t\t<div class=\"elementor-element elementor-element-0684a4f elementor-widget-divider--view-line elementor-widget elementor-widget-divider\" data-id=\"0684a4f\" data-element_type=\"widget\" data-e-type=\"widget\" data-widget_type=\"divider.default\">\n\t\t\t\t<div class=\"elementor-widget-container\">\n\t\t\t\t\t\t\t<div class=\"elementor-divider\">\n\t\t\t<span class=\"elementor-divider-separator\">\n\t\t\t\t\t\t<\/span>\n\t\t<\/div>\n\t\t\t\t\t\t<\/div>\n\t\t\t\t<\/div>\n\t\t\t\t<div class=\"elementor-element elementor-element-0649ab9 elementor-align-center elementor-mobile-align-justify elementor-widget-mobile__width-inherit elementor-widget elementor-widget-button\" data-id=\"0649ab9\" data-element_type=\"widget\" data-e-type=\"widget\" data-widget_type=\"button.default\">\n\t\t\t\t<div class=\"elementor-widget-container\">\n\t\t\t\t\t\t\t\t\t<div class=\"elementor-button-wrapper\">\n\t\t\t\t\t<a class=\"elementor-button elementor-button-link elementor-size-sm elementor-animation-float\" href=\"https:\/\/www.redex-group.com\/fr\/technologies-de-production-de-bandes\/contact\/\">\n\t\t\t\t\t\t<span class=\"elementor-button-content-wrapper\">\n\t\t\t\t\t\t<span class=\"elementor-button-icon\">\n\t\t\t\t<i aria-hidden=\"true\" class=\"fas fa-arrow-right\"><\/i>\t\t\t<\/span>\n\t\t\t\t\t\t\t\t\t<span class=\"elementor-button-text\">Contactez-nous<\/span>\n\t\t\t\t\t<\/span>\n\t\t\t\t\t<\/a>\n\t\t\t\t<\/div>\n\t\t\t\t\t\t\t\t<\/div>\n\t\t\t\t<\/div>\n\t\t\t\t\t<\/div>\n\t\t<\/div>\n\t\t\t\t\t<\/div>\n\t\t<\/section>\n\t\t\t\t<\/div>\n\t\t","protected":false},"excerpt":{"rendered":"<p>Pi\u00e8ces d\u00e9tach\u00e9es et r\u00e9paration Pi\u00e8ces d\u00e9tach\u00e9es et r\u00e9paration Les pi\u00e8ces de rechange d&rsquo;origine sont essentielles pour assurer la fiabilit\u00e9 \u00e0 long terme et les performances \u00e9lev\u00e9es de l&rsquo;\u00e9quipement.Le groupe REDEX est plus qu&rsquo;un groupe d&rsquo;ing\u00e9nierie. Avec nos trois usines modernes situ\u00e9es en France et en Allemagne, dot\u00e9es d&rsquo;environ 150 machines-outils \u00e0 commande num\u00e9rique, d&rsquo;ateliers de [&hellip;]<\/p>\n","protected":false},"author":1,"featured_media":0,"parent":18565,"menu_order":0,"comment_status":"closed","ping_status":"closed","template":"","meta":{"footnotes":""},"class_list":["post-18587","page","type-page","status-publish","hentry"],"yoast_head":"<!-- This site is optimized with the Yoast SEO plugin v27.2 - https:\/\/yoast.com\/product\/yoast-seo-wordpress\/ -->\n<title>Pi\u00e8ces d\u00e9tach\u00e9es et r\u00e9paration - Redex Group<\/title>\n<meta name=\"robots\" content=\"index, follow, max-snippet:-1, max-image-preview:large, max-video-preview:-1\" \/>\n<link rel=\"canonical\" href=\"https:\/\/www.redex-group.com\/fr\/technologies-de-production-de-bandes\/service-clientele\/pieces-detachees-et-reparation\/\" \/>\n<meta property=\"og:locale\" content=\"fr_FR\" \/>\n<meta property=\"og:type\" content=\"article\" \/>\n<meta property=\"og:title\" content=\"Pi\u00e8ces d\u00e9tach\u00e9es et r\u00e9paration - Redex Group\" \/>\n<meta property=\"og:description\" content=\"Pi\u00e8ces d\u00e9tach\u00e9es et r\u00e9paration Pi\u00e8ces d\u00e9tach\u00e9es et r\u00e9paration Les pi\u00e8ces de rechange d&rsquo;origine sont essentielles pour assurer la fiabilit\u00e9 \u00e0 long terme et les performances \u00e9lev\u00e9es de l&rsquo;\u00e9quipement.Le groupe REDEX est plus qu&rsquo;un groupe d&rsquo;ing\u00e9nierie. Avec nos trois usines modernes situ\u00e9es en France et en Allemagne, dot\u00e9es d&rsquo;environ 150 machines-outils \u00e0 commande num\u00e9rique, d&rsquo;ateliers de [&hellip;]\" \/>\n<meta property=\"og:url\" content=\"https:\/\/www.redex-group.com\/fr\/technologies-de-production-de-bandes\/service-clientele\/pieces-detachees-et-reparation\/\" \/>\n<meta property=\"og:site_name\" content=\"Redex Group\" \/>\n<meta property=\"article:modified_time\" content=\"2023-06-26T06:09:26+00:00\" \/>\n<meta property=\"og:image\" content=\"https:\/\/www.redex-group.com\/wp-content\/uploads\/2022\/04\/Spare-parts-repair-REDEXGROUP.jpg\" \/>\n<meta name=\"twitter:card\" content=\"summary_large_image\" \/>\n<meta name=\"twitter:label1\" content=\"Dur\u00e9e de lecture estim\u00e9e\" \/>\n\t<meta name=\"twitter:data1\" content=\"2 minutes\" \/>\n<script type=\"application\/ld+json\" class=\"yoast-schema-graph\">{\"@context\":\"https:\/\/schema.org\",\"@graph\":[{\"@type\":\"WebPage\",\"@id\":\"https:\/\/www.redex-group.com\/fr\/technologies-de-production-de-bandes\/service-clientele\/pieces-detachees-et-reparation\/\",\"url\":\"https:\/\/www.redex-group.com\/fr\/technologies-de-production-de-bandes\/service-clientele\/pieces-detachees-et-reparation\/\",\"name\":\"Pi\u00e8ces d\u00e9tach\u00e9es et r\u00e9paration - Redex Group\",\"isPartOf\":{\"@id\":\"https:\/\/www.redex-group.com\/fr\/#website\"},\"primaryImageOfPage\":{\"@id\":\"https:\/\/www.redex-group.com\/fr\/technologies-de-production-de-bandes\/service-clientele\/pieces-detachees-et-reparation\/#primaryimage\"},\"image\":{\"@id\":\"https:\/\/www.redex-group.com\/fr\/technologies-de-production-de-bandes\/service-clientele\/pieces-detachees-et-reparation\/#primaryimage\"},\"thumbnailUrl\":\"https:\/\/www.redex-group.com\/wp-content\/uploads\/2022\/04\/Spare-parts-repair-REDEXGROUP.jpg\",\"datePublished\":\"2022-02-24T08:36:19+00:00\",\"dateModified\":\"2023-06-26T06:09:26+00:00\",\"breadcrumb\":{\"@id\":\"https:\/\/www.redex-group.com\/fr\/technologies-de-production-de-bandes\/service-clientele\/pieces-detachees-et-reparation\/#breadcrumb\"},\"inLanguage\":\"fr-FR\",\"potentialAction\":[{\"@type\":\"ReadAction\",\"target\":[\"https:\/\/www.redex-group.com\/fr\/technologies-de-production-de-bandes\/service-clientele\/pieces-detachees-et-reparation\/\"]}]},{\"@type\":\"ImageObject\",\"inLanguage\":\"fr-FR\",\"@id\":\"https:\/\/www.redex-group.com\/fr\/technologies-de-production-de-bandes\/service-clientele\/pieces-detachees-et-reparation\/#primaryimage\",\"url\":\"https:\/\/www.redex-group.com\/wp-content\/uploads\/2022\/04\/Spare-parts-repair-REDEXGROUP.jpg\",\"contentUrl\":\"https:\/\/www.redex-group.com\/wp-content\/uploads\/2022\/04\/Spare-parts-repair-REDEXGROUP.jpg\"},{\"@type\":\"BreadcrumbList\",\"@id\":\"https:\/\/www.redex-group.com\/fr\/technologies-de-production-de-bandes\/service-clientele\/pieces-detachees-et-reparation\/#breadcrumb\",\"itemListElement\":[{\"@type\":\"ListItem\",\"position\":1,\"name\":\"Accueil\",\"item\":\"https:\/\/www.redex-group.com\/fr\/\"},{\"@type\":\"ListItem\",\"position\":2,\"name\":\"Technologies de production de bandes\",\"item\":\"https:\/\/www.redex-group.com\/fr\/strip-processing-technologies\/\"},{\"@type\":\"ListItem\",\"position\":3,\"name\":\"Service client\u00e8le\",\"item\":\"https:\/\/www.redex-group.com\/fr\/strip-processing-technologies\/customer-service-strip-processing-technologies\/\"},{\"@type\":\"ListItem\",\"position\":4,\"name\":\"Pi\u00e8ces d\u00e9tach\u00e9es et r\u00e9paration\"}]},{\"@type\":\"WebSite\",\"@id\":\"https:\/\/www.redex-group.com\/fr\/#website\",\"url\":\"https:\/\/www.redex-group.com\/fr\/\",\"name\":\"Redex Group\",\"description\":\"Great achievements start with us\",\"publisher\":{\"@id\":\"https:\/\/www.redex-group.com\/fr\/#organization\"},\"potentialAction\":[{\"@type\":\"SearchAction\",\"target\":{\"@type\":\"EntryPoint\",\"urlTemplate\":\"https:\/\/www.redex-group.com\/fr\/?s={search_term_string}\"},\"query-input\":{\"@type\":\"PropertyValueSpecification\",\"valueRequired\":true,\"valueName\":\"search_term_string\"}}],\"inLanguage\":\"fr-FR\"},{\"@type\":\"Organization\",\"@id\":\"https:\/\/www.redex-group.com\/fr\/#organization\",\"name\":\"REDEX Group\",\"url\":\"https:\/\/www.redex-group.com\/fr\/\",\"logo\":{\"@type\":\"ImageObject\",\"inLanguage\":\"fr-FR\",\"@id\":\"https:\/\/www.redex-group.com\/fr\/#\/schema\/logo\/image\/\",\"url\":\"https:\/\/www.redex-group.com\/wp-content\/uploads\/2021\/09\/Logo-REDEX-Group-orange.png\",\"contentUrl\":\"https:\/\/www.redex-group.com\/wp-content\/uploads\/2021\/09\/Logo-REDEX-Group-orange.png\",\"width\":400,\"height\":107,\"caption\":\"REDEX Group\"},\"image\":{\"@id\":\"https:\/\/www.redex-group.com\/fr\/#\/schema\/logo\/image\/\"}}]}<\/script>\n<!-- \/ Yoast SEO plugin. -->","yoast_head_json":{"title":"Pi\u00e8ces d\u00e9tach\u00e9es et r\u00e9paration - Redex Group","robots":{"index":"index","follow":"follow","max-snippet":"max-snippet:-1","max-image-preview":"max-image-preview:large","max-video-preview":"max-video-preview:-1"},"canonical":"https:\/\/www.redex-group.com\/fr\/technologies-de-production-de-bandes\/service-clientele\/pieces-detachees-et-reparation\/","og_locale":"fr_FR","og_type":"article","og_title":"Pi\u00e8ces d\u00e9tach\u00e9es et r\u00e9paration - Redex Group","og_description":"Pi\u00e8ces d\u00e9tach\u00e9es et r\u00e9paration Pi\u00e8ces d\u00e9tach\u00e9es et r\u00e9paration Les pi\u00e8ces de rechange d&rsquo;origine sont essentielles pour assurer la fiabilit\u00e9 \u00e0 long terme et les performances \u00e9lev\u00e9es de l&rsquo;\u00e9quipement.Le groupe REDEX est plus qu&rsquo;un groupe d&rsquo;ing\u00e9nierie. Avec nos trois usines modernes situ\u00e9es en France et en Allemagne, dot\u00e9es d&rsquo;environ 150 machines-outils \u00e0 commande num\u00e9rique, d&rsquo;ateliers de [&hellip;]","og_url":"https:\/\/www.redex-group.com\/fr\/technologies-de-production-de-bandes\/service-clientele\/pieces-detachees-et-reparation\/","og_site_name":"Redex Group","article_modified_time":"2023-06-26T06:09:26+00:00","og_image":[{"url":"https:\/\/www.redex-group.com\/wp-content\/uploads\/2022\/04\/Spare-parts-repair-REDEXGROUP.jpg","type":"","width":"","height":""}],"twitter_card":"summary_large_image","twitter_misc":{"Dur\u00e9e de lecture estim\u00e9e":"2 minutes"},"schema":{"@context":"https:\/\/schema.org","@graph":[{"@type":"WebPage","@id":"https:\/\/www.redex-group.com\/fr\/technologies-de-production-de-bandes\/service-clientele\/pieces-detachees-et-reparation\/","url":"https:\/\/www.redex-group.com\/fr\/technologies-de-production-de-bandes\/service-clientele\/pieces-detachees-et-reparation\/","name":"Pi\u00e8ces d\u00e9tach\u00e9es et r\u00e9paration - Redex Group","isPartOf":{"@id":"https:\/\/www.redex-group.com\/fr\/#website"},"primaryImageOfPage":{"@id":"https:\/\/www.redex-group.com\/fr\/technologies-de-production-de-bandes\/service-clientele\/pieces-detachees-et-reparation\/#primaryimage"},"image":{"@id":"https:\/\/www.redex-group.com\/fr\/technologies-de-production-de-bandes\/service-clientele\/pieces-detachees-et-reparation\/#primaryimage"},"thumbnailUrl":"https:\/\/www.redex-group.com\/wp-content\/uploads\/2022\/04\/Spare-parts-repair-REDEXGROUP.jpg","datePublished":"2022-02-24T08:36:19+00:00","dateModified":"2023-06-26T06:09:26+00:00","breadcrumb":{"@id":"https:\/\/www.redex-group.com\/fr\/technologies-de-production-de-bandes\/service-clientele\/pieces-detachees-et-reparation\/#breadcrumb"},"inLanguage":"fr-FR","potentialAction":[{"@type":"ReadAction","target":["https:\/\/www.redex-group.com\/fr\/technologies-de-production-de-bandes\/service-clientele\/pieces-detachees-et-reparation\/"]}]},{"@type":"ImageObject","inLanguage":"fr-FR","@id":"https:\/\/www.redex-group.com\/fr\/technologies-de-production-de-bandes\/service-clientele\/pieces-detachees-et-reparation\/#primaryimage","url":"https:\/\/www.redex-group.com\/wp-content\/uploads\/2022\/04\/Spare-parts-repair-REDEXGROUP.jpg","contentUrl":"https:\/\/www.redex-group.com\/wp-content\/uploads\/2022\/04\/Spare-parts-repair-REDEXGROUP.jpg"},{"@type":"BreadcrumbList","@id":"https:\/\/www.redex-group.com\/fr\/technologies-de-production-de-bandes\/service-clientele\/pieces-detachees-et-reparation\/#breadcrumb","itemListElement":[{"@type":"ListItem","position":1,"name":"Accueil","item":"https:\/\/www.redex-group.com\/fr\/"},{"@type":"ListItem","position":2,"name":"Technologies de production de bandes","item":"https:\/\/www.redex-group.com\/fr\/strip-processing-technologies\/"},{"@type":"ListItem","position":3,"name":"Service client\u00e8le","item":"https:\/\/www.redex-group.com\/fr\/strip-processing-technologies\/customer-service-strip-processing-technologies\/"},{"@type":"ListItem","position":4,"name":"Pi\u00e8ces d\u00e9tach\u00e9es et r\u00e9paration"}]},{"@type":"WebSite","@id":"https:\/\/www.redex-group.com\/fr\/#website","url":"https:\/\/www.redex-group.com\/fr\/","name":"Redex Group","description":"Great achievements start with us","publisher":{"@id":"https:\/\/www.redex-group.com\/fr\/#organization"},"potentialAction":[{"@type":"SearchAction","target":{"@type":"EntryPoint","urlTemplate":"https:\/\/www.redex-group.com\/fr\/?s={search_term_string}"},"query-input":{"@type":"PropertyValueSpecification","valueRequired":true,"valueName":"search_term_string"}}],"inLanguage":"fr-FR"},{"@type":"Organization","@id":"https:\/\/www.redex-group.com\/fr\/#organization","name":"REDEX Group","url":"https:\/\/www.redex-group.com\/fr\/","logo":{"@type":"ImageObject","inLanguage":"fr-FR","@id":"https:\/\/www.redex-group.com\/fr\/#\/schema\/logo\/image\/","url":"https:\/\/www.redex-group.com\/wp-content\/uploads\/2021\/09\/Logo-REDEX-Group-orange.png","contentUrl":"https:\/\/www.redex-group.com\/wp-content\/uploads\/2021\/09\/Logo-REDEX-Group-orange.png","width":400,"height":107,"caption":"REDEX Group"},"image":{"@id":"https:\/\/www.redex-group.com\/fr\/#\/schema\/logo\/image\/"}}]}},"_links":{"self":[{"href":"https:\/\/www.redex-group.com\/fr\/wp-json\/wp\/v2\/pages\/18587","targetHints":{"allow":["GET"]}}],"collection":[{"href":"https:\/\/www.redex-group.com\/fr\/wp-json\/wp\/v2\/pages"}],"about":[{"href":"https:\/\/www.redex-group.com\/fr\/wp-json\/wp\/v2\/types\/page"}],"author":[{"embeddable":true,"href":"https:\/\/www.redex-group.com\/fr\/wp-json\/wp\/v2\/users\/1"}],"replies":[{"embeddable":true,"href":"https:\/\/www.redex-group.com\/fr\/wp-json\/wp\/v2\/comments?post=18587"}],"version-history":[{"count":7,"href":"https:\/\/www.redex-group.com\/fr\/wp-json\/wp\/v2\/pages\/18587\/revisions"}],"predecessor-version":[{"id":19823,"href":"https:\/\/www.redex-group.com\/fr\/wp-json\/wp\/v2\/pages\/18587\/revisions\/19823"}],"up":[{"embeddable":true,"href":"https:\/\/www.redex-group.com\/fr\/wp-json\/wp\/v2\/pages\/18565"}],"wp:attachment":[{"href":"https:\/\/www.redex-group.com\/fr\/wp-json\/wp\/v2\/media?parent=18587"}],"curies":[{"name":"wp","href":"https:\/\/api.w.org\/{rel}","templated":true}]}}