{"id":17611,"date":"2022-02-24T09:08:56","date_gmt":"2022-02-24T08:08:56","guid":{"rendered":"https:\/\/www.redex-group.com\/entrainements-pour-machines\/produits\/load-cells\/"},"modified":"2023-10-04T12:10:52","modified_gmt":"2023-10-04T10:10:52","slug":"capteurs-de-force","status":"publish","type":"page","link":"https:\/\/www.redex-group.com\/fr\/entrainements-pour-machines\/produits\/capteurs-de-force\/","title":{"rendered":"Capteurs de force"},"content":{"rendered":"\t\t<div data-elementor-type=\"wp-page\" data-elementor-id=\"17611\" class=\"elementor elementor-17611 elementor-2483\" data-elementor-post-type=\"page\">\n\t\t\t\t\t\t<section class=\"elementor-section elementor-top-section elementor-element elementor-element-41067f8 elementor-section-height-min-height elementor-section-boxed elementor-section-height-default elementor-section-items-middle\" data-id=\"41067f8\" data-element_type=\"section\" data-e-type=\"section\" data-settings=\"{&quot;background_background&quot;:&quot;classic&quot;,&quot;jet_parallax_layout_list&quot;:[]}\">\n\t\t\t\t\t\t\t<div class=\"elementor-background-overlay\"><\/div>\n\t\t\t\t\t\t\t<div class=\"elementor-container elementor-column-gap-default\">\n\t\t\t\t\t<div class=\"elementor-column elementor-col-50 elementor-top-column elementor-element elementor-element-12afd82\" data-id=\"12afd82\" data-element_type=\"column\" data-e-type=\"column\">\n\t\t\t<div class=\"elementor-widget-wrap elementor-element-populated\">\n\t\t\t\t\t\t<div class=\"elementor-element elementor-element-2a2cdcf elementor-widget elementor-widget-heading\" data-id=\"2a2cdcf\" data-element_type=\"widget\" data-e-type=\"widget\" data-widget_type=\"heading.default\">\n\t\t\t\t<div class=\"elementor-widget-container\">\n\t\t\t\t\t<h1 class=\"elementor-heading-title elementor-size-default\">Capteurs de force<\/h1>\t\t\t\t<\/div>\n\t\t\t\t<\/div>\n\t\t\t\t\t<\/div>\n\t\t<\/div>\n\t\t\t\t<div class=\"elementor-column elementor-col-50 elementor-top-column elementor-element elementor-element-f576199\" data-id=\"f576199\" data-element_type=\"column\" data-e-type=\"column\">\n\t\t\t<div class=\"elementor-widget-wrap\">\n\t\t\t\t\t\t\t<\/div>\n\t\t<\/div>\n\t\t\t\t\t<\/div>\n\t\t<\/section>\n\t\t\t\t<section class=\"elementor-section elementor-top-section elementor-element elementor-element-705dd6c elementor-section-boxed elementor-section-height-default elementor-section-height-default\" data-id=\"705dd6c\" data-element_type=\"section\" data-e-type=\"section\" data-settings=\"{&quot;jet_parallax_layout_list&quot;:[]}\">\n\t\t\t\t\t\t<div class=\"elementor-container elementor-column-gap-default\">\n\t\t\t\t\t<div class=\"elementor-column elementor-col-100 elementor-top-column elementor-element elementor-element-4deb99b\" data-id=\"4deb99b\" data-element_type=\"column\" data-e-type=\"column\" data-settings=\"{&quot;background_background&quot;:&quot;classic&quot;}\">\n\t\t\t<div class=\"elementor-widget-wrap elementor-element-populated\">\n\t\t\t\t\t\t<div class=\"elementor-element elementor-element-18924e4 elementor-widget elementor-widget-breadcrumbs\" data-id=\"18924e4\" data-element_type=\"widget\" data-e-type=\"widget\" data-widget_type=\"breadcrumbs.default\">\n\t\t\t\t<div class=\"elementor-widget-container\">\n\t\t\t\t\t<p id=\"breadcrumbs\"><span><span><a href=\"https:\/\/www.redex-group.com\/fr\/\">Accueil<\/a><\/span><\/span><\/p>\t\t\t\t<\/div>\n\t\t\t\t<\/div>\n\t\t\t\t\t<\/div>\n\t\t<\/div>\n\t\t\t\t\t<\/div>\n\t\t<\/section>\n\t\t\t\t<section class=\"elementor-section elementor-top-section elementor-element elementor-element-2edeee7 elementor-section-boxed elementor-section-height-default elementor-section-height-default\" data-id=\"2edeee7\" data-element_type=\"section\" data-e-type=\"section\" data-settings=\"{&quot;jet_parallax_layout_list&quot;:[]}\">\n\t\t\t\t\t\t<div class=\"elementor-container elementor-column-gap-default\">\n\t\t\t\t\t<div class=\"elementor-column elementor-col-50 elementor-top-column elementor-element elementor-element-4704fcc\" data-id=\"4704fcc\" data-element_type=\"column\" data-e-type=\"column\">\n\t\t\t<div class=\"elementor-widget-wrap elementor-element-populated\">\n\t\t\t\t\t\t<div class=\"elementor-element elementor-element-2c25808 elementor-widget elementor-widget-heading\" data-id=\"2c25808\" data-element_type=\"widget\" data-e-type=\"widget\" data-widget_type=\"heading.default\">\n\t\t\t\t<div class=\"elementor-widget-container\">\n\t\t\t\t\t<h2 class=\"elementor-heading-title elementor-size-default\">Capteurs de force<\/h2>\t\t\t\t<\/div>\n\t\t\t\t<\/div>\n\t\t\t\t<div class=\"elementor-element elementor-element-223e509 elementor-widget elementor-widget-spacer\" data-id=\"223e509\" data-element_type=\"widget\" data-e-type=\"widget\" data-widget_type=\"spacer.default\">\n\t\t\t\t<div class=\"elementor-widget-container\">\n\t\t\t\t\t\t\t<div class=\"elementor-spacer\">\n\t\t\t<div class=\"elementor-spacer-inner\"><\/div>\n\t\t<\/div>\n\t\t\t\t\t\t<\/div>\n\t\t\t\t<\/div>\n\t\t\t\t<div class=\"elementor-element elementor-element-ddf3a5a elementor-widget elementor-widget-text-editor\" data-id=\"ddf3a5a\" data-element_type=\"widget\" data-e-type=\"widget\" data-widget_type=\"text-editor.default\">\n\t\t\t\t<div class=\"elementor-widget-container\">\n\t\t\t\t\t\t\t\t\t<p>WAT+, un concept innovant pour la mesure de tension du fil \u00e0 la bande.<\/p><ul><li>La s\u00e9rie WAT+ est con\u00e7ue sur une architecture modulaire permettant l&rsquo;utilisation d&rsquo;accessoires tels que poulies et rouleaux afin de couvrir de nombreuses applications avec un design unique du corps de capteur.<\/li><li>Cette flexibilit\u00e9 offre une r\u00e9elle valeur ajout\u00e9e pour les clients ayant des besoins sp\u00e9cifiques li\u00e9s au produit (forme, longueur, rev\u00eatement ou traitement de surface &#8230;).<\/li><li>L&rsquo;autre caract\u00e9ristique importante de cette conception du capteur est l&rsquo;insensibilit\u00e9 \u00e0 la position de la charge pour les applications utilisant un cylindre en porte \u00e0 faux.<\/li><li>Cette caract\u00e9ristique permet de dessiner les machines plus simplement pour les applications fils ou bandes \u00e9troites jusqu&rsquo;\u00e0 300mm de porte \u00e0 faux.<\/li><\/ul><p>La s\u00e9rie WAT+ s&rsquo;adapte donc \u00e0 la mesure de tension sur tous types de mat\u00e9riaux sous forme de fils, fibres, bandes de petites \u00e0 grandes laizes.<\/p>\t\t\t\t\t\t\t\t<\/div>\n\t\t\t\t<\/div>\n\t\t\t\t\t<\/div>\n\t\t<\/div>\n\t\t\t\t<div class=\"elementor-column elementor-col-50 elementor-top-column elementor-element elementor-element-a4fdecb\" data-id=\"a4fdecb\" data-element_type=\"column\" data-e-type=\"column\">\n\t\t\t<div class=\"elementor-widget-wrap elementor-element-populated\">\n\t\t\t\t\t\t<div class=\"elementor-element elementor-element-efa2332 elementor-widget elementor-widget-image\" data-id=\"efa2332\" data-element_type=\"widget\" data-e-type=\"widget\" data-widget_type=\"image.default\">\n\t\t\t\t<div class=\"elementor-widget-container\">\n\t\t\t\t\t\t\t\t\t\t\t\t\t\t\t<img fetchpriority=\"high\" decoding=\"async\" width=\"1800\" height=\"1201\" src=\"https:\/\/www.redex-group.com\/wp-content\/uploads\/2022\/04\/WAT.jpg\" class=\"attachment-full size-full wp-image-12202\" alt=\"\" srcset=\"https:\/\/www.redex-group.com\/wp-content\/uploads\/2022\/04\/WAT.jpg 1800w, https:\/\/www.redex-group.com\/wp-content\/uploads\/2022\/04\/WAT-300x200.jpg 300w, https:\/\/www.redex-group.com\/wp-content\/uploads\/2022\/04\/WAT-1024x683.jpg 1024w, https:\/\/www.redex-group.com\/wp-content\/uploads\/2022\/04\/WAT-768x512.jpg 768w, https:\/\/www.redex-group.com\/wp-content\/uploads\/2022\/04\/WAT-1536x1025.jpg 1536w\" sizes=\"(max-width: 1800px) 100vw, 1800px\" \/>\t\t\t\t\t\t\t\t\t\t\t\t\t\t\t<\/div>\n\t\t\t\t<\/div>\n\t\t\t\t\t<\/div>\n\t\t<\/div>\n\t\t\t\t\t<\/div>\n\t\t<\/section>\n\t\t\t\t<section class=\"elementor-section elementor-top-section elementor-element elementor-element-c50c87a elementor-section-boxed elementor-section-height-default elementor-section-height-default\" data-id=\"c50c87a\" data-element_type=\"section\" data-e-type=\"section\" data-settings=\"{&quot;jet_parallax_layout_list&quot;:[]}\">\n\t\t\t\t\t\t<div class=\"elementor-container elementor-column-gap-default\">\n\t\t\t\t\t<div class=\"elementor-column elementor-col-100 elementor-top-column elementor-element elementor-element-dd79f7c\" data-id=\"dd79f7c\" data-element_type=\"column\" data-e-type=\"column\">\n\t\t\t<div class=\"elementor-widget-wrap elementor-element-populated\">\n\t\t\t\t\t\t<div class=\"elementor-element elementor-element-83b5093 elementor-widget-divider--view-line elementor-widget elementor-widget-divider\" data-id=\"83b5093\" data-element_type=\"widget\" data-e-type=\"widget\" data-widget_type=\"divider.default\">\n\t\t\t\t<div class=\"elementor-widget-container\">\n\t\t\t\t\t\t\t<div class=\"elementor-divider\">\n\t\t\t<span class=\"elementor-divider-separator\">\n\t\t\t\t\t\t<\/span>\n\t\t<\/div>\n\t\t\t\t\t\t<\/div>\n\t\t\t\t<\/div>\n\t\t\t\t\t<\/div>\n\t\t<\/div>\n\t\t\t\t\t<\/div>\n\t\t<\/section>\n\t\t\t\t<section class=\"elementor-section elementor-top-section elementor-element elementor-element-04cd1e5 elementor-section-boxed elementor-section-height-default elementor-section-height-default\" data-id=\"04cd1e5\" data-element_type=\"section\" data-e-type=\"section\" data-settings=\"{&quot;jet_parallax_layout_list&quot;:[]}\">\n\t\t\t\t\t\t<div class=\"elementor-container elementor-column-gap-default\">\n\t\t\t\t\t<div class=\"elementor-column elementor-col-100 elementor-top-column elementor-element elementor-element-1f6241c\" data-id=\"1f6241c\" data-element_type=\"column\" data-e-type=\"column\">\n\t\t\t<div class=\"elementor-widget-wrap elementor-element-populated\">\n\t\t\t\t\t\t<div class=\"elementor-element elementor-element-8ec3572 elementor-widget elementor-widget-jet-posts\" data-id=\"8ec3572\" data-element_type=\"widget\" data-e-type=\"widget\" data-settings=\"{&quot;columns&quot;:&quot;4&quot;,&quot;columns_mobile&quot;:&quot;2&quot;,&quot;slides_to_scroll&quot;:&quot;1&quot;}\" data-widget_type=\"jet-posts.default\">\n\t\t\t\t<div class=\"elementor-widget-container\">\n\t\t\t\t\t<div class=\"elementor-jet-posts jet-elements\"><div class=\"jet-posts col-row  jet-equal-cols\"><div class=\"jet-posts__item\">\n\t<div class=\"jet-posts__inner-box\"><div class=\"post-thumbnail\"><a href=\"https:\/\/www.redex-group.com\/fr\/produits\/wat\/\" class=\"post-thumbnail__link\"><img loading=\"lazy\" decoding=\"async\" class=\"post-thumbnail__img wp-post-image\" src=\"https:\/\/www.redex-group.com\/wp-content\/uploads\/2022\/03\/Vignette-finale-WAT.png\" alt=\"WAT+\" loading=\"lazy\" width=\"1024\" height=\"1024\"><\/a><\/div><div class=\"jet-posts__inner-content\"><h4 class=\"entry-title\"><a href=\"https:\/\/www.redex-group.com\/fr\/produits\/wat\/\" target=\"\">WAT+<\/a><\/h4><\/div><\/div>\n<\/div>\n<\/div>\n<\/div>\t\t\t\t<\/div>\n\t\t\t\t<\/div>\n\t\t\t\t\t<\/div>\n\t\t<\/div>\n\t\t\t\t\t<\/div>\n\t\t<\/section>\n\t\t\t\t<section class=\"elementor-section elementor-top-section elementor-element elementor-element-0cfd0e0 elementor-section-boxed elementor-section-height-default elementor-section-height-default\" data-id=\"0cfd0e0\" data-element_type=\"section\" data-e-type=\"section\" data-settings=\"{&quot;jet_parallax_layout_list&quot;:[]}\">\n\t\t\t\t\t\t<div class=\"elementor-container elementor-column-gap-default\">\n\t\t\t\t\t<div class=\"elementor-column elementor-col-100 elementor-top-column elementor-element elementor-element-60d4339\" data-id=\"60d4339\" data-element_type=\"column\" data-e-type=\"column\">\n\t\t\t<div class=\"elementor-widget-wrap elementor-element-populated\">\n\t\t\t\t\t\t<div class=\"elementor-element elementor-element-124090f elementor-widget-divider--view-line elementor-widget elementor-widget-divider\" data-id=\"124090f\" data-element_type=\"widget\" data-e-type=\"widget\" data-widget_type=\"divider.default\">\n\t\t\t\t<div class=\"elementor-widget-container\">\n\t\t\t\t\t\t\t<div class=\"elementor-divider\">\n\t\t\t<span class=\"elementor-divider-separator\">\n\t\t\t\t\t\t<\/span>\n\t\t<\/div>\n\t\t\t\t\t\t<\/div>\n\t\t\t\t<\/div>\n\t\t\t\t<div class=\"elementor-element elementor-element-4461372 elementor-align-center elementor-mobile-align-justify elementor-widget-mobile__width-inherit elementor-widget elementor-widget-button\" data-id=\"4461372\" data-element_type=\"widget\" data-e-type=\"widget\" data-widget_type=\"button.default\">\n\t\t\t\t<div class=\"elementor-widget-container\">\n\t\t\t\t\t\t\t\t\t<div class=\"elementor-button-wrapper\">\n\t\t\t\t\t<a class=\"elementor-button elementor-button-link elementor-size-sm elementor-animation-float\" href=\"https:\/\/www.redex-group.com\/fr\/entrainements-pour-machines\/contact-md\/\">\n\t\t\t\t\t\t<span class=\"elementor-button-content-wrapper\">\n\t\t\t\t\t\t<span class=\"elementor-button-icon\">\n\t\t\t\t<i aria-hidden=\"true\" class=\"fas fa-arrow-right\"><\/i>\t\t\t<\/span>\n\t\t\t\t\t\t\t\t\t<span class=\"elementor-button-text\">Contactez-nous<\/span>\n\t\t\t\t\t<\/span>\n\t\t\t\t\t<\/a>\n\t\t\t\t<\/div>\n\t\t\t\t\t\t\t\t<\/div>\n\t\t\t\t<\/div>\n\t\t\t\t\t<\/div>\n\t\t<\/div>\n\t\t\t\t\t<\/div>\n\t\t<\/section>\n\t\t\t\t<\/div>\n\t\t","protected":false},"excerpt":{"rendered":"<p>Capteurs de force Capteurs de force WAT+, un concept innovant pour la mesure de tension du fil \u00e0 la bande. La s\u00e9rie WAT+ est con\u00e7ue sur une architecture modulaire permettant l&rsquo;utilisation d&rsquo;accessoires tels que poulies et rouleaux afin de couvrir de nombreuses applications avec un design unique du corps de capteur. Cette flexibilit\u00e9 offre une [&hellip;]<\/p>\n","protected":false},"author":1,"featured_media":0,"parent":17603,"menu_order":0,"comment_status":"closed","ping_status":"closed","template":"","meta":{"footnotes":""},"class_list":["post-17611","page","type-page","status-publish","hentry"],"yoast_head":"<!-- This site is optimized with the Yoast SEO plugin v27.2 - https:\/\/yoast.com\/product\/yoast-seo-wordpress\/ -->\n<title>Capteurs de force pour entrainement de machines - Redex Group<\/title>\n<meta name=\"description\" content=\"D\u00e9couvrez la fiabilit\u00e9 des capteurs de force gr\u00e2ce \u00e0 notre expertise dans l&#039;entra\u00eenement de machines pour l&#039;industrie.\" \/>\n<meta name=\"robots\" content=\"index, follow, max-snippet:-1, max-image-preview:large, max-video-preview:-1\" \/>\n<link rel=\"canonical\" href=\"https:\/\/www.redex-group.com\/fr\/entrainements-pour-machines\/produits\/capteurs-de-force\/\" \/>\n<meta property=\"og:locale\" content=\"fr_FR\" \/>\n<meta property=\"og:type\" content=\"article\" \/>\n<meta property=\"og:title\" content=\"Capteurs de force pour entrainement de machines - Redex Group\" \/>\n<meta property=\"og:description\" content=\"D\u00e9couvrez la fiabilit\u00e9 des capteurs de force gr\u00e2ce \u00e0 notre expertise dans l&#039;entra\u00eenement de machines pour l&#039;industrie.\" \/>\n<meta property=\"og:url\" content=\"https:\/\/www.redex-group.com\/fr\/entrainements-pour-machines\/produits\/capteurs-de-force\/\" \/>\n<meta property=\"og:site_name\" content=\"Redex Group\" \/>\n<meta property=\"article:modified_time\" content=\"2023-10-04T10:10:52+00:00\" \/>\n<meta property=\"og:image\" content=\"https:\/\/www.redex-group.com\/wp-content\/uploads\/2022\/04\/WAT.jpg\" \/>\n<meta name=\"twitter:card\" content=\"summary_large_image\" \/>\n<meta name=\"twitter:label1\" content=\"Dur\u00e9e de lecture estim\u00e9e\" \/>\n\t<meta name=\"twitter:data1\" content=\"1 minute\" \/>\n<script type=\"application\/ld+json\" class=\"yoast-schema-graph\">{\"@context\":\"https:\/\/schema.org\",\"@graph\":[{\"@type\":\"WebPage\",\"@id\":\"https:\/\/www.redex-group.com\/fr\/entrainements-pour-machines\/produits\/capteurs-de-force\/\",\"url\":\"https:\/\/www.redex-group.com\/fr\/entrainements-pour-machines\/produits\/capteurs-de-force\/\",\"name\":\"Capteurs de force pour entrainement de machines - Redex Group\",\"isPartOf\":{\"@id\":\"https:\/\/www.redex-group.com\/fr\/#website\"},\"primaryImageOfPage\":{\"@id\":\"https:\/\/www.redex-group.com\/fr\/entrainements-pour-machines\/produits\/capteurs-de-force\/#primaryimage\"},\"image\":{\"@id\":\"https:\/\/www.redex-group.com\/fr\/entrainements-pour-machines\/produits\/capteurs-de-force\/#primaryimage\"},\"thumbnailUrl\":\"https:\/\/www.redex-group.com\/wp-content\/uploads\/2022\/04\/WAT.jpg\",\"datePublished\":\"2022-02-24T08:08:56+00:00\",\"dateModified\":\"2023-10-04T10:10:52+00:00\",\"description\":\"D\u00e9couvrez la fiabilit\u00e9 des capteurs de force gr\u00e2ce \u00e0 notre expertise dans l'entra\u00eenement de machines pour l'industrie.\",\"breadcrumb\":{\"@id\":\"https:\/\/www.redex-group.com\/fr\/entrainements-pour-machines\/produits\/capteurs-de-force\/#breadcrumb\"},\"inLanguage\":\"fr-FR\",\"potentialAction\":[{\"@type\":\"ReadAction\",\"target\":[\"https:\/\/www.redex-group.com\/fr\/entrainements-pour-machines\/produits\/capteurs-de-force\/\"]}]},{\"@type\":\"ImageObject\",\"inLanguage\":\"fr-FR\",\"@id\":\"https:\/\/www.redex-group.com\/fr\/entrainements-pour-machines\/produits\/capteurs-de-force\/#primaryimage\",\"url\":\"https:\/\/www.redex-group.com\/wp-content\/uploads\/2022\/04\/WAT.jpg\",\"contentUrl\":\"https:\/\/www.redex-group.com\/wp-content\/uploads\/2022\/04\/WAT.jpg\"},{\"@type\":\"BreadcrumbList\",\"@id\":\"https:\/\/www.redex-group.com\/fr\/entrainements-pour-machines\/produits\/capteurs-de-force\/#breadcrumb\",\"itemListElement\":[{\"@type\":\"ListItem\",\"position\":1,\"name\":\"Accueil\",\"item\":\"https:\/\/www.redex-group.com\/fr\/\"},{\"@type\":\"ListItem\",\"position\":2,\"name\":\"Entrainements pour Machines\",\"item\":\"https:\/\/www.redex-group.com\/fr\/machine-drives\/\"},{\"@type\":\"ListItem\",\"position\":3,\"name\":\"Produits\",\"item\":\"https:\/\/www.redex-group.com\/fr\/machine-drives\/products\/\"},{\"@type\":\"ListItem\",\"position\":4,\"name\":\"Capteurs de force\"}]},{\"@type\":\"WebSite\",\"@id\":\"https:\/\/www.redex-group.com\/fr\/#website\",\"url\":\"https:\/\/www.redex-group.com\/fr\/\",\"name\":\"Redex Group\",\"description\":\"Great achievements start with us\",\"publisher\":{\"@id\":\"https:\/\/www.redex-group.com\/fr\/#organization\"},\"potentialAction\":[{\"@type\":\"SearchAction\",\"target\":{\"@type\":\"EntryPoint\",\"urlTemplate\":\"https:\/\/www.redex-group.com\/fr\/?s={search_term_string}\"},\"query-input\":{\"@type\":\"PropertyValueSpecification\",\"valueRequired\":true,\"valueName\":\"search_term_string\"}}],\"inLanguage\":\"fr-FR\"},{\"@type\":\"Organization\",\"@id\":\"https:\/\/www.redex-group.com\/fr\/#organization\",\"name\":\"REDEX Group\",\"url\":\"https:\/\/www.redex-group.com\/fr\/\",\"logo\":{\"@type\":\"ImageObject\",\"inLanguage\":\"fr-FR\",\"@id\":\"https:\/\/www.redex-group.com\/fr\/#\/schema\/logo\/image\/\",\"url\":\"https:\/\/www.redex-group.com\/wp-content\/uploads\/2021\/09\/Logo-REDEX-Group-orange.png\",\"contentUrl\":\"https:\/\/www.redex-group.com\/wp-content\/uploads\/2021\/09\/Logo-REDEX-Group-orange.png\",\"width\":400,\"height\":107,\"caption\":\"REDEX Group\"},\"image\":{\"@id\":\"https:\/\/www.redex-group.com\/fr\/#\/schema\/logo\/image\/\"}}]}<\/script>\n<!-- \/ Yoast SEO plugin. -->","yoast_head_json":{"title":"Capteurs de force pour entrainement de machines - Redex Group","description":"D\u00e9couvrez la fiabilit\u00e9 des capteurs de force gr\u00e2ce \u00e0 notre expertise dans l'entra\u00eenement de machines pour l'industrie.","robots":{"index":"index","follow":"follow","max-snippet":"max-snippet:-1","max-image-preview":"max-image-preview:large","max-video-preview":"max-video-preview:-1"},"canonical":"https:\/\/www.redex-group.com\/fr\/entrainements-pour-machines\/produits\/capteurs-de-force\/","og_locale":"fr_FR","og_type":"article","og_title":"Capteurs de force pour entrainement de machines - Redex Group","og_description":"D\u00e9couvrez la fiabilit\u00e9 des capteurs de force gr\u00e2ce \u00e0 notre expertise dans l'entra\u00eenement de machines pour l'industrie.","og_url":"https:\/\/www.redex-group.com\/fr\/entrainements-pour-machines\/produits\/capteurs-de-force\/","og_site_name":"Redex Group","article_modified_time":"2023-10-04T10:10:52+00:00","og_image":[{"url":"https:\/\/www.redex-group.com\/wp-content\/uploads\/2022\/04\/WAT.jpg","type":"","width":"","height":""}],"twitter_card":"summary_large_image","twitter_misc":{"Dur\u00e9e de lecture estim\u00e9e":"1 minute"},"schema":{"@context":"https:\/\/schema.org","@graph":[{"@type":"WebPage","@id":"https:\/\/www.redex-group.com\/fr\/entrainements-pour-machines\/produits\/capteurs-de-force\/","url":"https:\/\/www.redex-group.com\/fr\/entrainements-pour-machines\/produits\/capteurs-de-force\/","name":"Capteurs de force pour entrainement de machines - Redex Group","isPartOf":{"@id":"https:\/\/www.redex-group.com\/fr\/#website"},"primaryImageOfPage":{"@id":"https:\/\/www.redex-group.com\/fr\/entrainements-pour-machines\/produits\/capteurs-de-force\/#primaryimage"},"image":{"@id":"https:\/\/www.redex-group.com\/fr\/entrainements-pour-machines\/produits\/capteurs-de-force\/#primaryimage"},"thumbnailUrl":"https:\/\/www.redex-group.com\/wp-content\/uploads\/2022\/04\/WAT.jpg","datePublished":"2022-02-24T08:08:56+00:00","dateModified":"2023-10-04T10:10:52+00:00","description":"D\u00e9couvrez la fiabilit\u00e9 des capteurs de force gr\u00e2ce \u00e0 notre expertise dans l'entra\u00eenement de machines pour l'industrie.","breadcrumb":{"@id":"https:\/\/www.redex-group.com\/fr\/entrainements-pour-machines\/produits\/capteurs-de-force\/#breadcrumb"},"inLanguage":"fr-FR","potentialAction":[{"@type":"ReadAction","target":["https:\/\/www.redex-group.com\/fr\/entrainements-pour-machines\/produits\/capteurs-de-force\/"]}]},{"@type":"ImageObject","inLanguage":"fr-FR","@id":"https:\/\/www.redex-group.com\/fr\/entrainements-pour-machines\/produits\/capteurs-de-force\/#primaryimage","url":"https:\/\/www.redex-group.com\/wp-content\/uploads\/2022\/04\/WAT.jpg","contentUrl":"https:\/\/www.redex-group.com\/wp-content\/uploads\/2022\/04\/WAT.jpg"},{"@type":"BreadcrumbList","@id":"https:\/\/www.redex-group.com\/fr\/entrainements-pour-machines\/produits\/capteurs-de-force\/#breadcrumb","itemListElement":[{"@type":"ListItem","position":1,"name":"Accueil","item":"https:\/\/www.redex-group.com\/fr\/"},{"@type":"ListItem","position":2,"name":"Entrainements pour Machines","item":"https:\/\/www.redex-group.com\/fr\/machine-drives\/"},{"@type":"ListItem","position":3,"name":"Produits","item":"https:\/\/www.redex-group.com\/fr\/machine-drives\/products\/"},{"@type":"ListItem","position":4,"name":"Capteurs de force"}]},{"@type":"WebSite","@id":"https:\/\/www.redex-group.com\/fr\/#website","url":"https:\/\/www.redex-group.com\/fr\/","name":"Redex Group","description":"Great achievements start with us","publisher":{"@id":"https:\/\/www.redex-group.com\/fr\/#organization"},"potentialAction":[{"@type":"SearchAction","target":{"@type":"EntryPoint","urlTemplate":"https:\/\/www.redex-group.com\/fr\/?s={search_term_string}"},"query-input":{"@type":"PropertyValueSpecification","valueRequired":true,"valueName":"search_term_string"}}],"inLanguage":"fr-FR"},{"@type":"Organization","@id":"https:\/\/www.redex-group.com\/fr\/#organization","name":"REDEX Group","url":"https:\/\/www.redex-group.com\/fr\/","logo":{"@type":"ImageObject","inLanguage":"fr-FR","@id":"https:\/\/www.redex-group.com\/fr\/#\/schema\/logo\/image\/","url":"https:\/\/www.redex-group.com\/wp-content\/uploads\/2021\/09\/Logo-REDEX-Group-orange.png","contentUrl":"https:\/\/www.redex-group.com\/wp-content\/uploads\/2021\/09\/Logo-REDEX-Group-orange.png","width":400,"height":107,"caption":"REDEX Group"},"image":{"@id":"https:\/\/www.redex-group.com\/fr\/#\/schema\/logo\/image\/"}}]}},"_links":{"self":[{"href":"https:\/\/www.redex-group.com\/fr\/wp-json\/wp\/v2\/pages\/17611","targetHints":{"allow":["GET"]}}],"collection":[{"href":"https:\/\/www.redex-group.com\/fr\/wp-json\/wp\/v2\/pages"}],"about":[{"href":"https:\/\/www.redex-group.com\/fr\/wp-json\/wp\/v2\/types\/page"}],"author":[{"embeddable":true,"href":"https:\/\/www.redex-group.com\/fr\/wp-json\/wp\/v2\/users\/1"}],"replies":[{"embeddable":true,"href":"https:\/\/www.redex-group.com\/fr\/wp-json\/wp\/v2\/comments?post=17611"}],"version-history":[{"count":5,"href":"https:\/\/www.redex-group.com\/fr\/wp-json\/wp\/v2\/pages\/17611\/revisions"}],"predecessor-version":[{"id":20774,"href":"https:\/\/www.redex-group.com\/fr\/wp-json\/wp\/v2\/pages\/17611\/revisions\/20774"}],"up":[{"embeddable":true,"href":"https:\/\/www.redex-group.com\/fr\/wp-json\/wp\/v2\/pages\/17603"}],"wp:attachment":[{"href":"https:\/\/www.redex-group.com\/fr\/wp-json\/wp\/v2\/media?parent=17611"}],"curies":[{"name":"wp","href":"https:\/\/api.w.org\/{rel}","templated":true}]}}