{"id":16942,"date":"2022-02-24T09:23:39","date_gmt":"2022-02-24T08:23:39","guid":{"rendered":"https:\/\/www.redex-group.com\/laminoirs-de-precision\/technologie\/multi-stand-mills\/"},"modified":"2023-04-20T11:02:48","modified_gmt":"2023-04-20T09:02:48","slug":"laminoirs-multi-cages","status":"publish","type":"page","link":"https:\/\/www.redex-group.com\/fr\/laminoirs-de-precision\/technologie\/laminoirs-multi-cages\/","title":{"rendered":"Laminoirs multi-cages"},"content":{"rendered":"\t\t<div data-elementor-type=\"wp-page\" data-elementor-id=\"16942\" class=\"elementor elementor-16942 elementor-2529\" data-elementor-post-type=\"page\">\n\t\t\t\t\t\t<section class=\"elementor-section elementor-top-section elementor-element elementor-element-67cbf52 elementor-section-height-min-height elementor-section-boxed elementor-section-height-default elementor-section-items-middle\" data-id=\"67cbf52\" data-element_type=\"section\" data-e-type=\"section\" data-settings=\"{&quot;background_background&quot;:&quot;classic&quot;,&quot;jet_parallax_layout_list&quot;:[]}\">\n\t\t\t\t\t\t\t<div class=\"elementor-background-overlay\"><\/div>\n\t\t\t\t\t\t\t<div class=\"elementor-container elementor-column-gap-default\">\n\t\t\t\t\t<div class=\"elementor-column elementor-col-50 elementor-top-column elementor-element elementor-element-5206816\" data-id=\"5206816\" data-element_type=\"column\" data-e-type=\"column\">\n\t\t\t<div class=\"elementor-widget-wrap elementor-element-populated\">\n\t\t\t\t\t\t<div class=\"elementor-element elementor-element-7d3eae9 elementor-widget elementor-widget-heading\" data-id=\"7d3eae9\" data-element_type=\"widget\" data-e-type=\"widget\" data-widget_type=\"heading.default\">\n\t\t\t\t<div class=\"elementor-widget-container\">\n\t\t\t\t\t<h1 class=\"elementor-heading-title elementor-size-default\">Laminoirs multi-cages<\/h1>\t\t\t\t<\/div>\n\t\t\t\t<\/div>\n\t\t\t\t\t<\/div>\n\t\t<\/div>\n\t\t\t\t<div class=\"elementor-column elementor-col-50 elementor-top-column elementor-element elementor-element-8a177f4\" data-id=\"8a177f4\" data-element_type=\"column\" data-e-type=\"column\">\n\t\t\t<div class=\"elementor-widget-wrap\">\n\t\t\t\t\t\t\t<\/div>\n\t\t<\/div>\n\t\t\t\t\t<\/div>\n\t\t<\/section>\n\t\t\t\t<section class=\"elementor-section elementor-top-section elementor-element elementor-element-4c09838 elementor-section-boxed elementor-section-height-default elementor-section-height-default\" data-id=\"4c09838\" data-element_type=\"section\" data-e-type=\"section\" data-settings=\"{&quot;jet_parallax_layout_list&quot;:[]}\">\n\t\t\t\t\t\t<div class=\"elementor-container elementor-column-gap-default\">\n\t\t\t\t\t<div class=\"elementor-column elementor-col-100 elementor-top-column elementor-element elementor-element-005a2e9\" data-id=\"005a2e9\" data-element_type=\"column\" data-e-type=\"column\" data-settings=\"{&quot;background_background&quot;:&quot;classic&quot;}\">\n\t\t\t<div class=\"elementor-widget-wrap elementor-element-populated\">\n\t\t\t\t\t\t<div class=\"elementor-element elementor-element-f46bf37 elementor-widget elementor-widget-breadcrumbs\" data-id=\"f46bf37\" data-element_type=\"widget\" data-e-type=\"widget\" data-widget_type=\"breadcrumbs.default\">\n\t\t\t\t<div class=\"elementor-widget-container\">\n\t\t\t\t\t<p id=\"breadcrumbs\"><span><span><a href=\"https:\/\/www.redex-group.com\/fr\/\">Accueil<\/a><\/span><\/span><\/p>\t\t\t\t<\/div>\n\t\t\t\t<\/div>\n\t\t\t\t\t<\/div>\n\t\t<\/div>\n\t\t\t\t\t<\/div>\n\t\t<\/section>\n\t\t\t\t<section class=\"elementor-section elementor-top-section elementor-element elementor-element-34cf762 elementor-section-boxed elementor-section-height-default elementor-section-height-default\" data-id=\"34cf762\" data-element_type=\"section\" data-e-type=\"section\" data-settings=\"{&quot;jet_parallax_layout_list&quot;:[]}\">\n\t\t\t\t\t\t<div class=\"elementor-container elementor-column-gap-default\">\n\t\t\t\t\t<div class=\"elementor-column elementor-col-100 elementor-top-column elementor-element elementor-element-dfdbd47\" data-id=\"dfdbd47\" data-element_type=\"column\" data-e-type=\"column\">\n\t\t\t<div class=\"elementor-widget-wrap elementor-element-populated\">\n\t\t\t\t\t\t<div class=\"elementor-element elementor-element-b64310b elementor-widget elementor-widget-heading\" data-id=\"b64310b\" data-element_type=\"widget\" data-e-type=\"widget\" data-widget_type=\"heading.default\">\n\t\t\t\t<div class=\"elementor-widget-container\">\n\t\t\t\t\t<h2 class=\"elementor-heading-title elementor-size-default\">Laminoirs multi-cages<\/h2>\t\t\t\t<\/div>\n\t\t\t\t<\/div>\n\t\t\t\t<div class=\"elementor-element elementor-element-4baa0e4 elementor-widget elementor-widget-spacer\" data-id=\"4baa0e4\" data-element_type=\"widget\" data-e-type=\"widget\" data-widget_type=\"spacer.default\">\n\t\t\t\t<div class=\"elementor-widget-container\">\n\t\t\t\t\t\t\t<div class=\"elementor-spacer\">\n\t\t\t<div class=\"elementor-spacer-inner\"><\/div>\n\t\t<\/div>\n\t\t\t\t\t\t<\/div>\n\t\t\t\t<\/div>\n\t\t\t\t<div class=\"elementor-element elementor-element-9d221ec elementor-widget elementor-widget-text-editor\" data-id=\"9d221ec\" data-element_type=\"widget\" data-e-type=\"widget\" data-widget_type=\"text-editor.default\">\n\t\t\t\t<div class=\"elementor-widget-container\">\n\t\t\t\t\t\t\t\t\t<p>Dans le domaine du laminage \u00e0 froid, les produits et les mat\u00e9riaux peuvent \u00eatre fabriqu\u00e9s sur des syst\u00e8mes \u00e0 une ou plusieurs cages. La principale diff\u00e9rence r\u00e9side dans la zone de production et le temps de production.<br \/>Le groupe REDEX propose aussi bien des syst\u00e8mes \u00e0 cage simple que des syst\u00e8mes \u00e0 plusieures cages.<\/p><p>Les dimensions plus grandes d\u2019une installation multi-cages sont compens\u00e9es par les taux de production \u00e9lev\u00e9s de ces machines.<\/p><p>Alors qu\u2019avec un syst\u00e8me mono-r\u00e9glage, le pr\u00e9-mat\u00e9riau doit souvent passer plusieurs fois dans la machine (parfois m\u00eame en marche arri\u00e8re), un syst\u00e8me multi-r\u00e9glages permet g\u00e9n\u00e9ralement de produire les dimensions finales en un seul passage.<\/p><p>En fonction du mat\u00e9riau utilis\u00e9 et de la r\u00e9sistance en question, des fils plats et des fils ronds peuvent \u00eatre produits dans les machines <a href=\"https:\/\/www.redex-group.com\/fr\/prm\/rmw\/\">RMW<\/a> (Rectangular Magnet Wire) ou <a href=\"https:\/\/www.redex-group.com\/fr\/prm\/rm\/\">RM<\/a> (Reduction Mill), bien connues, \u00e0 des vitesses allant jusqu\u2019\u00e0 1200 m\/min.<\/p><p>Ces machines peuvent \u00eatre combin\u00e9es en d\u2019innombrables variantes. Les bons accessoires sont disponibles pour tous les besoins :<\/p><ul><li>Enrouleur<\/li><li>D\u00e9rouleur<\/li><li>\u00c9quipement de mesure<\/li><li>Unit\u00e9s de nettoyage<\/li><li>Brosseuses<\/li><li>Fours\/recuit<\/li><li>Rouleaux danseurs<\/li><li>Technologie de s\u00e9curit\u00e9<\/li><\/ul><p>Bien que les installations de 3 \u00e0 6 cages soient les plus courantes aujourd\u2019hui, le groupe REDEX a \u00e9galement construit des installations comptant jusqu\u2019\u00e0 21 cages au cours de sa longue histoire.<\/p>\t\t\t\t\t\t\t\t<\/div>\n\t\t\t\t<\/div>\n\t\t\t\t<div class=\"elementor-element elementor-element-476c412 elementor-widget elementor-widget-spacer\" data-id=\"476c412\" data-element_type=\"widget\" data-e-type=\"widget\" data-widget_type=\"spacer.default\">\n\t\t\t\t<div class=\"elementor-widget-container\">\n\t\t\t\t\t\t\t<div class=\"elementor-spacer\">\n\t\t\t<div class=\"elementor-spacer-inner\"><\/div>\n\t\t<\/div>\n\t\t\t\t\t\t<\/div>\n\t\t\t\t<\/div>\n\t\t\t\t<div class=\"elementor-element elementor-element-3f868bc elementor-widget elementor-widget-image\" data-id=\"3f868bc\" data-element_type=\"widget\" data-e-type=\"widget\" data-widget_type=\"image.default\">\n\t\t\t\t<div class=\"elementor-widget-container\">\n\t\t\t\t\t\t\t\t\t\t\t\t\t\t\t<img fetchpriority=\"high\" decoding=\"async\" width=\"800\" height=\"534\" src=\"https:\/\/www.redex-group.com\/wp-content\/uploads\/2022\/04\/Multi-stand-mill-REDEXGROUP-1024x683.jpg\" class=\"attachment-large size-large wp-image-12532\" alt=\"\" srcset=\"https:\/\/www.redex-group.com\/wp-content\/uploads\/2022\/04\/Multi-stand-mill-REDEXGROUP-1024x683.jpg 1024w, https:\/\/www.redex-group.com\/wp-content\/uploads\/2022\/04\/Multi-stand-mill-REDEXGROUP-300x200.jpg 300w, https:\/\/www.redex-group.com\/wp-content\/uploads\/2022\/04\/Multi-stand-mill-REDEXGROUP-768x512.jpg 768w, https:\/\/www.redex-group.com\/wp-content\/uploads\/2022\/04\/Multi-stand-mill-REDEXGROUP-1536x1024.jpg 1536w, https:\/\/www.redex-group.com\/wp-content\/uploads\/2022\/04\/Multi-stand-mill-REDEXGROUP.jpg 1900w\" sizes=\"(max-width: 800px) 100vw, 800px\" \/>\t\t\t\t\t\t\t\t\t\t\t\t\t\t\t<\/div>\n\t\t\t\t<\/div>\n\t\t\t\t\t<\/div>\n\t\t<\/div>\n\t\t\t\t\t<\/div>\n\t\t<\/section>\n\t\t\t\t<section class=\"elementor-section elementor-top-section elementor-element elementor-element-cd12e39 elementor-section-boxed elementor-section-height-default elementor-section-height-default\" data-id=\"cd12e39\" data-element_type=\"section\" data-e-type=\"section\" data-settings=\"{&quot;jet_parallax_layout_list&quot;:[]}\">\n\t\t\t\t\t\t<div class=\"elementor-container elementor-column-gap-default\">\n\t\t\t\t\t<div class=\"elementor-column elementor-col-100 elementor-top-column elementor-element elementor-element-a10c7ea\" data-id=\"a10c7ea\" data-element_type=\"column\" data-e-type=\"column\">\n\t\t\t<div class=\"elementor-widget-wrap elementor-element-populated\">\n\t\t\t\t\t\t<div class=\"elementor-element elementor-element-41f3ee5 elementor-widget-divider--view-line elementor-widget elementor-widget-divider\" data-id=\"41f3ee5\" data-element_type=\"widget\" data-e-type=\"widget\" data-widget_type=\"divider.default\">\n\t\t\t\t<div class=\"elementor-widget-container\">\n\t\t\t\t\t\t\t<div class=\"elementor-divider\">\n\t\t\t<span class=\"elementor-divider-separator\">\n\t\t\t\t\t\t<\/span>\n\t\t<\/div>\n\t\t\t\t\t\t<\/div>\n\t\t\t\t<\/div>\n\t\t\t\t\t<\/div>\n\t\t<\/div>\n\t\t\t\t\t<\/div>\n\t\t<\/section>\n\t\t\t\t<section class=\"elementor-section elementor-top-section elementor-element elementor-element-c13ee6c elementor-section-boxed elementor-section-height-default elementor-section-height-default\" data-id=\"c13ee6c\" data-element_type=\"section\" data-e-type=\"section\" data-settings=\"{&quot;jet_parallax_layout_list&quot;:[]}\">\n\t\t\t\t\t\t<div class=\"elementor-container elementor-column-gap-default\">\n\t\t\t\t\t<div class=\"elementor-column elementor-col-100 elementor-top-column elementor-element elementor-element-e688e18\" data-id=\"e688e18\" data-element_type=\"column\" data-e-type=\"column\">\n\t\t\t<div class=\"elementor-widget-wrap elementor-element-populated\">\n\t\t\t\t\t\t<div class=\"elementor-element elementor-element-8217926 elementor-widget elementor-widget-jet-posts\" data-id=\"8217926\" data-element_type=\"widget\" data-e-type=\"widget\" data-settings=\"{&quot;columns&quot;:&quot;4&quot;,&quot;columns_mobile&quot;:&quot;2&quot;,&quot;slides_to_scroll&quot;:&quot;1&quot;}\" data-widget_type=\"jet-posts.default\">\n\t\t\t\t<div class=\"elementor-widget-container\">\n\t\t\t\t\t<div class=\"elementor-jet-posts jet-elements\"><div class=\"jet-posts col-row  jet-equal-cols\"><div class=\"jet-posts__item\">\n\t<div class=\"jet-posts__inner-box\"><div class=\"post-thumbnail\"><a href=\"https:\/\/www.redex-group.com\/fr\/prm\/ffw-single-multi-stand\/\" class=\"post-thumbnail__link\"><img loading=\"lazy\" decoding=\"async\" class=\"post-thumbnail__img wp-post-image\" src=\"https:\/\/www.redex-group.com\/wp-content\/uploads\/2022\/04\/FFW-PRM.jpg\" alt=\"FFW\" loading=\"lazy\" width=\"1042\" height=\"1042\"><\/a><\/div><div class=\"jet-posts__inner-content\"><h4 class=\"entry-title\"><a href=\"https:\/\/www.redex-group.com\/fr\/prm\/ffw-single-multi-stand\/\" target=\"\">FFW<\/a><\/h4><\/div><\/div>\n<\/div>\n<div class=\"jet-posts__item\">\n\t<div class=\"jet-posts__inner-box\"><div class=\"post-thumbnail\"><a href=\"https:\/\/www.redex-group.com\/fr\/prm\/rm\/\" class=\"post-thumbnail__link\"><img loading=\"lazy\" decoding=\"async\" class=\"post-thumbnail__img wp-post-image\" src=\"https:\/\/www.redex-group.com\/wp-content\/uploads\/2022\/04\/RM-PRM.jpg\" alt=\"RM\" loading=\"lazy\" width=\"1042\" height=\"1042\"><\/a><\/div><div class=\"jet-posts__inner-content\"><h4 class=\"entry-title\"><a href=\"https:\/\/www.redex-group.com\/fr\/prm\/rm\/\" target=\"\">RM<\/a><\/h4><\/div><\/div>\n<\/div>\n<div class=\"jet-posts__item\">\n\t<div class=\"jet-posts__inner-box\"><div class=\"post-thumbnail\"><a href=\"https:\/\/www.redex-group.com\/fr\/prm\/rmw\/\" class=\"post-thumbnail__link\"><img loading=\"lazy\" decoding=\"async\" class=\"post-thumbnail__img wp-post-image\" src=\"https:\/\/www.redex-group.com\/wp-content\/uploads\/2022\/04\/RMW-PRM.jpg\" alt=\"RMW\" loading=\"lazy\" width=\"1042\" height=\"1042\"><\/a><\/div><div class=\"jet-posts__inner-content\"><h4 class=\"entry-title\"><a href=\"https:\/\/www.redex-group.com\/fr\/prm\/rmw\/\" target=\"\">RMW<\/a><\/h4><\/div><\/div>\n<\/div>\n<\/div>\n<\/div>\t\t\t\t<\/div>\n\t\t\t\t<\/div>\n\t\t\t\t\t<\/div>\n\t\t<\/div>\n\t\t\t\t\t<\/div>\n\t\t<\/section>\n\t\t\t\t<section class=\"elementor-section elementor-top-section elementor-element elementor-element-2dd722e elementor-section-boxed elementor-section-height-default elementor-section-height-default\" data-id=\"2dd722e\" data-element_type=\"section\" data-e-type=\"section\" data-settings=\"{&quot;jet_parallax_layout_list&quot;:[]}\">\n\t\t\t\t\t\t<div class=\"elementor-container elementor-column-gap-default\">\n\t\t\t\t\t<div class=\"elementor-column elementor-col-100 elementor-top-column elementor-element elementor-element-8bf9b98\" data-id=\"8bf9b98\" data-element_type=\"column\" data-e-type=\"column\">\n\t\t\t<div class=\"elementor-widget-wrap elementor-element-populated\">\n\t\t\t\t\t\t<div class=\"elementor-element elementor-element-fa1bf4b elementor-widget-divider--view-line elementor-widget elementor-widget-divider\" data-id=\"fa1bf4b\" data-element_type=\"widget\" data-e-type=\"widget\" data-widget_type=\"divider.default\">\n\t\t\t\t<div class=\"elementor-widget-container\">\n\t\t\t\t\t\t\t<div class=\"elementor-divider\">\n\t\t\t<span class=\"elementor-divider-separator\">\n\t\t\t\t\t\t<\/span>\n\t\t<\/div>\n\t\t\t\t\t\t<\/div>\n\t\t\t\t<\/div>\n\t\t\t\t<div class=\"elementor-element elementor-element-4d7d958 elementor-align-center elementor-mobile-align-justify elementor-widget-mobile__width-inherit elementor-widget elementor-widget-button\" data-id=\"4d7d958\" data-element_type=\"widget\" data-e-type=\"widget\" data-widget_type=\"button.default\">\n\t\t\t\t<div class=\"elementor-widget-container\">\n\t\t\t\t\t\t\t\t\t<div class=\"elementor-button-wrapper\">\n\t\t\t\t\t<a class=\"elementor-button elementor-button-link elementor-size-sm elementor-animation-float\" href=\"https:\/\/www.redex-group.com\/fr\/laminoirs-de-precision\/contact-prm\/\">\n\t\t\t\t\t\t<span class=\"elementor-button-content-wrapper\">\n\t\t\t\t\t\t<span class=\"elementor-button-icon\">\n\t\t\t\t<i aria-hidden=\"true\" class=\"fas fa-arrow-right\"><\/i>\t\t\t<\/span>\n\t\t\t\t\t\t\t\t\t<span class=\"elementor-button-text\">Contactez-nous<\/span>\n\t\t\t\t\t<\/span>\n\t\t\t\t\t<\/a>\n\t\t\t\t<\/div>\n\t\t\t\t\t\t\t\t<\/div>\n\t\t\t\t<\/div>\n\t\t\t\t\t<\/div>\n\t\t<\/div>\n\t\t\t\t\t<\/div>\n\t\t<\/section>\n\t\t\t\t<\/div>\n\t\t","protected":false},"excerpt":{"rendered":"<p>Laminoirs multi-cages Laminoirs multi-cages Dans le domaine du laminage \u00e0 froid, les produits et les mat\u00e9riaux peuvent \u00eatre fabriqu\u00e9s sur des syst\u00e8mes \u00e0 une ou plusieurs cages. La principale diff\u00e9rence r\u00e9side dans la zone de production et le temps de production.Le groupe REDEX propose aussi bien des syst\u00e8mes \u00e0 cage simple que des syst\u00e8mes \u00e0 [&hellip;]<\/p>\n","protected":false},"author":1,"featured_media":0,"parent":16887,"menu_order":0,"comment_status":"closed","ping_status":"closed","template":"","meta":{"footnotes":""},"class_list":["post-16942","page","type-page","status-publish","hentry"],"yoast_head":"<!-- This site is optimized with the Yoast SEO plugin v27.4 - https:\/\/yoast.com\/product\/yoast-seo-wordpress\/ -->\n<title>Laminoirs multi-cages - Redex Group<\/title>\n<meta name=\"robots\" content=\"index, follow, max-snippet:-1, max-image-preview:large, max-video-preview:-1\" \/>\n<link rel=\"canonical\" href=\"https:\/\/www.redex-group.com\/fr\/laminoirs-de-precision\/technologie\/laminoirs-multi-cages\/\" \/>\n<meta property=\"og:locale\" content=\"fr_FR\" \/>\n<meta property=\"og:type\" content=\"article\" \/>\n<meta property=\"og:title\" content=\"Laminoirs multi-cages - Redex Group\" \/>\n<meta property=\"og:description\" content=\"Laminoirs multi-cages Laminoirs multi-cages Dans le domaine du laminage \u00e0 froid, les produits et les mat\u00e9riaux peuvent \u00eatre fabriqu\u00e9s sur des syst\u00e8mes \u00e0 une ou plusieurs cages. La principale diff\u00e9rence r\u00e9side dans la zone de production et le temps de production.Le groupe REDEX propose aussi bien des syst\u00e8mes \u00e0 cage simple que des syst\u00e8mes \u00e0 [&hellip;]\" \/>\n<meta property=\"og:url\" content=\"https:\/\/www.redex-group.com\/fr\/laminoirs-de-precision\/technologie\/laminoirs-multi-cages\/\" \/>\n<meta property=\"og:site_name\" content=\"Redex Group\" \/>\n<meta property=\"article:modified_time\" content=\"2023-04-20T09:02:48+00:00\" \/>\n<meta property=\"og:image\" content=\"https:\/\/www.redex-group.com\/wp-content\/uploads\/2022\/04\/Multi-stand-mill-REDEXGROUP-1024x683.jpg\" \/>\n<meta name=\"twitter:card\" content=\"summary_large_image\" \/>\n<meta name=\"twitter:label1\" content=\"Dur\u00e9e de lecture estim\u00e9e\" \/>\n\t<meta name=\"twitter:data1\" content=\"2 minutes\" \/>\n<script type=\"application\/ld+json\" class=\"yoast-schema-graph\">{\"@context\":\"https:\\\/\\\/schema.org\",\"@graph\":[{\"@type\":\"WebPage\",\"@id\":\"https:\\\/\\\/www.redex-group.com\\\/fr\\\/laminoirs-de-precision\\\/technologie\\\/laminoirs-multi-cages\\\/\",\"url\":\"https:\\\/\\\/www.redex-group.com\\\/fr\\\/laminoirs-de-precision\\\/technologie\\\/laminoirs-multi-cages\\\/\",\"name\":\"Laminoirs multi-cages - Redex Group\",\"isPartOf\":{\"@id\":\"https:\\\/\\\/www.redex-group.com\\\/fr\\\/#website\"},\"primaryImageOfPage\":{\"@id\":\"https:\\\/\\\/www.redex-group.com\\\/fr\\\/laminoirs-de-precision\\\/technologie\\\/laminoirs-multi-cages\\\/#primaryimage\"},\"image\":{\"@id\":\"https:\\\/\\\/www.redex-group.com\\\/fr\\\/laminoirs-de-precision\\\/technologie\\\/laminoirs-multi-cages\\\/#primaryimage\"},\"thumbnailUrl\":\"https:\\\/\\\/www.redex-group.com\\\/wp-content\\\/uploads\\\/2022\\\/04\\\/Multi-stand-mill-REDEXGROUP-1024x683.jpg\",\"datePublished\":\"2022-02-24T08:23:39+00:00\",\"dateModified\":\"2023-04-20T09:02:48+00:00\",\"breadcrumb\":{\"@id\":\"https:\\\/\\\/www.redex-group.com\\\/fr\\\/laminoirs-de-precision\\\/technologie\\\/laminoirs-multi-cages\\\/#breadcrumb\"},\"inLanguage\":\"fr-FR\",\"potentialAction\":[{\"@type\":\"ReadAction\",\"target\":[\"https:\\\/\\\/www.redex-group.com\\\/fr\\\/laminoirs-de-precision\\\/technologie\\\/laminoirs-multi-cages\\\/\"]}]},{\"@type\":\"ImageObject\",\"inLanguage\":\"fr-FR\",\"@id\":\"https:\\\/\\\/www.redex-group.com\\\/fr\\\/laminoirs-de-precision\\\/technologie\\\/laminoirs-multi-cages\\\/#primaryimage\",\"url\":\"https:\\\/\\\/www.redex-group.com\\\/wp-content\\\/uploads\\\/2022\\\/04\\\/Multi-stand-mill-REDEXGROUP-1024x683.jpg\",\"contentUrl\":\"https:\\\/\\\/www.redex-group.com\\\/wp-content\\\/uploads\\\/2022\\\/04\\\/Multi-stand-mill-REDEXGROUP-1024x683.jpg\"},{\"@type\":\"BreadcrumbList\",\"@id\":\"https:\\\/\\\/www.redex-group.com\\\/fr\\\/laminoirs-de-precision\\\/technologie\\\/laminoirs-multi-cages\\\/#breadcrumb\",\"itemListElement\":[{\"@type\":\"ListItem\",\"position\":1,\"name\":\"Accueil\",\"item\":\"https:\\\/\\\/www.redex-group.com\\\/fr\\\/\"},{\"@type\":\"ListItem\",\"position\":2,\"name\":\"Laminoirs de pr\u00e9cision\",\"item\":\"https:\\\/\\\/www.redex-group.com\\\/fr\\\/precision-rolling-mills\\\/\"},{\"@type\":\"ListItem\",\"position\":3,\"name\":\"Technologie\",\"item\":\"https:\\\/\\\/www.redex-group.com\\\/fr\\\/precision-rolling-mills\\\/technologies\\\/\"},{\"@type\":\"ListItem\",\"position\":4,\"name\":\"Laminoirs multi-cages\"}]},{\"@type\":\"WebSite\",\"@id\":\"https:\\\/\\\/www.redex-group.com\\\/fr\\\/#website\",\"url\":\"https:\\\/\\\/www.redex-group.com\\\/fr\\\/\",\"name\":\"Redex Group\",\"description\":\"Great achievements start with us\",\"publisher\":{\"@id\":\"https:\\\/\\\/www.redex-group.com\\\/fr\\\/#organization\"},\"potentialAction\":[{\"@type\":\"SearchAction\",\"target\":{\"@type\":\"EntryPoint\",\"urlTemplate\":\"https:\\\/\\\/www.redex-group.com\\\/fr\\\/?s={search_term_string}\"},\"query-input\":{\"@type\":\"PropertyValueSpecification\",\"valueRequired\":true,\"valueName\":\"search_term_string\"}}],\"inLanguage\":\"fr-FR\"},{\"@type\":\"Organization\",\"@id\":\"https:\\\/\\\/www.redex-group.com\\\/fr\\\/#organization\",\"name\":\"REDEX Group\",\"url\":\"https:\\\/\\\/www.redex-group.com\\\/fr\\\/\",\"logo\":{\"@type\":\"ImageObject\",\"inLanguage\":\"fr-FR\",\"@id\":\"https:\\\/\\\/www.redex-group.com\\\/fr\\\/#\\\/schema\\\/logo\\\/image\\\/\",\"url\":\"https:\\\/\\\/www.redex-group.com\\\/wp-content\\\/uploads\\\/2021\\\/09\\\/Logo-REDEX-Group-orange.png\",\"contentUrl\":\"https:\\\/\\\/www.redex-group.com\\\/wp-content\\\/uploads\\\/2021\\\/09\\\/Logo-REDEX-Group-orange.png\",\"width\":400,\"height\":107,\"caption\":\"REDEX Group\"},\"image\":{\"@id\":\"https:\\\/\\\/www.redex-group.com\\\/fr\\\/#\\\/schema\\\/logo\\\/image\\\/\"}}]}<\/script>\n<!-- \/ Yoast SEO plugin. -->","yoast_head_json":{"title":"Laminoirs multi-cages - Redex Group","robots":{"index":"index","follow":"follow","max-snippet":"max-snippet:-1","max-image-preview":"max-image-preview:large","max-video-preview":"max-video-preview:-1"},"canonical":"https:\/\/www.redex-group.com\/fr\/laminoirs-de-precision\/technologie\/laminoirs-multi-cages\/","og_locale":"fr_FR","og_type":"article","og_title":"Laminoirs multi-cages - Redex Group","og_description":"Laminoirs multi-cages Laminoirs multi-cages Dans le domaine du laminage \u00e0 froid, les produits et les mat\u00e9riaux peuvent \u00eatre fabriqu\u00e9s sur des syst\u00e8mes \u00e0 une ou plusieurs cages. La principale diff\u00e9rence r\u00e9side dans la zone de production et le temps de production.Le groupe REDEX propose aussi bien des syst\u00e8mes \u00e0 cage simple que des syst\u00e8mes \u00e0 [&hellip;]","og_url":"https:\/\/www.redex-group.com\/fr\/laminoirs-de-precision\/technologie\/laminoirs-multi-cages\/","og_site_name":"Redex Group","article_modified_time":"2023-04-20T09:02:48+00:00","og_image":[{"url":"https:\/\/www.redex-group.com\/wp-content\/uploads\/2022\/04\/Multi-stand-mill-REDEXGROUP-1024x683.jpg","type":"","width":"","height":""}],"twitter_card":"summary_large_image","twitter_misc":{"Dur\u00e9e de lecture estim\u00e9e":"2 minutes"},"schema":{"@context":"https:\/\/schema.org","@graph":[{"@type":"WebPage","@id":"https:\/\/www.redex-group.com\/fr\/laminoirs-de-precision\/technologie\/laminoirs-multi-cages\/","url":"https:\/\/www.redex-group.com\/fr\/laminoirs-de-precision\/technologie\/laminoirs-multi-cages\/","name":"Laminoirs multi-cages - Redex Group","isPartOf":{"@id":"https:\/\/www.redex-group.com\/fr\/#website"},"primaryImageOfPage":{"@id":"https:\/\/www.redex-group.com\/fr\/laminoirs-de-precision\/technologie\/laminoirs-multi-cages\/#primaryimage"},"image":{"@id":"https:\/\/www.redex-group.com\/fr\/laminoirs-de-precision\/technologie\/laminoirs-multi-cages\/#primaryimage"},"thumbnailUrl":"https:\/\/www.redex-group.com\/wp-content\/uploads\/2022\/04\/Multi-stand-mill-REDEXGROUP-1024x683.jpg","datePublished":"2022-02-24T08:23:39+00:00","dateModified":"2023-04-20T09:02:48+00:00","breadcrumb":{"@id":"https:\/\/www.redex-group.com\/fr\/laminoirs-de-precision\/technologie\/laminoirs-multi-cages\/#breadcrumb"},"inLanguage":"fr-FR","potentialAction":[{"@type":"ReadAction","target":["https:\/\/www.redex-group.com\/fr\/laminoirs-de-precision\/technologie\/laminoirs-multi-cages\/"]}]},{"@type":"ImageObject","inLanguage":"fr-FR","@id":"https:\/\/www.redex-group.com\/fr\/laminoirs-de-precision\/technologie\/laminoirs-multi-cages\/#primaryimage","url":"https:\/\/www.redex-group.com\/wp-content\/uploads\/2022\/04\/Multi-stand-mill-REDEXGROUP-1024x683.jpg","contentUrl":"https:\/\/www.redex-group.com\/wp-content\/uploads\/2022\/04\/Multi-stand-mill-REDEXGROUP-1024x683.jpg"},{"@type":"BreadcrumbList","@id":"https:\/\/www.redex-group.com\/fr\/laminoirs-de-precision\/technologie\/laminoirs-multi-cages\/#breadcrumb","itemListElement":[{"@type":"ListItem","position":1,"name":"Accueil","item":"https:\/\/www.redex-group.com\/fr\/"},{"@type":"ListItem","position":2,"name":"Laminoirs de pr\u00e9cision","item":"https:\/\/www.redex-group.com\/fr\/precision-rolling-mills\/"},{"@type":"ListItem","position":3,"name":"Technologie","item":"https:\/\/www.redex-group.com\/fr\/precision-rolling-mills\/technologies\/"},{"@type":"ListItem","position":4,"name":"Laminoirs multi-cages"}]},{"@type":"WebSite","@id":"https:\/\/www.redex-group.com\/fr\/#website","url":"https:\/\/www.redex-group.com\/fr\/","name":"Redex Group","description":"Great achievements start with us","publisher":{"@id":"https:\/\/www.redex-group.com\/fr\/#organization"},"potentialAction":[{"@type":"SearchAction","target":{"@type":"EntryPoint","urlTemplate":"https:\/\/www.redex-group.com\/fr\/?s={search_term_string}"},"query-input":{"@type":"PropertyValueSpecification","valueRequired":true,"valueName":"search_term_string"}}],"inLanguage":"fr-FR"},{"@type":"Organization","@id":"https:\/\/www.redex-group.com\/fr\/#organization","name":"REDEX Group","url":"https:\/\/www.redex-group.com\/fr\/","logo":{"@type":"ImageObject","inLanguage":"fr-FR","@id":"https:\/\/www.redex-group.com\/fr\/#\/schema\/logo\/image\/","url":"https:\/\/www.redex-group.com\/wp-content\/uploads\/2021\/09\/Logo-REDEX-Group-orange.png","contentUrl":"https:\/\/www.redex-group.com\/wp-content\/uploads\/2021\/09\/Logo-REDEX-Group-orange.png","width":400,"height":107,"caption":"REDEX Group"},"image":{"@id":"https:\/\/www.redex-group.com\/fr\/#\/schema\/logo\/image\/"}}]}},"_links":{"self":[{"href":"https:\/\/www.redex-group.com\/fr\/wp-json\/wp\/v2\/pages\/16942","targetHints":{"allow":["GET"]}}],"collection":[{"href":"https:\/\/www.redex-group.com\/fr\/wp-json\/wp\/v2\/pages"}],"about":[{"href":"https:\/\/www.redex-group.com\/fr\/wp-json\/wp\/v2\/types\/page"}],"author":[{"embeddable":true,"href":"https:\/\/www.redex-group.com\/fr\/wp-json\/wp\/v2\/users\/1"}],"replies":[{"embeddable":true,"href":"https:\/\/www.redex-group.com\/fr\/wp-json\/wp\/v2\/comments?post=16942"}],"version-history":[{"count":10,"href":"https:\/\/www.redex-group.com\/fr\/wp-json\/wp\/v2\/pages\/16942\/revisions"}],"predecessor-version":[{"id":17107,"href":"https:\/\/www.redex-group.com\/fr\/wp-json\/wp\/v2\/pages\/16942\/revisions\/17107"}],"up":[{"embeddable":true,"href":"https:\/\/www.redex-group.com\/fr\/wp-json\/wp\/v2\/pages\/16887"}],"wp:attachment":[{"href":"https:\/\/www.redex-group.com\/fr\/wp-json\/wp\/v2\/media?parent=16942"}],"curies":[{"name":"wp","href":"https:\/\/api.w.org\/{rel}","templated":true}]}}