{"id":16824,"date":"2022-01-31T12:14:16","date_gmt":"2022-01-31T11:14:16","guid":{"rendered":"https:\/\/www.redex-group.com\/laminoirs-de-precision\/service-client-laminoirs-de-precision\/spare-wear-parts\/"},"modified":"2023-04-20T11:00:27","modified_gmt":"2023-04-20T09:00:27","slug":"pieces-de-rechange-dusure","status":"publish","type":"page","link":"https:\/\/www.redex-group.com\/fr\/laminoirs-de-precision\/service-client-laminoirs-de-precision\/pieces-de-rechange-dusure\/","title":{"rendered":"Pi\u00e8ces de rechange &amp; d&rsquo;usure"},"content":{"rendered":"\t\t<div data-elementor-type=\"wp-page\" data-elementor-id=\"16824\" class=\"elementor elementor-16824 elementor-1539\" data-elementor-post-type=\"page\">\n\t\t\t\t\t\t<section class=\"elementor-section elementor-top-section elementor-element elementor-element-8e1012b elementor-section-height-min-height elementor-section-boxed elementor-section-height-default elementor-section-items-middle\" data-id=\"8e1012b\" data-element_type=\"section\" data-e-type=\"section\" data-settings=\"{&quot;background_background&quot;:&quot;classic&quot;,&quot;jet_parallax_layout_list&quot;:[]}\">\n\t\t\t\t\t\t\t<div class=\"elementor-background-overlay\"><\/div>\n\t\t\t\t\t\t\t<div class=\"elementor-container elementor-column-gap-default\">\n\t\t\t\t\t<div class=\"elementor-column elementor-col-50 elementor-top-column elementor-element elementor-element-4277386\" data-id=\"4277386\" data-element_type=\"column\" data-e-type=\"column\">\n\t\t\t<div class=\"elementor-widget-wrap elementor-element-populated\">\n\t\t\t\t\t\t<div class=\"elementor-element elementor-element-bff4642 elementor-widget elementor-widget-heading\" data-id=\"bff4642\" data-element_type=\"widget\" data-e-type=\"widget\" data-widget_type=\"heading.default\">\n\t\t\t\t<div class=\"elementor-widget-container\">\n\t\t\t\t\t<h1 class=\"elementor-heading-title elementor-size-default\">Pi\u00e8ces de rechange &amp; d'usure<\/h1>\t\t\t\t<\/div>\n\t\t\t\t<\/div>\n\t\t\t\t\t<\/div>\n\t\t<\/div>\n\t\t\t\t<div class=\"elementor-column elementor-col-50 elementor-top-column elementor-element elementor-element-d9e7f6b\" data-id=\"d9e7f6b\" data-element_type=\"column\" data-e-type=\"column\">\n\t\t\t<div class=\"elementor-widget-wrap\">\n\t\t\t\t\t\t\t<\/div>\n\t\t<\/div>\n\t\t\t\t\t<\/div>\n\t\t<\/section>\n\t\t\t\t<section class=\"elementor-section elementor-top-section elementor-element elementor-element-80ac27a elementor-section-boxed elementor-section-height-default elementor-section-height-default\" data-id=\"80ac27a\" data-element_type=\"section\" data-e-type=\"section\" data-settings=\"{&quot;jet_parallax_layout_list&quot;:[]}\">\n\t\t\t\t\t\t<div class=\"elementor-container elementor-column-gap-default\">\n\t\t\t\t\t<div class=\"elementor-column elementor-col-100 elementor-top-column elementor-element elementor-element-53a1bed\" data-id=\"53a1bed\" data-element_type=\"column\" data-e-type=\"column\" data-settings=\"{&quot;background_background&quot;:&quot;classic&quot;}\">\n\t\t\t<div class=\"elementor-widget-wrap elementor-element-populated\">\n\t\t\t\t\t\t<div class=\"elementor-element elementor-element-6900497 elementor-widget elementor-widget-breadcrumbs\" data-id=\"6900497\" data-element_type=\"widget\" data-e-type=\"widget\" data-widget_type=\"breadcrumbs.default\">\n\t\t\t\t<div class=\"elementor-widget-container\">\n\t\t\t\t\t<p id=\"breadcrumbs\"><span><span><a href=\"https:\/\/www.redex-group.com\/fr\/\">Accueil<\/a><\/span><\/span><\/p>\t\t\t\t<\/div>\n\t\t\t\t<\/div>\n\t\t\t\t\t<\/div>\n\t\t<\/div>\n\t\t\t\t\t<\/div>\n\t\t<\/section>\n\t\t\t\t<section class=\"elementor-section elementor-top-section elementor-element elementor-element-1472971 elementor-section-boxed elementor-section-height-default elementor-section-height-default\" data-id=\"1472971\" data-element_type=\"section\" data-e-type=\"section\" data-settings=\"{&quot;jet_parallax_layout_list&quot;:[]}\">\n\t\t\t\t\t\t<div class=\"elementor-container elementor-column-gap-default\">\n\t\t\t\t\t<div class=\"elementor-column elementor-col-100 elementor-top-column elementor-element elementor-element-fa5bc8f\" data-id=\"fa5bc8f\" data-element_type=\"column\" data-e-type=\"column\">\n\t\t\t<div class=\"elementor-widget-wrap elementor-element-populated\">\n\t\t\t\t\t\t<div class=\"elementor-element elementor-element-057645d elementor-widget elementor-widget-heading\" data-id=\"057645d\" data-element_type=\"widget\" data-e-type=\"widget\" data-widget_type=\"heading.default\">\n\t\t\t\t<div class=\"elementor-widget-container\">\n\t\t\t\t\t<h2 class=\"elementor-heading-title elementor-size-default\">Pi\u00e8ces de rechange &amp; d'usure<\/h2>\t\t\t\t<\/div>\n\t\t\t\t<\/div>\n\t\t\t\t<div class=\"elementor-element elementor-element-223c8bb elementor-widget elementor-widget-spacer\" data-id=\"223c8bb\" data-element_type=\"widget\" data-e-type=\"widget\" data-widget_type=\"spacer.default\">\n\t\t\t\t<div class=\"elementor-widget-container\">\n\t\t\t\t\t\t\t<div class=\"elementor-spacer\">\n\t\t\t<div class=\"elementor-spacer-inner\"><\/div>\n\t\t<\/div>\n\t\t\t\t\t\t<\/div>\n\t\t\t\t<\/div>\n\t\t\t\t<div class=\"elementor-element elementor-element-5c7828f elementor-widget elementor-widget-text-editor\" data-id=\"5c7828f\" data-element_type=\"widget\" data-e-type=\"widget\" data-widget_type=\"text-editor.default\">\n\t\t\t\t<div class=\"elementor-widget-container\">\n\t\t\t\t\t\t\t\t\t<p>En tant que premier fabricant mondial de machines, il est essentiel de pouvoir proposer les pi\u00e8ces de rechange et d\u2019usure n\u00e9cessaires.<\/p><p>La disponibilit\u00e9 de ces pi\u00e8ces est une exigence fondamentale pour l\u2019utilisation \u00e0 long terme des machines.<\/p><p>Au sein du groupe REDEX, nous essayons de r\u00e9pondre \u00e0 ces exigences avec nos \u00e9quipes aux \u00c9tats-Unis, en Chine et en Europe.<\/p><p>D\u00e8s le d\u00e9but du projet, une synth\u00e8se des pi\u00e8ces de rechange recommand\u00e9es et des pi\u00e8ces consommables est disponible.<\/p><p>Nous aidons toujours nos clients \u00e0 stocker les pi\u00e8ces adapt\u00e9es \u00e0 leurs machines, en fonction de leurs besoins de production.<\/p><p>Demandez-nous !<\/p>\t\t\t\t\t\t\t\t<\/div>\n\t\t\t\t<\/div>\n\t\t\t\t\t<\/div>\n\t\t<\/div>\n\t\t\t\t\t<\/div>\n\t\t<\/section>\n\t\t\t\t<section class=\"elementor-section elementor-top-section elementor-element elementor-element-251fb45 elementor-section-boxed elementor-section-height-default elementor-section-height-default\" data-id=\"251fb45\" data-element_type=\"section\" data-e-type=\"section\" data-settings=\"{&quot;jet_parallax_layout_list&quot;:[]}\">\n\t\t\t\t\t\t<div class=\"elementor-container elementor-column-gap-default\">\n\t\t\t\t\t<div class=\"elementor-column elementor-col-100 elementor-top-column elementor-element elementor-element-4e944c6\" data-id=\"4e944c6\" data-element_type=\"column\" data-e-type=\"column\">\n\t\t\t<div class=\"elementor-widget-wrap elementor-element-populated\">\n\t\t\t\t\t\t<div class=\"elementor-element elementor-element-3a667ca elementor-widget-divider--view-line elementor-widget elementor-widget-divider\" data-id=\"3a667ca\" data-element_type=\"widget\" data-e-type=\"widget\" data-widget_type=\"divider.default\">\n\t\t\t\t<div class=\"elementor-widget-container\">\n\t\t\t\t\t\t\t<div class=\"elementor-divider\">\n\t\t\t<span class=\"elementor-divider-separator\">\n\t\t\t\t\t\t<\/span>\n\t\t<\/div>\n\t\t\t\t\t\t<\/div>\n\t\t\t\t<\/div>\n\t\t\t\t<div class=\"elementor-element elementor-element-305f78f elementor-align-center elementor-mobile-align-justify elementor-widget-mobile__width-inherit elementor-widget elementor-widget-button\" data-id=\"305f78f\" data-element_type=\"widget\" data-e-type=\"widget\" data-widget_type=\"button.default\">\n\t\t\t\t<div class=\"elementor-widget-container\">\n\t\t\t\t\t\t\t\t\t<div class=\"elementor-button-wrapper\">\n\t\t\t\t\t<a class=\"elementor-button elementor-button-link elementor-size-sm elementor-animation-float\" href=\"https:\/\/www.redex-group.com\/fr\/laminoirs-de-precision\/contact-prm\/\">\n\t\t\t\t\t\t<span class=\"elementor-button-content-wrapper\">\n\t\t\t\t\t\t<span class=\"elementor-button-icon\">\n\t\t\t\t<i aria-hidden=\"true\" class=\"fas fa-arrow-right\"><\/i>\t\t\t<\/span>\n\t\t\t\t\t\t\t\t\t<span class=\"elementor-button-text\">CONTACTEZ-NOUS<\/span>\n\t\t\t\t\t<\/span>\n\t\t\t\t\t<\/a>\n\t\t\t\t<\/div>\n\t\t\t\t\t\t\t\t<\/div>\n\t\t\t\t<\/div>\n\t\t\t\t\t<\/div>\n\t\t<\/div>\n\t\t\t\t\t<\/div>\n\t\t<\/section>\n\t\t\t\t<\/div>\n\t\t","protected":false},"excerpt":{"rendered":"<p>Pi\u00e8ces de rechange &#038; d&rsquo;usure Pi\u00e8ces de rechange &#038; d&rsquo;usure En tant que premier fabricant mondial de machines, il est essentiel de pouvoir proposer les pi\u00e8ces de rechange et d\u2019usure n\u00e9cessaires. La disponibilit\u00e9 de ces pi\u00e8ces est une exigence fondamentale pour l\u2019utilisation \u00e0 long terme des machines. Au sein du groupe REDEX, nous essayons de [&hellip;]<\/p>\n","protected":false},"author":1,"featured_media":0,"parent":16801,"menu_order":0,"comment_status":"closed","ping_status":"closed","template":"","meta":{"footnotes":""},"class_list":["post-16824","page","type-page","status-publish","hentry"],"yoast_head":"<!-- This site is optimized with the Yoast SEO plugin v27.4 - https:\/\/yoast.com\/product\/yoast-seo-wordpress\/ -->\n<title>Pi\u00e8ces de rechange &amp; d&#039;usure service client - Redex Group<\/title>\n<meta name=\"description\" content=\"Un service client complet avec des pi\u00e8ces de rechange et d&#039;usure de qualit\u00e9 pour un entretien efficace de votre mat\u00e9riel. D\u00e9couvrez notre service client.\" \/>\n<meta name=\"robots\" content=\"index, follow, max-snippet:-1, max-image-preview:large, max-video-preview:-1\" \/>\n<link rel=\"canonical\" href=\"https:\/\/www.redex-group.com\/fr\/laminoirs-de-precision\/service-client-laminoirs-de-precision\/pieces-de-rechange-dusure\/\" \/>\n<meta property=\"og:locale\" content=\"fr_FR\" \/>\n<meta property=\"og:type\" content=\"article\" \/>\n<meta property=\"og:title\" content=\"Pi\u00e8ces de rechange &amp; d&#039;usure service client - Redex Group\" \/>\n<meta property=\"og:description\" content=\"Un service client complet avec des pi\u00e8ces de rechange et d&#039;usure de qualit\u00e9 pour un entretien efficace de votre mat\u00e9riel. D\u00e9couvrez notre service client.\" \/>\n<meta property=\"og:url\" content=\"https:\/\/www.redex-group.com\/fr\/laminoirs-de-precision\/service-client-laminoirs-de-precision\/pieces-de-rechange-dusure\/\" \/>\n<meta property=\"og:site_name\" content=\"Redex Group\" \/>\n<meta property=\"article:modified_time\" content=\"2023-04-20T09:00:27+00:00\" \/>\n<meta name=\"twitter:card\" content=\"summary_large_image\" \/>\n<meta name=\"twitter:label1\" content=\"Dur\u00e9e de lecture estim\u00e9e\" \/>\n\t<meta name=\"twitter:data1\" content=\"1 minute\" \/>\n<script type=\"application\/ld+json\" class=\"yoast-schema-graph\">{\"@context\":\"https:\\\/\\\/schema.org\",\"@graph\":[{\"@type\":\"WebPage\",\"@id\":\"https:\\\/\\\/www.redex-group.com\\\/fr\\\/laminoirs-de-precision\\\/service-client-laminoirs-de-precision\\\/pieces-de-rechange-dusure\\\/\",\"url\":\"https:\\\/\\\/www.redex-group.com\\\/fr\\\/laminoirs-de-precision\\\/service-client-laminoirs-de-precision\\\/pieces-de-rechange-dusure\\\/\",\"name\":\"Pi\u00e8ces de rechange & d'usure service client - Redex Group\",\"isPartOf\":{\"@id\":\"https:\\\/\\\/www.redex-group.com\\\/fr\\\/#website\"},\"datePublished\":\"2022-01-31T11:14:16+00:00\",\"dateModified\":\"2023-04-20T09:00:27+00:00\",\"description\":\"Un service client complet avec des pi\u00e8ces de rechange et d'usure de qualit\u00e9 pour un entretien efficace de votre mat\u00e9riel. D\u00e9couvrez notre service client.\",\"breadcrumb\":{\"@id\":\"https:\\\/\\\/www.redex-group.com\\\/fr\\\/laminoirs-de-precision\\\/service-client-laminoirs-de-precision\\\/pieces-de-rechange-dusure\\\/#breadcrumb\"},\"inLanguage\":\"fr-FR\",\"potentialAction\":[{\"@type\":\"ReadAction\",\"target\":[\"https:\\\/\\\/www.redex-group.com\\\/fr\\\/laminoirs-de-precision\\\/service-client-laminoirs-de-precision\\\/pieces-de-rechange-dusure\\\/\"]}]},{\"@type\":\"BreadcrumbList\",\"@id\":\"https:\\\/\\\/www.redex-group.com\\\/fr\\\/laminoirs-de-precision\\\/service-client-laminoirs-de-precision\\\/pieces-de-rechange-dusure\\\/#breadcrumb\",\"itemListElement\":[{\"@type\":\"ListItem\",\"position\":1,\"name\":\"Accueil\",\"item\":\"https:\\\/\\\/www.redex-group.com\\\/fr\\\/\"},{\"@type\":\"ListItem\",\"position\":2,\"name\":\"Laminoirs de pr\u00e9cision\",\"item\":\"https:\\\/\\\/www.redex-group.com\\\/fr\\\/precision-rolling-mills\\\/\"},{\"@type\":\"ListItem\",\"position\":3,\"name\":\"Service Client PRM\",\"item\":\"https:\\\/\\\/www.redex-group.com\\\/fr\\\/precision-rolling-mills\\\/customer-service-precision-rolling-mills\\\/\"},{\"@type\":\"ListItem\",\"position\":4,\"name\":\"Pi\u00e8ces de rechange &amp; d&rsquo;usure\"}]},{\"@type\":\"WebSite\",\"@id\":\"https:\\\/\\\/www.redex-group.com\\\/fr\\\/#website\",\"url\":\"https:\\\/\\\/www.redex-group.com\\\/fr\\\/\",\"name\":\"Redex Group\",\"description\":\"Great achievements start with us\",\"publisher\":{\"@id\":\"https:\\\/\\\/www.redex-group.com\\\/fr\\\/#organization\"},\"potentialAction\":[{\"@type\":\"SearchAction\",\"target\":{\"@type\":\"EntryPoint\",\"urlTemplate\":\"https:\\\/\\\/www.redex-group.com\\\/fr\\\/?s={search_term_string}\"},\"query-input\":{\"@type\":\"PropertyValueSpecification\",\"valueRequired\":true,\"valueName\":\"search_term_string\"}}],\"inLanguage\":\"fr-FR\"},{\"@type\":\"Organization\",\"@id\":\"https:\\\/\\\/www.redex-group.com\\\/fr\\\/#organization\",\"name\":\"REDEX Group\",\"url\":\"https:\\\/\\\/www.redex-group.com\\\/fr\\\/\",\"logo\":{\"@type\":\"ImageObject\",\"inLanguage\":\"fr-FR\",\"@id\":\"https:\\\/\\\/www.redex-group.com\\\/fr\\\/#\\\/schema\\\/logo\\\/image\\\/\",\"url\":\"https:\\\/\\\/www.redex-group.com\\\/wp-content\\\/uploads\\\/2021\\\/09\\\/Logo-REDEX-Group-orange.png\",\"contentUrl\":\"https:\\\/\\\/www.redex-group.com\\\/wp-content\\\/uploads\\\/2021\\\/09\\\/Logo-REDEX-Group-orange.png\",\"width\":400,\"height\":107,\"caption\":\"REDEX Group\"},\"image\":{\"@id\":\"https:\\\/\\\/www.redex-group.com\\\/fr\\\/#\\\/schema\\\/logo\\\/image\\\/\"}}]}<\/script>\n<!-- \/ Yoast SEO plugin. -->","yoast_head_json":{"title":"Pi\u00e8ces de rechange & d'usure service client - Redex Group","description":"Un service client complet avec des pi\u00e8ces de rechange et d'usure de qualit\u00e9 pour un entretien efficace de votre mat\u00e9riel. D\u00e9couvrez notre service client.","robots":{"index":"index","follow":"follow","max-snippet":"max-snippet:-1","max-image-preview":"max-image-preview:large","max-video-preview":"max-video-preview:-1"},"canonical":"https:\/\/www.redex-group.com\/fr\/laminoirs-de-precision\/service-client-laminoirs-de-precision\/pieces-de-rechange-dusure\/","og_locale":"fr_FR","og_type":"article","og_title":"Pi\u00e8ces de rechange & d'usure service client - Redex Group","og_description":"Un service client complet avec des pi\u00e8ces de rechange et d'usure de qualit\u00e9 pour un entretien efficace de votre mat\u00e9riel. D\u00e9couvrez notre service client.","og_url":"https:\/\/www.redex-group.com\/fr\/laminoirs-de-precision\/service-client-laminoirs-de-precision\/pieces-de-rechange-dusure\/","og_site_name":"Redex Group","article_modified_time":"2023-04-20T09:00:27+00:00","twitter_card":"summary_large_image","twitter_misc":{"Dur\u00e9e de lecture estim\u00e9e":"1 minute"},"schema":{"@context":"https:\/\/schema.org","@graph":[{"@type":"WebPage","@id":"https:\/\/www.redex-group.com\/fr\/laminoirs-de-precision\/service-client-laminoirs-de-precision\/pieces-de-rechange-dusure\/","url":"https:\/\/www.redex-group.com\/fr\/laminoirs-de-precision\/service-client-laminoirs-de-precision\/pieces-de-rechange-dusure\/","name":"Pi\u00e8ces de rechange & d'usure service client - Redex Group","isPartOf":{"@id":"https:\/\/www.redex-group.com\/fr\/#website"},"datePublished":"2022-01-31T11:14:16+00:00","dateModified":"2023-04-20T09:00:27+00:00","description":"Un service client complet avec des pi\u00e8ces de rechange et d'usure de qualit\u00e9 pour un entretien efficace de votre mat\u00e9riel. D\u00e9couvrez notre service client.","breadcrumb":{"@id":"https:\/\/www.redex-group.com\/fr\/laminoirs-de-precision\/service-client-laminoirs-de-precision\/pieces-de-rechange-dusure\/#breadcrumb"},"inLanguage":"fr-FR","potentialAction":[{"@type":"ReadAction","target":["https:\/\/www.redex-group.com\/fr\/laminoirs-de-precision\/service-client-laminoirs-de-precision\/pieces-de-rechange-dusure\/"]}]},{"@type":"BreadcrumbList","@id":"https:\/\/www.redex-group.com\/fr\/laminoirs-de-precision\/service-client-laminoirs-de-precision\/pieces-de-rechange-dusure\/#breadcrumb","itemListElement":[{"@type":"ListItem","position":1,"name":"Accueil","item":"https:\/\/www.redex-group.com\/fr\/"},{"@type":"ListItem","position":2,"name":"Laminoirs de pr\u00e9cision","item":"https:\/\/www.redex-group.com\/fr\/precision-rolling-mills\/"},{"@type":"ListItem","position":3,"name":"Service Client PRM","item":"https:\/\/www.redex-group.com\/fr\/precision-rolling-mills\/customer-service-precision-rolling-mills\/"},{"@type":"ListItem","position":4,"name":"Pi\u00e8ces de rechange &amp; d&rsquo;usure"}]},{"@type":"WebSite","@id":"https:\/\/www.redex-group.com\/fr\/#website","url":"https:\/\/www.redex-group.com\/fr\/","name":"Redex Group","description":"Great achievements start with us","publisher":{"@id":"https:\/\/www.redex-group.com\/fr\/#organization"},"potentialAction":[{"@type":"SearchAction","target":{"@type":"EntryPoint","urlTemplate":"https:\/\/www.redex-group.com\/fr\/?s={search_term_string}"},"query-input":{"@type":"PropertyValueSpecification","valueRequired":true,"valueName":"search_term_string"}}],"inLanguage":"fr-FR"},{"@type":"Organization","@id":"https:\/\/www.redex-group.com\/fr\/#organization","name":"REDEX Group","url":"https:\/\/www.redex-group.com\/fr\/","logo":{"@type":"ImageObject","inLanguage":"fr-FR","@id":"https:\/\/www.redex-group.com\/fr\/#\/schema\/logo\/image\/","url":"https:\/\/www.redex-group.com\/wp-content\/uploads\/2021\/09\/Logo-REDEX-Group-orange.png","contentUrl":"https:\/\/www.redex-group.com\/wp-content\/uploads\/2021\/09\/Logo-REDEX-Group-orange.png","width":400,"height":107,"caption":"REDEX Group"},"image":{"@id":"https:\/\/www.redex-group.com\/fr\/#\/schema\/logo\/image\/"}}]}},"_links":{"self":[{"href":"https:\/\/www.redex-group.com\/fr\/wp-json\/wp\/v2\/pages\/16824","targetHints":{"allow":["GET"]}}],"collection":[{"href":"https:\/\/www.redex-group.com\/fr\/wp-json\/wp\/v2\/pages"}],"about":[{"href":"https:\/\/www.redex-group.com\/fr\/wp-json\/wp\/v2\/types\/page"}],"author":[{"embeddable":true,"href":"https:\/\/www.redex-group.com\/fr\/wp-json\/wp\/v2\/users\/1"}],"replies":[{"embeddable":true,"href":"https:\/\/www.redex-group.com\/fr\/wp-json\/wp\/v2\/comments?post=16824"}],"version-history":[{"count":10,"href":"https:\/\/www.redex-group.com\/fr\/wp-json\/wp\/v2\/pages\/16824\/revisions"}],"predecessor-version":[{"id":17077,"href":"https:\/\/www.redex-group.com\/fr\/wp-json\/wp\/v2\/pages\/16824\/revisions\/17077"}],"up":[{"embeddable":true,"href":"https:\/\/www.redex-group.com\/fr\/wp-json\/wp\/v2\/pages\/16801"}],"wp:attachment":[{"href":"https:\/\/www.redex-group.com\/fr\/wp-json\/wp\/v2\/media?parent=16824"}],"curies":[{"name":"wp","href":"https:\/\/api.w.org\/{rel}","templated":true}]}}