{"id":16813,"date":"2022-01-31T12:18:40","date_gmt":"2022-01-31T11:18:40","guid":{"rendered":"https:\/\/www.redex-group.com\/laminoirs-de-precision\/service-client-laminoirs-de-precision\/revamping-retrofit\/"},"modified":"2023-04-20T11:00:12","modified_gmt":"2023-04-20T09:00:12","slug":"revamping-renovations","status":"publish","type":"page","link":"https:\/\/www.redex-group.com\/fr\/laminoirs-de-precision\/service-client-laminoirs-de-precision\/revamping-renovations\/","title":{"rendered":"Revamping &#038; R\u00e9novations"},"content":{"rendered":"\t\t<div data-elementor-type=\"wp-page\" data-elementor-id=\"16813\" class=\"elementor elementor-16813 elementor-1551\" data-elementor-post-type=\"page\">\n\t\t\t\t\t\t<section class=\"elementor-section elementor-top-section elementor-element elementor-element-1649f55 elementor-section-height-min-height elementor-section-boxed elementor-section-height-default elementor-section-items-middle\" data-id=\"1649f55\" data-element_type=\"section\" data-e-type=\"section\" data-settings=\"{&quot;background_background&quot;:&quot;classic&quot;,&quot;jet_parallax_layout_list&quot;:[]}\">\n\t\t\t\t\t\t\t<div class=\"elementor-background-overlay\"><\/div>\n\t\t\t\t\t\t\t<div class=\"elementor-container elementor-column-gap-default\">\n\t\t\t\t\t<div class=\"elementor-column elementor-col-50 elementor-top-column elementor-element elementor-element-51f70b7\" data-id=\"51f70b7\" data-element_type=\"column\" data-e-type=\"column\">\n\t\t\t<div class=\"elementor-widget-wrap elementor-element-populated\">\n\t\t\t\t\t\t<div class=\"elementor-element elementor-element-515df21 elementor-widget elementor-widget-heading\" data-id=\"515df21\" data-element_type=\"widget\" data-e-type=\"widget\" data-widget_type=\"heading.default\">\n\t\t\t\t<div class=\"elementor-widget-container\">\n\t\t\t\t\t<h1 class=\"elementor-heading-title elementor-size-default\">Revamping &amp; R\u00e9novations<\/h1>\t\t\t\t<\/div>\n\t\t\t\t<\/div>\n\t\t\t\t\t<\/div>\n\t\t<\/div>\n\t\t\t\t<div class=\"elementor-column elementor-col-50 elementor-top-column elementor-element elementor-element-2bea635\" data-id=\"2bea635\" data-element_type=\"column\" data-e-type=\"column\">\n\t\t\t<div class=\"elementor-widget-wrap\">\n\t\t\t\t\t\t\t<\/div>\n\t\t<\/div>\n\t\t\t\t\t<\/div>\n\t\t<\/section>\n\t\t\t\t<section class=\"elementor-section elementor-top-section elementor-element elementor-element-dfc3f6c elementor-section-boxed elementor-section-height-default elementor-section-height-default\" data-id=\"dfc3f6c\" data-element_type=\"section\" data-e-type=\"section\" data-settings=\"{&quot;jet_parallax_layout_list&quot;:[]}\">\n\t\t\t\t\t\t<div class=\"elementor-container elementor-column-gap-default\">\n\t\t\t\t\t<div class=\"elementor-column elementor-col-100 elementor-top-column elementor-element elementor-element-9dd2a41\" data-id=\"9dd2a41\" data-element_type=\"column\" data-e-type=\"column\" data-settings=\"{&quot;background_background&quot;:&quot;classic&quot;}\">\n\t\t\t<div class=\"elementor-widget-wrap elementor-element-populated\">\n\t\t\t\t\t\t<div class=\"elementor-element elementor-element-9dbb45b elementor-widget elementor-widget-breadcrumbs\" data-id=\"9dbb45b\" data-element_type=\"widget\" data-e-type=\"widget\" data-widget_type=\"breadcrumbs.default\">\n\t\t\t\t<div class=\"elementor-widget-container\">\n\t\t\t\t\t<p id=\"breadcrumbs\"><span><span><a href=\"https:\/\/www.redex-group.com\/fr\/\">Accueil<\/a><\/span><\/span><\/p>\t\t\t\t<\/div>\n\t\t\t\t<\/div>\n\t\t\t\t\t<\/div>\n\t\t<\/div>\n\t\t\t\t\t<\/div>\n\t\t<\/section>\n\t\t\t\t<section class=\"elementor-section elementor-top-section elementor-element elementor-element-bc55867 elementor-section-boxed elementor-section-height-default elementor-section-height-default\" data-id=\"bc55867\" data-element_type=\"section\" data-e-type=\"section\" data-settings=\"{&quot;jet_parallax_layout_list&quot;:[]}\">\n\t\t\t\t\t\t<div class=\"elementor-container elementor-column-gap-default\">\n\t\t\t\t\t<div class=\"elementor-column elementor-col-100 elementor-top-column elementor-element elementor-element-40b75c2\" data-id=\"40b75c2\" data-element_type=\"column\" data-e-type=\"column\">\n\t\t\t<div class=\"elementor-widget-wrap elementor-element-populated\">\n\t\t\t\t\t\t<div class=\"elementor-element elementor-element-18f2cbc elementor-widget elementor-widget-heading\" data-id=\"18f2cbc\" data-element_type=\"widget\" data-e-type=\"widget\" data-widget_type=\"heading.default\">\n\t\t\t\t<div class=\"elementor-widget-container\">\n\t\t\t\t\t<h2 class=\"elementor-heading-title elementor-size-default\">Revamping &amp; R\u00e9novations<\/h2>\t\t\t\t<\/div>\n\t\t\t\t<\/div>\n\t\t\t\t<div class=\"elementor-element elementor-element-09b294a elementor-widget elementor-widget-spacer\" data-id=\"09b294a\" data-element_type=\"widget\" data-e-type=\"widget\" data-widget_type=\"spacer.default\">\n\t\t\t\t<div class=\"elementor-widget-container\">\n\t\t\t\t\t\t\t<div class=\"elementor-spacer\">\n\t\t\t<div class=\"elementor-spacer-inner\"><\/div>\n\t\t<\/div>\n\t\t\t\t\t\t<\/div>\n\t\t\t\t<\/div>\n\t\t\t\t<div class=\"elementor-element elementor-element-c66377a elementor-widget elementor-widget-text-editor\" data-id=\"c66377a\" data-element_type=\"widget\" data-e-type=\"widget\" data-widget_type=\"text-editor.default\">\n\t\t\t\t<div class=\"elementor-widget-container\">\n\t\t\t\t\t\t\t\t\t<p>La division PRM du Groupe REDEX, avec ses 2 marques de laminoirs, propose quant \u00e0 elle des laminoirs depuis pr\u00e8s de 150 ans. Aucune autre entreprise dans le monde n&rsquo;offre une telle base de machines install\u00e9es.<\/p>\n<p>Il est clair qu&rsquo;en raison des progr\u00e8s technologiques, cet \u00e9quipement vieillit et doit \u00eatre mis \u00e0 jour de temps en temps. Le groupe REDEX est en mesure de proposer plusieurs niveaux de revamping de machines.<\/p>\n<p><ul><li>Revamping \u00e9lectrique et automatisme<\/li><li>Revamping m\u00e9canique<\/li><li>Revamping complet de la machine<\/li><\/ul><\/p>\n<p>Le d\u00e9veloppement progresse \u00e0 pas de g\u00e9ant, en particulier dans le domaine de l&rsquo;automatisation des machines ; ainsi de nouveaux modules sont n\u00e9cessaires tous les 10 ans environ et la mise \u00e0 jour des logiciels est souvent renouvel\u00e9e.<\/p>\n<p>Cela signifie souvent que l&rsquo;armoire de commande compl\u00e8te et l&rsquo;ensemble de la technique d&rsquo;entra\u00eenement doivent \u00eatre modernis\u00e9s.<\/p>\n<p>La modernisation \u00e9lectrique et m\u00e9canique des laminoirs existants peuvent \u00eatre effectu\u00e9es s\u00e9par\u00e9ment ou \u00eatre combin\u00e9es lors d&rsquo;un revamping complet de la machine.<\/p>\t\t\t\t\t\t\t\t<\/div>\n\t\t\t\t<\/div>\n\t\t\t\t\t<\/div>\n\t\t<\/div>\n\t\t\t\t\t<\/div>\n\t\t<\/section>\n\t\t\t\t<section class=\"elementor-section elementor-top-section elementor-element elementor-element-8b263d0 elementor-section-boxed elementor-section-height-default elementor-section-height-default\" data-id=\"8b263d0\" data-element_type=\"section\" data-e-type=\"section\" data-settings=\"{&quot;jet_parallax_layout_list&quot;:[]}\">\n\t\t\t\t\t\t<div class=\"elementor-container elementor-column-gap-default\">\n\t\t\t\t\t<div class=\"elementor-column elementor-col-100 elementor-top-column elementor-element elementor-element-bb76faa\" data-id=\"bb76faa\" data-element_type=\"column\" data-e-type=\"column\">\n\t\t\t<div class=\"elementor-widget-wrap elementor-element-populated\">\n\t\t\t\t\t\t<div class=\"elementor-element elementor-element-d73ee3c elementor-widget-divider--view-line elementor-widget elementor-widget-divider\" data-id=\"d73ee3c\" data-element_type=\"widget\" data-e-type=\"widget\" data-widget_type=\"divider.default\">\n\t\t\t\t<div class=\"elementor-widget-container\">\n\t\t\t\t\t\t\t<div class=\"elementor-divider\">\n\t\t\t<span class=\"elementor-divider-separator\">\n\t\t\t\t\t\t<\/span>\n\t\t<\/div>\n\t\t\t\t\t\t<\/div>\n\t\t\t\t<\/div>\n\t\t\t\t<div class=\"elementor-element elementor-element-08f11e3 elementor-align-center elementor-mobile-align-justify elementor-widget-mobile__width-inherit elementor-widget elementor-widget-button\" data-id=\"08f11e3\" data-element_type=\"widget\" data-e-type=\"widget\" data-widget_type=\"button.default\">\n\t\t\t\t<div class=\"elementor-widget-container\">\n\t\t\t\t\t\t\t\t\t<div class=\"elementor-button-wrapper\">\n\t\t\t\t\t<a class=\"elementor-button elementor-button-link elementor-size-sm elementor-animation-float\" href=\"https:\/\/www.redex-group.com\/fr\/laminoirs-de-precision\/contact-prm\/\">\n\t\t\t\t\t\t<span class=\"elementor-button-content-wrapper\">\n\t\t\t\t\t\t<span class=\"elementor-button-icon\">\n\t\t\t\t<i aria-hidden=\"true\" class=\"fas fa-arrow-right\"><\/i>\t\t\t<\/span>\n\t\t\t\t\t\t\t\t\t<span class=\"elementor-button-text\">Contactez-nous<\/span>\n\t\t\t\t\t<\/span>\n\t\t\t\t\t<\/a>\n\t\t\t\t<\/div>\n\t\t\t\t\t\t\t\t<\/div>\n\t\t\t\t<\/div>\n\t\t\t\t\t<\/div>\n\t\t<\/div>\n\t\t\t\t\t<\/div>\n\t\t<\/section>\n\t\t\t\t<\/div>\n\t\t","protected":false},"excerpt":{"rendered":"<p>Revamping &#038; R\u00e9novations Revamping &#038; R\u00e9novations La division PRM du Groupe REDEX, avec ses 2 marques de laminoirs, propose quant \u00e0 elle des laminoirs depuis pr\u00e8s de 150 ans. Aucune autre entreprise dans le monde n&rsquo;offre une telle base de machines install\u00e9es. Il est clair qu&rsquo;en raison des progr\u00e8s technologiques, cet \u00e9quipement vieillit et doit [&hellip;]<\/p>\n","protected":false},"author":1,"featured_media":0,"parent":16801,"menu_order":0,"comment_status":"closed","ping_status":"closed","template":"","meta":{"footnotes":""},"class_list":["post-16813","page","type-page","status-publish","hentry"],"yoast_head":"<!-- This site is optimized with the Yoast SEO plugin v27.4 - https:\/\/yoast.com\/product\/yoast-seo-wordpress\/ -->\n<title>Revamping &amp; R\u00e9novations - Redex Group<\/title>\n<meta name=\"description\" content=\"De nombreuses solutions pour les industries n\u00e9cessitant une modernisation et une mise \u00e0 niveau de leurs \u00e9quipements. D\u00e9couvrez Redex Group.\" \/>\n<meta name=\"robots\" content=\"index, follow, max-snippet:-1, max-image-preview:large, max-video-preview:-1\" \/>\n<link rel=\"canonical\" href=\"https:\/\/www.redex-group.com\/fr\/laminoirs-de-precision\/service-client-laminoirs-de-precision\/revamping-renovations\/\" \/>\n<meta property=\"og:locale\" content=\"fr_FR\" \/>\n<meta property=\"og:type\" content=\"article\" \/>\n<meta property=\"og:title\" content=\"Revamping &amp; R\u00e9novations - Redex Group\" \/>\n<meta property=\"og:description\" content=\"De nombreuses solutions pour les industries n\u00e9cessitant une modernisation et une mise \u00e0 niveau de leurs \u00e9quipements. D\u00e9couvrez Redex Group.\" \/>\n<meta property=\"og:url\" content=\"https:\/\/www.redex-group.com\/fr\/laminoirs-de-precision\/service-client-laminoirs-de-precision\/revamping-renovations\/\" \/>\n<meta property=\"og:site_name\" content=\"Redex Group\" \/>\n<meta property=\"article:modified_time\" content=\"2023-04-20T09:00:12+00:00\" \/>\n<meta name=\"twitter:card\" content=\"summary_large_image\" \/>\n<meta name=\"twitter:label1\" content=\"Dur\u00e9e de lecture estim\u00e9e\" \/>\n\t<meta name=\"twitter:data1\" content=\"1 minute\" \/>\n<script type=\"application\/ld+json\" class=\"yoast-schema-graph\">{\"@context\":\"https:\\\/\\\/schema.org\",\"@graph\":[{\"@type\":\"WebPage\",\"@id\":\"https:\\\/\\\/www.redex-group.com\\\/fr\\\/laminoirs-de-precision\\\/service-client-laminoirs-de-precision\\\/revamping-renovations\\\/\",\"url\":\"https:\\\/\\\/www.redex-group.com\\\/fr\\\/laminoirs-de-precision\\\/service-client-laminoirs-de-precision\\\/revamping-renovations\\\/\",\"name\":\"Revamping & R\u00e9novations - Redex Group\",\"isPartOf\":{\"@id\":\"https:\\\/\\\/www.redex-group.com\\\/fr\\\/#website\"},\"datePublished\":\"2022-01-31T11:18:40+00:00\",\"dateModified\":\"2023-04-20T09:00:12+00:00\",\"description\":\"De nombreuses solutions pour les industries n\u00e9cessitant une modernisation et une mise \u00e0 niveau de leurs \u00e9quipements. D\u00e9couvrez Redex Group.\",\"breadcrumb\":{\"@id\":\"https:\\\/\\\/www.redex-group.com\\\/fr\\\/laminoirs-de-precision\\\/service-client-laminoirs-de-precision\\\/revamping-renovations\\\/#breadcrumb\"},\"inLanguage\":\"fr-FR\",\"potentialAction\":[{\"@type\":\"ReadAction\",\"target\":[\"https:\\\/\\\/www.redex-group.com\\\/fr\\\/laminoirs-de-precision\\\/service-client-laminoirs-de-precision\\\/revamping-renovations\\\/\"]}]},{\"@type\":\"BreadcrumbList\",\"@id\":\"https:\\\/\\\/www.redex-group.com\\\/fr\\\/laminoirs-de-precision\\\/service-client-laminoirs-de-precision\\\/revamping-renovations\\\/#breadcrumb\",\"itemListElement\":[{\"@type\":\"ListItem\",\"position\":1,\"name\":\"Accueil\",\"item\":\"https:\\\/\\\/www.redex-group.com\\\/fr\\\/\"},{\"@type\":\"ListItem\",\"position\":2,\"name\":\"Laminoirs de pr\u00e9cision\",\"item\":\"https:\\\/\\\/www.redex-group.com\\\/fr\\\/precision-rolling-mills\\\/\"},{\"@type\":\"ListItem\",\"position\":3,\"name\":\"Service Client PRM\",\"item\":\"https:\\\/\\\/www.redex-group.com\\\/fr\\\/precision-rolling-mills\\\/customer-service-precision-rolling-mills\\\/\"},{\"@type\":\"ListItem\",\"position\":4,\"name\":\"Revamping &#038; R\u00e9novations\"}]},{\"@type\":\"WebSite\",\"@id\":\"https:\\\/\\\/www.redex-group.com\\\/fr\\\/#website\",\"url\":\"https:\\\/\\\/www.redex-group.com\\\/fr\\\/\",\"name\":\"Redex Group\",\"description\":\"Great achievements start with us\",\"publisher\":{\"@id\":\"https:\\\/\\\/www.redex-group.com\\\/fr\\\/#organization\"},\"potentialAction\":[{\"@type\":\"SearchAction\",\"target\":{\"@type\":\"EntryPoint\",\"urlTemplate\":\"https:\\\/\\\/www.redex-group.com\\\/fr\\\/?s={search_term_string}\"},\"query-input\":{\"@type\":\"PropertyValueSpecification\",\"valueRequired\":true,\"valueName\":\"search_term_string\"}}],\"inLanguage\":\"fr-FR\"},{\"@type\":\"Organization\",\"@id\":\"https:\\\/\\\/www.redex-group.com\\\/fr\\\/#organization\",\"name\":\"REDEX Group\",\"url\":\"https:\\\/\\\/www.redex-group.com\\\/fr\\\/\",\"logo\":{\"@type\":\"ImageObject\",\"inLanguage\":\"fr-FR\",\"@id\":\"https:\\\/\\\/www.redex-group.com\\\/fr\\\/#\\\/schema\\\/logo\\\/image\\\/\",\"url\":\"https:\\\/\\\/www.redex-group.com\\\/wp-content\\\/uploads\\\/2021\\\/09\\\/Logo-REDEX-Group-orange.png\",\"contentUrl\":\"https:\\\/\\\/www.redex-group.com\\\/wp-content\\\/uploads\\\/2021\\\/09\\\/Logo-REDEX-Group-orange.png\",\"width\":400,\"height\":107,\"caption\":\"REDEX Group\"},\"image\":{\"@id\":\"https:\\\/\\\/www.redex-group.com\\\/fr\\\/#\\\/schema\\\/logo\\\/image\\\/\"}}]}<\/script>\n<!-- \/ Yoast SEO plugin. -->","yoast_head_json":{"title":"Revamping & R\u00e9novations - Redex Group","description":"De nombreuses solutions pour les industries n\u00e9cessitant une modernisation et une mise \u00e0 niveau de leurs \u00e9quipements. D\u00e9couvrez Redex Group.","robots":{"index":"index","follow":"follow","max-snippet":"max-snippet:-1","max-image-preview":"max-image-preview:large","max-video-preview":"max-video-preview:-1"},"canonical":"https:\/\/www.redex-group.com\/fr\/laminoirs-de-precision\/service-client-laminoirs-de-precision\/revamping-renovations\/","og_locale":"fr_FR","og_type":"article","og_title":"Revamping & R\u00e9novations - Redex Group","og_description":"De nombreuses solutions pour les industries n\u00e9cessitant une modernisation et une mise \u00e0 niveau de leurs \u00e9quipements. D\u00e9couvrez Redex Group.","og_url":"https:\/\/www.redex-group.com\/fr\/laminoirs-de-precision\/service-client-laminoirs-de-precision\/revamping-renovations\/","og_site_name":"Redex Group","article_modified_time":"2023-04-20T09:00:12+00:00","twitter_card":"summary_large_image","twitter_misc":{"Dur\u00e9e de lecture estim\u00e9e":"1 minute"},"schema":{"@context":"https:\/\/schema.org","@graph":[{"@type":"WebPage","@id":"https:\/\/www.redex-group.com\/fr\/laminoirs-de-precision\/service-client-laminoirs-de-precision\/revamping-renovations\/","url":"https:\/\/www.redex-group.com\/fr\/laminoirs-de-precision\/service-client-laminoirs-de-precision\/revamping-renovations\/","name":"Revamping & R\u00e9novations - Redex Group","isPartOf":{"@id":"https:\/\/www.redex-group.com\/fr\/#website"},"datePublished":"2022-01-31T11:18:40+00:00","dateModified":"2023-04-20T09:00:12+00:00","description":"De nombreuses solutions pour les industries n\u00e9cessitant une modernisation et une mise \u00e0 niveau de leurs \u00e9quipements. D\u00e9couvrez Redex Group.","breadcrumb":{"@id":"https:\/\/www.redex-group.com\/fr\/laminoirs-de-precision\/service-client-laminoirs-de-precision\/revamping-renovations\/#breadcrumb"},"inLanguage":"fr-FR","potentialAction":[{"@type":"ReadAction","target":["https:\/\/www.redex-group.com\/fr\/laminoirs-de-precision\/service-client-laminoirs-de-precision\/revamping-renovations\/"]}]},{"@type":"BreadcrumbList","@id":"https:\/\/www.redex-group.com\/fr\/laminoirs-de-precision\/service-client-laminoirs-de-precision\/revamping-renovations\/#breadcrumb","itemListElement":[{"@type":"ListItem","position":1,"name":"Accueil","item":"https:\/\/www.redex-group.com\/fr\/"},{"@type":"ListItem","position":2,"name":"Laminoirs de pr\u00e9cision","item":"https:\/\/www.redex-group.com\/fr\/precision-rolling-mills\/"},{"@type":"ListItem","position":3,"name":"Service Client PRM","item":"https:\/\/www.redex-group.com\/fr\/precision-rolling-mills\/customer-service-precision-rolling-mills\/"},{"@type":"ListItem","position":4,"name":"Revamping &#038; R\u00e9novations"}]},{"@type":"WebSite","@id":"https:\/\/www.redex-group.com\/fr\/#website","url":"https:\/\/www.redex-group.com\/fr\/","name":"Redex Group","description":"Great achievements start with us","publisher":{"@id":"https:\/\/www.redex-group.com\/fr\/#organization"},"potentialAction":[{"@type":"SearchAction","target":{"@type":"EntryPoint","urlTemplate":"https:\/\/www.redex-group.com\/fr\/?s={search_term_string}"},"query-input":{"@type":"PropertyValueSpecification","valueRequired":true,"valueName":"search_term_string"}}],"inLanguage":"fr-FR"},{"@type":"Organization","@id":"https:\/\/www.redex-group.com\/fr\/#organization","name":"REDEX Group","url":"https:\/\/www.redex-group.com\/fr\/","logo":{"@type":"ImageObject","inLanguage":"fr-FR","@id":"https:\/\/www.redex-group.com\/fr\/#\/schema\/logo\/image\/","url":"https:\/\/www.redex-group.com\/wp-content\/uploads\/2021\/09\/Logo-REDEX-Group-orange.png","contentUrl":"https:\/\/www.redex-group.com\/wp-content\/uploads\/2021\/09\/Logo-REDEX-Group-orange.png","width":400,"height":107,"caption":"REDEX Group"},"image":{"@id":"https:\/\/www.redex-group.com\/fr\/#\/schema\/logo\/image\/"}}]}},"_links":{"self":[{"href":"https:\/\/www.redex-group.com\/fr\/wp-json\/wp\/v2\/pages\/16813","targetHints":{"allow":["GET"]}}],"collection":[{"href":"https:\/\/www.redex-group.com\/fr\/wp-json\/wp\/v2\/pages"}],"about":[{"href":"https:\/\/www.redex-group.com\/fr\/wp-json\/wp\/v2\/types\/page"}],"author":[{"embeddable":true,"href":"https:\/\/www.redex-group.com\/fr\/wp-json\/wp\/v2\/users\/1"}],"replies":[{"embeddable":true,"href":"https:\/\/www.redex-group.com\/fr\/wp-json\/wp\/v2\/comments?post=16813"}],"version-history":[{"count":10,"href":"https:\/\/www.redex-group.com\/fr\/wp-json\/wp\/v2\/pages\/16813\/revisions"}],"predecessor-version":[{"id":17074,"href":"https:\/\/www.redex-group.com\/fr\/wp-json\/wp\/v2\/pages\/16813\/revisions\/17074"}],"up":[{"embeddable":true,"href":"https:\/\/www.redex-group.com\/fr\/wp-json\/wp\/v2\/pages\/16801"}],"wp:attachment":[{"href":"https:\/\/www.redex-group.com\/fr\/wp-json\/wp\/v2\/media?parent=16813"}],"curies":[{"name":"wp","href":"https:\/\/api.w.org\/{rel}","templated":true}]}}