{"id":18999,"date":"2022-04-06T09:37:31","date_gmt":"2022-04-06T07:37:31","guid":{"rendered":"https:\/\/www.redex-group.com\/technologien-fur-die-bandbehandel\/focus-on-key-technologies\/super-snout\/"},"modified":"2023-06-26T12:44:24","modified_gmt":"2023-06-26T10:44:24","slug":"super-snout","status":"publish","type":"page","link":"https:\/\/www.redex-group.com\/de\/technologien-fur-die-bandbehandel\/focus-on-key-technologies\/super-snout\/","title":{"rendered":"Super snout"},"content":{"rendered":"\t\t<div data-elementor-type=\"wp-page\" data-elementor-id=\"18999\" class=\"elementor elementor-18999 elementor-6285\" data-elementor-post-type=\"page\">\n\t\t\t\t\t\t<section class=\"elementor-section elementor-top-section elementor-element elementor-element-20aa212 elementor-section-height-min-height elementor-section-boxed elementor-section-height-default elementor-section-items-middle\" data-id=\"20aa212\" data-element_type=\"section\" data-e-type=\"section\" data-settings=\"{&quot;background_background&quot;:&quot;classic&quot;,&quot;jet_parallax_layout_list&quot;:[]}\">\n\t\t\t\t\t\t\t<div class=\"elementor-background-overlay\"><\/div>\n\t\t\t\t\t\t\t<div class=\"elementor-container elementor-column-gap-default\">\n\t\t\t\t\t<div class=\"elementor-column elementor-col-50 elementor-top-column elementor-element elementor-element-a5b769d\" data-id=\"a5b769d\" data-element_type=\"column\" data-e-type=\"column\">\n\t\t\t<div class=\"elementor-widget-wrap elementor-element-populated\">\n\t\t\t\t\t\t<div class=\"elementor-element elementor-element-595a83b elementor-widget elementor-widget-heading\" data-id=\"595a83b\" data-element_type=\"widget\" data-e-type=\"widget\" data-widget_type=\"heading.default\">\n\t\t\t\t<div class=\"elementor-widget-container\">\n\t\t\t\t\t<h1 class=\"elementor-heading-title elementor-size-default\">Super snout<\/h1>\t\t\t\t<\/div>\n\t\t\t\t<\/div>\n\t\t\t\t\t<\/div>\n\t\t<\/div>\n\t\t\t\t<div class=\"elementor-column elementor-col-50 elementor-top-column elementor-element elementor-element-b7a8ba9\" data-id=\"b7a8ba9\" data-element_type=\"column\" data-e-type=\"column\">\n\t\t\t<div class=\"elementor-widget-wrap\">\n\t\t\t\t\t\t\t<\/div>\n\t\t<\/div>\n\t\t\t\t\t<\/div>\n\t\t<\/section>\n\t\t\t\t<section class=\"elementor-section elementor-top-section elementor-element elementor-element-09023c4 elementor-section-boxed elementor-section-height-default elementor-section-height-default\" data-id=\"09023c4\" data-element_type=\"section\" data-e-type=\"section\" data-settings=\"{&quot;jet_parallax_layout_list&quot;:[]}\">\n\t\t\t\t\t\t<div class=\"elementor-container elementor-column-gap-default\">\n\t\t\t\t\t<div class=\"elementor-column elementor-col-100 elementor-top-column elementor-element elementor-element-46ebf3a\" data-id=\"46ebf3a\" data-element_type=\"column\" data-e-type=\"column\" data-settings=\"{&quot;background_background&quot;:&quot;classic&quot;}\">\n\t\t\t<div class=\"elementor-widget-wrap elementor-element-populated\">\n\t\t\t\t\t\t<div class=\"elementor-element elementor-element-a86d41c elementor-widget elementor-widget-breadcrumbs\" data-id=\"a86d41c\" data-element_type=\"widget\" data-e-type=\"widget\" data-widget_type=\"breadcrumbs.default\">\n\t\t\t\t<div class=\"elementor-widget-container\">\n\t\t\t\t\t<p id=\"breadcrumbs\"><span><span><a href=\"https:\/\/www.redex-group.com\/de\/\">Startseite<\/a><\/span><\/span><\/p>\t\t\t\t<\/div>\n\t\t\t\t<\/div>\n\t\t\t\t\t<\/div>\n\t\t<\/div>\n\t\t\t\t\t<\/div>\n\t\t<\/section>\n\t\t\t\t<section class=\"elementor-section elementor-top-section elementor-element elementor-element-7fc6256 elementor-section-boxed elementor-section-height-default elementor-section-height-default\" data-id=\"7fc6256\" data-element_type=\"section\" data-e-type=\"section\" data-settings=\"{&quot;jet_parallax_layout_list&quot;:[]}\">\n\t\t\t\t\t\t<div class=\"elementor-container elementor-column-gap-default\">\n\t\t\t\t\t<div class=\"elementor-column elementor-col-50 elementor-top-column elementor-element elementor-element-3b9bbe4\" data-id=\"3b9bbe4\" data-element_type=\"column\" data-e-type=\"column\">\n\t\t\t<div class=\"elementor-widget-wrap elementor-element-populated\">\n\t\t\t\t\t\t<div class=\"elementor-element elementor-element-f38d1b6 elementor-widget elementor-widget-heading\" data-id=\"f38d1b6\" data-element_type=\"widget\" data-e-type=\"widget\" data-widget_type=\"heading.default\">\n\t\t\t\t<div class=\"elementor-widget-container\">\n\t\t\t\t\t<h2 class=\"elementor-heading-title elementor-size-default\">Strip-Bewegung<\/h2>\t\t\t\t<\/div>\n\t\t\t\t<\/div>\n\t\t\t\t<div class=\"elementor-element elementor-element-32ad71f elementor-widget elementor-widget-spacer\" data-id=\"32ad71f\" data-element_type=\"widget\" data-e-type=\"widget\" data-widget_type=\"spacer.default\">\n\t\t\t\t<div class=\"elementor-widget-container\">\n\t\t\t\t\t\t\t<div class=\"elementor-spacer\">\n\t\t\t<div class=\"elementor-spacer-inner\"><\/div>\n\t\t<\/div>\n\t\t\t\t\t\t<\/div>\n\t\t\t\t<\/div>\n\t\t\t\t<div class=\"elementor-element elementor-element-5432772 elementor-widget elementor-widget-text-editor\" data-id=\"5432772\" data-element_type=\"widget\" data-e-type=\"widget\" data-widget_type=\"text-editor.default\">\n\t\t\t\t<div class=\"elementor-widget-container\">\n\t\t\t\t\t\t\t\t\t<p>Durch die Schnauze wird das zu verzinkende Stahlband vom Durchlaufofen in das Zinkbad gef\u00fchrt.<br \/><br \/>Das moderne Design der Superschnauze wird eingesetzt, um die Oberfl\u00e4chenqualit\u00e4t der verzinkten Bleche, z.B. f\u00fcr die Au\u00dfenhaut von Automobilen, zu verbessern.<br \/><br \/>Die Hauptmerkmale sind die Schwenk- und Teleskopfunktion.<br \/><br \/>Der R\u00fcssel ist mit geeigneten Vorrichtungen zum Beheizen und Entfernen der mit Zinkdampf kontaminierten Innenatmosph\u00e4re ausgestattet.<br \/><br \/>F\u00fcr den Endanwender ergeben sich die folgenden Vorteile:<\/p><ul><li>Bessere Oberfl\u00e4chenqualit\u00e4t<\/li><li>Geringerer Zinkverbrauch<\/li><li>Deutlich h\u00f6here Produktionsgeschwindigkeiten<\/li><li>Verbesserte Prozesskontrolle.<\/li><\/ul>\t\t\t\t\t\t\t\t<\/div>\n\t\t\t\t<\/div>\n\t\t\t\t\t<\/div>\n\t\t<\/div>\n\t\t\t\t<div class=\"elementor-column elementor-col-50 elementor-top-column elementor-element elementor-element-c68dd00\" data-id=\"c68dd00\" data-element_type=\"column\" data-e-type=\"column\">\n\t\t\t<div class=\"elementor-widget-wrap elementor-element-populated\">\n\t\t\t\t\t\t<div class=\"elementor-element elementor-element-a7c14b8 elementor-widget elementor-widget-image\" data-id=\"a7c14b8\" data-element_type=\"widget\" data-e-type=\"widget\" data-widget_type=\"image.default\">\n\t\t\t\t<div class=\"elementor-widget-container\">\n\t\t\t\t\t\t\t\t\t\t\t\t\t\t\t<img fetchpriority=\"high\" decoding=\"async\" width=\"1600\" height=\"1200\" src=\"https:\/\/www.redex-group.com\/wp-content\/uploads\/2022\/04\/Super-snout-REDEXGROUP-1.jpg\" class=\"attachment-full size-full wp-image-12371\" alt=\"\" srcset=\"https:\/\/www.redex-group.com\/wp-content\/uploads\/2022\/04\/Super-snout-REDEXGROUP-1.jpg 1600w, https:\/\/www.redex-group.com\/wp-content\/uploads\/2022\/04\/Super-snout-REDEXGROUP-1-300x225.jpg 300w, https:\/\/www.redex-group.com\/wp-content\/uploads\/2022\/04\/Super-snout-REDEXGROUP-1-1024x768.jpg 1024w, https:\/\/www.redex-group.com\/wp-content\/uploads\/2022\/04\/Super-snout-REDEXGROUP-1-768x576.jpg 768w, https:\/\/www.redex-group.com\/wp-content\/uploads\/2022\/04\/Super-snout-REDEXGROUP-1-1536x1152.jpg 1536w\" sizes=\"(max-width: 1600px) 100vw, 1600px\" \/>\t\t\t\t\t\t\t\t\t\t\t\t\t\t\t<\/div>\n\t\t\t\t<\/div>\n\t\t\t\t\t<\/div>\n\t\t<\/div>\n\t\t\t\t\t<\/div>\n\t\t<\/section>\n\t\t\t\t<section class=\"elementor-section elementor-top-section elementor-element elementor-element-f1d7054 elementor-section-boxed elementor-section-height-default elementor-section-height-default\" data-id=\"f1d7054\" data-element_type=\"section\" data-e-type=\"section\" data-settings=\"{&quot;jet_parallax_layout_list&quot;:[]}\">\n\t\t\t\t\t\t<div class=\"elementor-container elementor-column-gap-default\">\n\t\t\t\t\t<div class=\"elementor-column elementor-col-100 elementor-top-column elementor-element elementor-element-2a050a5\" data-id=\"2a050a5\" data-element_type=\"column\" data-e-type=\"column\">\n\t\t\t<div class=\"elementor-widget-wrap elementor-element-populated\">\n\t\t\t\t\t\t<div class=\"elementor-element elementor-element-6861576 elementor-widget-divider--view-line elementor-widget elementor-widget-divider\" data-id=\"6861576\" data-element_type=\"widget\" data-e-type=\"widget\" data-widget_type=\"divider.default\">\n\t\t\t\t<div class=\"elementor-widget-container\">\n\t\t\t\t\t\t\t<div class=\"elementor-divider\">\n\t\t\t<span class=\"elementor-divider-separator\">\n\t\t\t\t\t\t<\/span>\n\t\t<\/div>\n\t\t\t\t\t\t<\/div>\n\t\t\t\t<\/div>\n\t\t\t\t\t<\/div>\n\t\t<\/div>\n\t\t\t\t\t<\/div>\n\t\t<\/section>\n\t\t\t\t<section class=\"elementor-section elementor-top-section elementor-element elementor-element-69d3e73 elementor-section-boxed elementor-section-height-default elementor-section-height-default\" data-id=\"69d3e73\" data-element_type=\"section\" data-e-type=\"section\" data-settings=\"{&quot;jet_parallax_layout_list&quot;:[]}\">\n\t\t\t\t\t\t<div class=\"elementor-container elementor-column-gap-default\">\n\t\t\t\t\t<div class=\"elementor-column elementor-col-100 elementor-top-column elementor-element elementor-element-8c12b2f\" data-id=\"8c12b2f\" data-element_type=\"column\" data-e-type=\"column\">\n\t\t\t<div class=\"elementor-widget-wrap elementor-element-populated\">\n\t\t\t\t\t\t<div class=\"elementor-element elementor-element-9900d6f elementor-arrows-position-inside elementor-pagination-position-outside elementor-widget elementor-widget-image-carousel\" data-id=\"9900d6f\" data-element_type=\"widget\" data-e-type=\"widget\" data-settings=\"{&quot;slides_to_show&quot;:&quot;3&quot;,&quot;image_spacing_custom&quot;:{&quot;unit&quot;:&quot;px&quot;,&quot;size&quot;:15,&quot;sizes&quot;:[]},&quot;navigation&quot;:&quot;both&quot;,&quot;autoplay&quot;:&quot;yes&quot;,&quot;pause_on_hover&quot;:&quot;yes&quot;,&quot;pause_on_interaction&quot;:&quot;yes&quot;,&quot;autoplay_speed&quot;:5000,&quot;infinite&quot;:&quot;yes&quot;,&quot;speed&quot;:500,&quot;image_spacing_custom_tablet&quot;:{&quot;unit&quot;:&quot;px&quot;,&quot;size&quot;:&quot;&quot;,&quot;sizes&quot;:[]},&quot;image_spacing_custom_mobile&quot;:{&quot;unit&quot;:&quot;px&quot;,&quot;size&quot;:&quot;&quot;,&quot;sizes&quot;:[]}}\" data-widget_type=\"image-carousel.default\">\n\t\t\t\t<div class=\"elementor-widget-container\">\n\t\t\t\t\t\t\t<div class=\"elementor-image-carousel-wrapper swiper\" role=\"region\" aria-roledescription=\"carousel\" aria-label=\"Bild Karussell\" dir=\"ltr\">\n\t\t\t<div class=\"elementor-image-carousel swiper-wrapper swiper-image-stretch\" aria-live=\"off\">\n\t\t\t\t\t\t\t\t<div class=\"swiper-slide\" role=\"group\" aria-roledescription=\"slide\" aria-label=\"1 von 3\"><figure class=\"swiper-slide-inner\"><img decoding=\"async\" class=\"swiper-slide-image\" src=\"https:\/\/www.redex-group.com\/wp-content\/uploads\/elementor\/thumbs\/Super-snout-REDEXGROUP-2-pq0b6ik6qnm974n55rxswbt2myizjcjazfasid80r4.jpg\" alt=\"Super-snout-REDEXGROUP-2\" \/><\/figure><\/div><div class=\"swiper-slide\" role=\"group\" aria-roledescription=\"slide\" aria-label=\"2 von 3\"><figure class=\"swiper-slide-inner\"><img decoding=\"async\" class=\"swiper-slide-image\" src=\"https:\/\/www.redex-group.com\/wp-content\/uploads\/elementor\/thumbs\/Super-snout-REDEXGROUP-3-pmyh79mp1afxjm5hr4gom5fguia1lrphxrcz8qz4cw.jpg\" alt=\"Super-snout-REDEXGROUP-3\" \/><\/figure><\/div><div class=\"swiper-slide\" role=\"group\" aria-roledescription=\"slide\" aria-label=\"3 von 3\"><figure class=\"swiper-slide-inner\"><img decoding=\"async\" class=\"swiper-slide-image\" src=\"https:\/\/www.redex-group.com\/wp-content\/uploads\/elementor\/thumbs\/Super-snout-REDEXGROUP-4-pq0b6ik6qnm974n55rxswbt2myizjcjazfasid80r4.jpg\" alt=\"Super-snout-REDEXGROUP-4\" \/><\/figure><\/div>\t\t\t<\/div>\n\t\t\t\t\t\t\t\t\t\t\t\t<div class=\"elementor-swiper-button elementor-swiper-button-prev\" role=\"button\" tabindex=\"0\">\n\t\t\t\t\t\t<i aria-hidden=\"true\" class=\"eicon-chevron-left\"><\/i>\t\t\t\t\t<\/div>\n\t\t\t\t\t<div class=\"elementor-swiper-button elementor-swiper-button-next\" role=\"button\" tabindex=\"0\">\n\t\t\t\t\t\t<i aria-hidden=\"true\" class=\"eicon-chevron-right\"><\/i>\t\t\t\t\t<\/div>\n\t\t\t\t\n\t\t\t\t\t\t\t\t\t<div class=\"swiper-pagination\"><\/div>\n\t\t\t\t\t\t\t\t\t<\/div>\n\t\t\t\t\t\t<\/div>\n\t\t\t\t<\/div>\n\t\t\t\t\t<\/div>\n\t\t<\/div>\n\t\t\t\t\t<\/div>\n\t\t<\/section>\n\t\t\t\t<section class=\"elementor-section elementor-top-section elementor-element elementor-element-f94cb6b elementor-section-boxed elementor-section-height-default elementor-section-height-default\" data-id=\"f94cb6b\" data-element_type=\"section\" data-e-type=\"section\" data-settings=\"{&quot;jet_parallax_layout_list&quot;:[]}\">\n\t\t\t\t\t\t<div class=\"elementor-container elementor-column-gap-default\">\n\t\t\t\t\t<div class=\"elementor-column elementor-col-100 elementor-top-column elementor-element elementor-element-655ef54\" data-id=\"655ef54\" data-element_type=\"column\" data-e-type=\"column\">\n\t\t\t<div class=\"elementor-widget-wrap elementor-element-populated\">\n\t\t\t\t\t\t<div class=\"elementor-element elementor-element-f6fc3ad elementor-widget-divider--view-line elementor-widget elementor-widget-divider\" data-id=\"f6fc3ad\" data-element_type=\"widget\" data-e-type=\"widget\" data-widget_type=\"divider.default\">\n\t\t\t\t<div class=\"elementor-widget-container\">\n\t\t\t\t\t\t\t<div class=\"elementor-divider\">\n\t\t\t<span class=\"elementor-divider-separator\">\n\t\t\t\t\t\t<\/span>\n\t\t<\/div>\n\t\t\t\t\t\t<\/div>\n\t\t\t\t<\/div>\n\t\t\t\t<div class=\"elementor-element elementor-element-9228b6c elementor-align-center elementor-mobile-align-justify elementor-widget-mobile__width-inherit elementor-widget elementor-widget-button\" data-id=\"9228b6c\" data-element_type=\"widget\" data-e-type=\"widget\" data-widget_type=\"button.default\">\n\t\t\t\t<div class=\"elementor-widget-container\">\n\t\t\t\t\t\t\t\t\t<div class=\"elementor-button-wrapper\">\n\t\t\t\t\t<a class=\"elementor-button elementor-button-link elementor-size-sm elementor-animation-float\" href=\"https:\/\/www.redex-group.com\/de\/technologien-fur-die-bandbehandel\/kontakt-bandbehandlungstechnologien\/\">\n\t\t\t\t\t\t<span class=\"elementor-button-content-wrapper\">\n\t\t\t\t\t\t<span class=\"elementor-button-icon\">\n\t\t\t\t<i aria-hidden=\"true\" class=\"fas fa-arrow-right\"><\/i>\t\t\t<\/span>\n\t\t\t\t\t\t\t\t\t<span class=\"elementor-button-text\">KONTAKTIEREN SIE UNS<\/span>\n\t\t\t\t\t<\/span>\n\t\t\t\t\t<\/a>\n\t\t\t\t<\/div>\n\t\t\t\t\t\t\t\t<\/div>\n\t\t\t\t<\/div>\n\t\t\t\t\t<\/div>\n\t\t<\/div>\n\t\t\t\t\t<\/div>\n\t\t<\/section>\n\t\t\t\t<\/div>\n\t\t","protected":false},"excerpt":{"rendered":"<p>Super snout Strip-Bewegung Durch die Schnauze wird das zu verzinkende Stahlband vom Durchlaufofen in das Zinkbad gef\u00fchrt. Das moderne Design der Superschnauze wird eingesetzt, um die Oberfl\u00e4chenqualit\u00e4t der verzinkten Bleche, z.B. f\u00fcr die Au\u00dfenhaut von Automobilen, zu verbessern. Die Hauptmerkmale sind die Schwenk- und Teleskopfunktion. Der R\u00fcssel ist mit geeigneten Vorrichtungen zum Beheizen und Entfernen [&hellip;]<\/p>\n","protected":false},"author":1,"featured_media":0,"parent":18841,"menu_order":0,"comment_status":"closed","ping_status":"closed","template":"","meta":{"footnotes":""},"class_list":["post-18999","page","type-page","status-publish","hentry"],"yoast_head":"<!-- This site is optimized with the Yoast SEO plugin v27.4 - https:\/\/yoast.com\/product\/yoast-seo-wordpress\/ -->\n<title>Super snout - Redex Group<\/title>\n<meta name=\"robots\" content=\"index, follow, max-snippet:-1, max-image-preview:large, max-video-preview:-1\" \/>\n<link rel=\"canonical\" href=\"https:\/\/www.redex-group.com\/de\/technologien-fur-die-bandbehandel\/focus-on-key-technologies\/super-snout\/\" \/>\n<meta property=\"og:locale\" content=\"de_DE\" \/>\n<meta property=\"og:type\" content=\"article\" \/>\n<meta property=\"og:title\" content=\"Super snout - Redex Group\" \/>\n<meta property=\"og:description\" content=\"Super snout Strip-Bewegung Durch die Schnauze wird das zu verzinkende Stahlband vom Durchlaufofen in das Zinkbad gef\u00fchrt. Das moderne Design der Superschnauze wird eingesetzt, um die Oberfl\u00e4chenqualit\u00e4t der verzinkten Bleche, z.B. f\u00fcr die Au\u00dfenhaut von Automobilen, zu verbessern. Die Hauptmerkmale sind die Schwenk- und Teleskopfunktion. Der R\u00fcssel ist mit geeigneten Vorrichtungen zum Beheizen und Entfernen [&hellip;]\" \/>\n<meta property=\"og:url\" content=\"https:\/\/www.redex-group.com\/de\/technologien-fur-die-bandbehandel\/focus-on-key-technologies\/super-snout\/\" \/>\n<meta property=\"og:site_name\" content=\"Redex Group\" \/>\n<meta property=\"article:modified_time\" content=\"2023-06-26T10:44:24+00:00\" \/>\n<meta property=\"og:image\" content=\"https:\/\/www.redex-group.com\/wp-content\/uploads\/2022\/04\/Super-snout-REDEXGROUP-1.jpg\" \/>\n<meta name=\"twitter:card\" content=\"summary_large_image\" \/>\n<meta name=\"twitter:label1\" content=\"Gesch\u00e4tzte Lesezeit\" \/>\n\t<meta name=\"twitter:data1\" content=\"3\u00a0Minuten\" \/>\n<script type=\"application\/ld+json\" class=\"yoast-schema-graph\">{\"@context\":\"https:\\\/\\\/schema.org\",\"@graph\":[{\"@type\":\"WebPage\",\"@id\":\"https:\\\/\\\/www.redex-group.com\\\/de\\\/technologien-fur-die-bandbehandel\\\/focus-on-key-technologies\\\/super-snout\\\/\",\"url\":\"https:\\\/\\\/www.redex-group.com\\\/de\\\/technologien-fur-die-bandbehandel\\\/focus-on-key-technologies\\\/super-snout\\\/\",\"name\":\"Super snout - Redex Group\",\"isPartOf\":{\"@id\":\"https:\\\/\\\/www.redex-group.com\\\/de\\\/#website\"},\"primaryImageOfPage\":{\"@id\":\"https:\\\/\\\/www.redex-group.com\\\/de\\\/technologien-fur-die-bandbehandel\\\/focus-on-key-technologies\\\/super-snout\\\/#primaryimage\"},\"image\":{\"@id\":\"https:\\\/\\\/www.redex-group.com\\\/de\\\/technologien-fur-die-bandbehandel\\\/focus-on-key-technologies\\\/super-snout\\\/#primaryimage\"},\"thumbnailUrl\":\"https:\\\/\\\/www.redex-group.com\\\/wp-content\\\/uploads\\\/2022\\\/04\\\/Super-snout-REDEXGROUP-1.jpg\",\"datePublished\":\"2022-04-06T07:37:31+00:00\",\"dateModified\":\"2023-06-26T10:44:24+00:00\",\"breadcrumb\":{\"@id\":\"https:\\\/\\\/www.redex-group.com\\\/de\\\/technologien-fur-die-bandbehandel\\\/focus-on-key-technologies\\\/super-snout\\\/#breadcrumb\"},\"inLanguage\":\"de\",\"potentialAction\":[{\"@type\":\"ReadAction\",\"target\":[\"https:\\\/\\\/www.redex-group.com\\\/de\\\/technologien-fur-die-bandbehandel\\\/focus-on-key-technologies\\\/super-snout\\\/\"]}]},{\"@type\":\"ImageObject\",\"inLanguage\":\"de\",\"@id\":\"https:\\\/\\\/www.redex-group.com\\\/de\\\/technologien-fur-die-bandbehandel\\\/focus-on-key-technologies\\\/super-snout\\\/#primaryimage\",\"url\":\"https:\\\/\\\/www.redex-group.com\\\/wp-content\\\/uploads\\\/2022\\\/04\\\/Super-snout-REDEXGROUP-1.jpg\",\"contentUrl\":\"https:\\\/\\\/www.redex-group.com\\\/wp-content\\\/uploads\\\/2022\\\/04\\\/Super-snout-REDEXGROUP-1.jpg\"},{\"@type\":\"BreadcrumbList\",\"@id\":\"https:\\\/\\\/www.redex-group.com\\\/de\\\/technologien-fur-die-bandbehandel\\\/focus-on-key-technologies\\\/super-snout\\\/#breadcrumb\",\"itemListElement\":[{\"@type\":\"ListItem\",\"position\":1,\"name\":\"Startseite\",\"item\":\"https:\\\/\\\/www.redex-group.com\\\/de\\\/\"},{\"@type\":\"ListItem\",\"position\":2,\"name\":\"Technologien f\u00fcr die Bandbehandel\",\"item\":\"https:\\\/\\\/www.redex-group.com\\\/de\\\/strip-processing-technologies\\\/\"},{\"@type\":\"ListItem\",\"position\":3,\"name\":\"Die wichtigsten Technologien\",\"item\":\"https:\\\/\\\/www.redex-group.com\\\/de\\\/strip-processing-technologies\\\/focus-on-key-technologies\\\/\"},{\"@type\":\"ListItem\",\"position\":4,\"name\":\"Super snout\"}]},{\"@type\":\"WebSite\",\"@id\":\"https:\\\/\\\/www.redex-group.com\\\/de\\\/#website\",\"url\":\"https:\\\/\\\/www.redex-group.com\\\/de\\\/\",\"name\":\"Redex Group\",\"description\":\"Great achievements start with us\",\"publisher\":{\"@id\":\"https:\\\/\\\/www.redex-group.com\\\/de\\\/#organization\"},\"potentialAction\":[{\"@type\":\"SearchAction\",\"target\":{\"@type\":\"EntryPoint\",\"urlTemplate\":\"https:\\\/\\\/www.redex-group.com\\\/de\\\/?s={search_term_string}\"},\"query-input\":{\"@type\":\"PropertyValueSpecification\",\"valueRequired\":true,\"valueName\":\"search_term_string\"}}],\"inLanguage\":\"de\"},{\"@type\":\"Organization\",\"@id\":\"https:\\\/\\\/www.redex-group.com\\\/de\\\/#organization\",\"name\":\"REDEX Group\",\"url\":\"https:\\\/\\\/www.redex-group.com\\\/de\\\/\",\"logo\":{\"@type\":\"ImageObject\",\"inLanguage\":\"de\",\"@id\":\"https:\\\/\\\/www.redex-group.com\\\/de\\\/#\\\/schema\\\/logo\\\/image\\\/\",\"url\":\"https:\\\/\\\/www.redex-group.com\\\/wp-content\\\/uploads\\\/2021\\\/09\\\/Logo-REDEX-Group-orange.png\",\"contentUrl\":\"https:\\\/\\\/www.redex-group.com\\\/wp-content\\\/uploads\\\/2021\\\/09\\\/Logo-REDEX-Group-orange.png\",\"width\":400,\"height\":107,\"caption\":\"REDEX Group\"},\"image\":{\"@id\":\"https:\\\/\\\/www.redex-group.com\\\/de\\\/#\\\/schema\\\/logo\\\/image\\\/\"}}]}<\/script>\n<!-- \/ Yoast SEO plugin. -->","yoast_head_json":{"title":"Super snout - Redex Group","robots":{"index":"index","follow":"follow","max-snippet":"max-snippet:-1","max-image-preview":"max-image-preview:large","max-video-preview":"max-video-preview:-1"},"canonical":"https:\/\/www.redex-group.com\/de\/technologien-fur-die-bandbehandel\/focus-on-key-technologies\/super-snout\/","og_locale":"de_DE","og_type":"article","og_title":"Super snout - Redex Group","og_description":"Super snout Strip-Bewegung Durch die Schnauze wird das zu verzinkende Stahlband vom Durchlaufofen in das Zinkbad gef\u00fchrt. Das moderne Design der Superschnauze wird eingesetzt, um die Oberfl\u00e4chenqualit\u00e4t der verzinkten Bleche, z.B. f\u00fcr die Au\u00dfenhaut von Automobilen, zu verbessern. Die Hauptmerkmale sind die Schwenk- und Teleskopfunktion. Der R\u00fcssel ist mit geeigneten Vorrichtungen zum Beheizen und Entfernen [&hellip;]","og_url":"https:\/\/www.redex-group.com\/de\/technologien-fur-die-bandbehandel\/focus-on-key-technologies\/super-snout\/","og_site_name":"Redex Group","article_modified_time":"2023-06-26T10:44:24+00:00","og_image":[{"url":"https:\/\/www.redex-group.com\/wp-content\/uploads\/2022\/04\/Super-snout-REDEXGROUP-1.jpg","type":"","width":"","height":""}],"twitter_card":"summary_large_image","twitter_misc":{"Gesch\u00e4tzte Lesezeit":"3\u00a0Minuten"},"schema":{"@context":"https:\/\/schema.org","@graph":[{"@type":"WebPage","@id":"https:\/\/www.redex-group.com\/de\/technologien-fur-die-bandbehandel\/focus-on-key-technologies\/super-snout\/","url":"https:\/\/www.redex-group.com\/de\/technologien-fur-die-bandbehandel\/focus-on-key-technologies\/super-snout\/","name":"Super snout - Redex Group","isPartOf":{"@id":"https:\/\/www.redex-group.com\/de\/#website"},"primaryImageOfPage":{"@id":"https:\/\/www.redex-group.com\/de\/technologien-fur-die-bandbehandel\/focus-on-key-technologies\/super-snout\/#primaryimage"},"image":{"@id":"https:\/\/www.redex-group.com\/de\/technologien-fur-die-bandbehandel\/focus-on-key-technologies\/super-snout\/#primaryimage"},"thumbnailUrl":"https:\/\/www.redex-group.com\/wp-content\/uploads\/2022\/04\/Super-snout-REDEXGROUP-1.jpg","datePublished":"2022-04-06T07:37:31+00:00","dateModified":"2023-06-26T10:44:24+00:00","breadcrumb":{"@id":"https:\/\/www.redex-group.com\/de\/technologien-fur-die-bandbehandel\/focus-on-key-technologies\/super-snout\/#breadcrumb"},"inLanguage":"de","potentialAction":[{"@type":"ReadAction","target":["https:\/\/www.redex-group.com\/de\/technologien-fur-die-bandbehandel\/focus-on-key-technologies\/super-snout\/"]}]},{"@type":"ImageObject","inLanguage":"de","@id":"https:\/\/www.redex-group.com\/de\/technologien-fur-die-bandbehandel\/focus-on-key-technologies\/super-snout\/#primaryimage","url":"https:\/\/www.redex-group.com\/wp-content\/uploads\/2022\/04\/Super-snout-REDEXGROUP-1.jpg","contentUrl":"https:\/\/www.redex-group.com\/wp-content\/uploads\/2022\/04\/Super-snout-REDEXGROUP-1.jpg"},{"@type":"BreadcrumbList","@id":"https:\/\/www.redex-group.com\/de\/technologien-fur-die-bandbehandel\/focus-on-key-technologies\/super-snout\/#breadcrumb","itemListElement":[{"@type":"ListItem","position":1,"name":"Startseite","item":"https:\/\/www.redex-group.com\/de\/"},{"@type":"ListItem","position":2,"name":"Technologien f\u00fcr die Bandbehandel","item":"https:\/\/www.redex-group.com\/de\/strip-processing-technologies\/"},{"@type":"ListItem","position":3,"name":"Die wichtigsten Technologien","item":"https:\/\/www.redex-group.com\/de\/strip-processing-technologies\/focus-on-key-technologies\/"},{"@type":"ListItem","position":4,"name":"Super snout"}]},{"@type":"WebSite","@id":"https:\/\/www.redex-group.com\/de\/#website","url":"https:\/\/www.redex-group.com\/de\/","name":"Redex Group","description":"Great achievements start with us","publisher":{"@id":"https:\/\/www.redex-group.com\/de\/#organization"},"potentialAction":[{"@type":"SearchAction","target":{"@type":"EntryPoint","urlTemplate":"https:\/\/www.redex-group.com\/de\/?s={search_term_string}"},"query-input":{"@type":"PropertyValueSpecification","valueRequired":true,"valueName":"search_term_string"}}],"inLanguage":"de"},{"@type":"Organization","@id":"https:\/\/www.redex-group.com\/de\/#organization","name":"REDEX Group","url":"https:\/\/www.redex-group.com\/de\/","logo":{"@type":"ImageObject","inLanguage":"de","@id":"https:\/\/www.redex-group.com\/de\/#\/schema\/logo\/image\/","url":"https:\/\/www.redex-group.com\/wp-content\/uploads\/2021\/09\/Logo-REDEX-Group-orange.png","contentUrl":"https:\/\/www.redex-group.com\/wp-content\/uploads\/2021\/09\/Logo-REDEX-Group-orange.png","width":400,"height":107,"caption":"REDEX Group"},"image":{"@id":"https:\/\/www.redex-group.com\/de\/#\/schema\/logo\/image\/"}}]}},"_links":{"self":[{"href":"https:\/\/www.redex-group.com\/de\/wp-json\/wp\/v2\/pages\/18999","targetHints":{"allow":["GET"]}}],"collection":[{"href":"https:\/\/www.redex-group.com\/de\/wp-json\/wp\/v2\/pages"}],"about":[{"href":"https:\/\/www.redex-group.com\/de\/wp-json\/wp\/v2\/types\/page"}],"author":[{"embeddable":true,"href":"https:\/\/www.redex-group.com\/de\/wp-json\/wp\/v2\/users\/1"}],"replies":[{"embeddable":true,"href":"https:\/\/www.redex-group.com\/de\/wp-json\/wp\/v2\/comments?post=18999"}],"version-history":[{"count":7,"href":"https:\/\/www.redex-group.com\/de\/wp-json\/wp\/v2\/pages\/18999\/revisions"}],"predecessor-version":[{"id":20034,"href":"https:\/\/www.redex-group.com\/de\/wp-json\/wp\/v2\/pages\/18999\/revisions\/20034"}],"up":[{"embeddable":true,"href":"https:\/\/www.redex-group.com\/de\/wp-json\/wp\/v2\/pages\/18841"}],"wp:attachment":[{"href":"https:\/\/www.redex-group.com\/de\/wp-json\/wp\/v2\/media?parent=18999"}],"curies":[{"name":"wp","href":"https:\/\/api.w.org\/{rel}","templated":true}]}}