{"id":18986,"date":"2022-04-06T09:37:17","date_gmt":"2022-04-06T07:37:17","guid":{"rendered":"https:\/\/www.redex-group.com\/technologien-fur-die-bandbehandel\/focus-on-key-technologies\/strip-motion\/"},"modified":"2023-07-25T16:24:53","modified_gmt":"2023-07-25T14:24:53","slug":"bandbewegung","status":"publish","type":"page","link":"https:\/\/www.redex-group.com\/de\/technologien-fur-die-bandbehandel\/focus-on-key-technologies\/bandbewegung\/","title":{"rendered":"Bandbewegung"},"content":{"rendered":"\t\t<div data-elementor-type=\"wp-page\" data-elementor-id=\"18986\" class=\"elementor elementor-18986 elementor-6284\" data-elementor-post-type=\"page\">\n\t\t\t\t\t\t<section class=\"elementor-section elementor-top-section elementor-element elementor-element-c2f3a9e elementor-section-height-min-height elementor-section-boxed elementor-section-height-default elementor-section-items-middle\" data-id=\"c2f3a9e\" data-element_type=\"section\" data-e-type=\"section\" data-settings=\"{&quot;background_background&quot;:&quot;classic&quot;,&quot;jet_parallax_layout_list&quot;:[]}\">\n\t\t\t\t\t\t\t<div class=\"elementor-background-overlay\"><\/div>\n\t\t\t\t\t\t\t<div class=\"elementor-container elementor-column-gap-default\">\n\t\t\t\t\t<div class=\"elementor-column elementor-col-50 elementor-top-column elementor-element elementor-element-08f290f\" data-id=\"08f290f\" data-element_type=\"column\" data-e-type=\"column\">\n\t\t\t<div class=\"elementor-widget-wrap elementor-element-populated\">\n\t\t\t\t\t\t<div class=\"elementor-element elementor-element-4029eb1 elementor-widget elementor-widget-heading\" data-id=\"4029eb1\" data-element_type=\"widget\" data-e-type=\"widget\" data-widget_type=\"heading.default\">\n\t\t\t\t<div class=\"elementor-widget-container\">\n\t\t\t\t\t<h1 class=\"elementor-heading-title elementor-size-default\">Bandbewegung<\/h1>\t\t\t\t<\/div>\n\t\t\t\t<\/div>\n\t\t\t\t\t<\/div>\n\t\t<\/div>\n\t\t\t\t<div class=\"elementor-column elementor-col-50 elementor-top-column elementor-element elementor-element-d728673\" data-id=\"d728673\" data-element_type=\"column\" data-e-type=\"column\">\n\t\t\t<div class=\"elementor-widget-wrap\">\n\t\t\t\t\t\t\t<\/div>\n\t\t<\/div>\n\t\t\t\t\t<\/div>\n\t\t<\/section>\n\t\t\t\t<section class=\"elementor-section elementor-top-section elementor-element elementor-element-d54a565 elementor-section-boxed elementor-section-height-default elementor-section-height-default\" data-id=\"d54a565\" data-element_type=\"section\" data-e-type=\"section\" data-settings=\"{&quot;jet_parallax_layout_list&quot;:[]}\">\n\t\t\t\t\t\t<div class=\"elementor-container elementor-column-gap-default\">\n\t\t\t\t\t<div class=\"elementor-column elementor-col-100 elementor-top-column elementor-element elementor-element-aeb3fca\" data-id=\"aeb3fca\" data-element_type=\"column\" data-e-type=\"column\" data-settings=\"{&quot;background_background&quot;:&quot;classic&quot;}\">\n\t\t\t<div class=\"elementor-widget-wrap elementor-element-populated\">\n\t\t\t\t\t\t<div class=\"elementor-element elementor-element-e65afb3 elementor-widget elementor-widget-breadcrumbs\" data-id=\"e65afb3\" data-element_type=\"widget\" data-e-type=\"widget\" data-widget_type=\"breadcrumbs.default\">\n\t\t\t\t<div class=\"elementor-widget-container\">\n\t\t\t\t\t<p id=\"breadcrumbs\"><span><span><a href=\"https:\/\/www.redex-group.com\/de\/\">Startseite<\/a><\/span><\/span><\/p>\t\t\t\t<\/div>\n\t\t\t\t<\/div>\n\t\t\t\t\t<\/div>\n\t\t<\/div>\n\t\t\t\t\t<\/div>\n\t\t<\/section>\n\t\t\t\t<section class=\"elementor-section elementor-top-section elementor-element elementor-element-7eba787 elementor-section-boxed elementor-section-height-default elementor-section-height-default\" data-id=\"7eba787\" data-element_type=\"section\" data-e-type=\"section\" data-settings=\"{&quot;jet_parallax_layout_list&quot;:[]}\">\n\t\t\t\t\t\t<div class=\"elementor-container elementor-column-gap-default\">\n\t\t\t\t\t<div class=\"elementor-column elementor-col-50 elementor-top-column elementor-element elementor-element-90db2e9\" data-id=\"90db2e9\" data-element_type=\"column\" data-e-type=\"column\">\n\t\t\t<div class=\"elementor-widget-wrap elementor-element-populated\">\n\t\t\t\t\t\t<div class=\"elementor-element elementor-element-3b0ba3a elementor-widget elementor-widget-heading\" data-id=\"3b0ba3a\" data-element_type=\"widget\" data-e-type=\"widget\" data-widget_type=\"heading.default\">\n\t\t\t\t<div class=\"elementor-widget-container\">\n\t\t\t\t\t<h2 class=\"elementor-heading-title elementor-size-default\">Bandbewegung<\/h2>\t\t\t\t<\/div>\n\t\t\t\t<\/div>\n\t\t\t\t<div class=\"elementor-element elementor-element-f89d30a elementor-widget elementor-widget-spacer\" data-id=\"f89d30a\" data-element_type=\"widget\" data-e-type=\"widget\" data-widget_type=\"spacer.default\">\n\t\t\t\t<div class=\"elementor-widget-container\">\n\t\t\t\t\t\t\t<div class=\"elementor-spacer\">\n\t\t\t<div class=\"elementor-spacer-inner\"><\/div>\n\t\t<\/div>\n\t\t\t\t\t\t<\/div>\n\t\t\t\t<\/div>\n\t\t\t\t<div class=\"elementor-element elementor-element-8130c08 elementor-widget elementor-widget-text-editor\" data-id=\"8130c08\" data-element_type=\"widget\" data-e-type=\"widget\" data-widget_type=\"text-editor.default\">\n\t\t\t\t<div class=\"elementor-widget-container\">\n\t\t\t\t\t\t\t\t\t<p>Die Spannungsregelung in Verarbeitungslinien f\u00fcr Metallb\u00e4nder betrifft mehrere m\u00f6gliche Probleme. Der Prozess der Erzielung hoher Spannungen durch ein Mehrmotoren-Antriebssystem, bei dem die Motoren mechanisch mit dem Band gekoppelt sind, wird durch das maximale Drehmoment jedes Antriebs, den Umschlingungswinkel und die Reibung zwischen dem Band und der Oberfl\u00e4che der Spannrolle beeinflusst, die auch von der Bandoberfl\u00e4che und davon abh\u00e4ngt, ob die Oberfl\u00e4che trocken oder \u00f6lig ist.<\/p>\n<p>Die Reibung selbst und der Umschlingungswinkel werden durch den e\u00b5\u03b1-Faktor beschrieben, der auch als Verh\u00e4ltnis der Bandspannungen im vorherigen Abschnitt und im nachfolgenden Abschnitt des Mehrmotorenantriebs berechnet werden kann.<\/p>\n<p>Das Know-how der REDEX Group hat kontinuierlich Software f\u00fcr die richtige Verteilung der Spannungen im Band f\u00fcr ein Mehrmotorenantriebssystem einer kontinuierlichen Verarbeitungslinie entwickelt.<\/p>\n<p>Die Definition der notwendigen Kinematik mit Motoren, Untersetzungsgetrieben, Kupplungen und Abrei\u00dfrollen in Verbindung mit der elektrischen Steuerung aller Motoren ist zwingend erforderlich, um gute Leistungen auf einer kontinuierlichen Linie zu erzielen.<\/p>\t\t\t\t\t\t\t\t<\/div>\n\t\t\t\t<\/div>\n\t\t\t\t\t<\/div>\n\t\t<\/div>\n\t\t\t\t<div class=\"elementor-column elementor-col-50 elementor-top-column elementor-element elementor-element-b5373b9\" data-id=\"b5373b9\" data-element_type=\"column\" data-e-type=\"column\">\n\t\t\t<div class=\"elementor-widget-wrap elementor-element-populated\">\n\t\t\t\t\t\t<div class=\"elementor-element elementor-element-e5f2496 elementor-widget elementor-widget-image\" data-id=\"e5f2496\" data-element_type=\"widget\" data-e-type=\"widget\" data-widget_type=\"image.default\">\n\t\t\t\t<div class=\"elementor-widget-container\">\n\t\t\t\t\t\t\t\t\t\t\t\t\t\t\t<img fetchpriority=\"high\" decoding=\"async\" width=\"633\" height=\"878\" src=\"https:\/\/www.redex-group.com\/wp-content\/uploads\/2022\/05\/strip-motion-spt-2.jpg\" class=\"attachment-full size-full wp-image-12855\" alt=\"\" srcset=\"https:\/\/www.redex-group.com\/wp-content\/uploads\/2022\/05\/strip-motion-spt-2.jpg 633w, https:\/\/www.redex-group.com\/wp-content\/uploads\/2022\/05\/strip-motion-spt-2-216x300.jpg 216w\" sizes=\"(max-width: 633px) 100vw, 633px\" \/>\t\t\t\t\t\t\t\t\t\t\t\t\t\t\t<\/div>\n\t\t\t\t<\/div>\n\t\t\t\t\t<\/div>\n\t\t<\/div>\n\t\t\t\t\t<\/div>\n\t\t<\/section>\n\t\t\t\t<section class=\"elementor-section elementor-top-section elementor-element elementor-element-fb60db6 elementor-section-boxed elementor-section-height-default elementor-section-height-default\" data-id=\"fb60db6\" data-element_type=\"section\" data-e-type=\"section\" data-settings=\"{&quot;jet_parallax_layout_list&quot;:[]}\">\n\t\t\t\t\t\t<div class=\"elementor-container elementor-column-gap-default\">\n\t\t\t\t\t<div class=\"elementor-column elementor-col-100 elementor-top-column elementor-element elementor-element-14108c8\" data-id=\"14108c8\" data-element_type=\"column\" data-e-type=\"column\">\n\t\t\t<div class=\"elementor-widget-wrap elementor-element-populated\">\n\t\t\t\t\t\t<div class=\"elementor-element elementor-element-8d962cc elementor-widget-divider--view-line elementor-widget elementor-widget-divider\" data-id=\"8d962cc\" data-element_type=\"widget\" data-e-type=\"widget\" data-widget_type=\"divider.default\">\n\t\t\t\t<div class=\"elementor-widget-container\">\n\t\t\t\t\t\t\t<div class=\"elementor-divider\">\n\t\t\t<span class=\"elementor-divider-separator\">\n\t\t\t\t\t\t<\/span>\n\t\t<\/div>\n\t\t\t\t\t\t<\/div>\n\t\t\t\t<\/div>\n\t\t\t\t\t<\/div>\n\t\t<\/div>\n\t\t\t\t\t<\/div>\n\t\t<\/section>\n\t\t\t\t<section class=\"elementor-section elementor-top-section elementor-element elementor-element-6ecf063 elementor-hidden-desktop elementor-hidden-tablet elementor-hidden-mobile elementor-section-boxed elementor-section-height-default elementor-section-height-default\" data-id=\"6ecf063\" data-element_type=\"section\" data-e-type=\"section\" data-settings=\"{&quot;jet_parallax_layout_list&quot;:[]}\">\n\t\t\t\t\t\t<div class=\"elementor-container elementor-column-gap-default\">\n\t\t\t\t\t<div class=\"elementor-column elementor-col-100 elementor-top-column elementor-element elementor-element-a7b3fa6\" data-id=\"a7b3fa6\" data-element_type=\"column\" data-e-type=\"column\">\n\t\t\t<div class=\"elementor-widget-wrap elementor-element-populated\">\n\t\t\t\t\t\t<div class=\"elementor-element elementor-element-e7c6305 elementor-arrows-position-inside elementor-pagination-position-outside elementor-widget elementor-widget-image-carousel\" data-id=\"e7c6305\" data-element_type=\"widget\" data-e-type=\"widget\" data-settings=\"{&quot;slides_to_show&quot;:&quot;3&quot;,&quot;image_spacing_custom&quot;:{&quot;unit&quot;:&quot;px&quot;,&quot;size&quot;:15,&quot;sizes&quot;:[]},&quot;navigation&quot;:&quot;both&quot;,&quot;autoplay&quot;:&quot;yes&quot;,&quot;pause_on_hover&quot;:&quot;yes&quot;,&quot;pause_on_interaction&quot;:&quot;yes&quot;,&quot;autoplay_speed&quot;:5000,&quot;infinite&quot;:&quot;yes&quot;,&quot;speed&quot;:500,&quot;image_spacing_custom_tablet&quot;:{&quot;unit&quot;:&quot;px&quot;,&quot;size&quot;:&quot;&quot;,&quot;sizes&quot;:[]},&quot;image_spacing_custom_mobile&quot;:{&quot;unit&quot;:&quot;px&quot;,&quot;size&quot;:&quot;&quot;,&quot;sizes&quot;:[]}}\" data-widget_type=\"image-carousel.default\">\n\t\t\t\t<div class=\"elementor-widget-container\">\n\t\t\t\t\t\t\t<div class=\"elementor-image-carousel-wrapper swiper\" role=\"region\" aria-roledescription=\"carousel\" aria-label=\"Bild Karussell\" dir=\"ltr\">\n\t\t\t<div class=\"elementor-image-carousel swiper-wrapper swiper-image-stretch\" aria-live=\"off\">\n\t\t\t\t\t\t\t\t<div class=\"swiper-slide\" role=\"group\" aria-roledescription=\"slide\" aria-label=\"1 von 3\"><figure class=\"swiper-slide-inner\"><img decoding=\"async\" class=\"swiper-slide-image\" src=\"https:\/\/www.redex-group.com\/wp-content\/uploads\/elementor\/thumbs\/strip-motion-spt-1-pq0aq9wknpdwlo8dzr7utfcd5akojm29f1is09aw9c.jpg\" alt=\"strip-motion-spt-1\" \/><\/figure><\/div><div class=\"swiper-slide\" role=\"group\" aria-roledescription=\"slide\" aria-label=\"2 von 3\"><figure class=\"swiper-slide-inner\"><img decoding=\"async\" class=\"swiper-slide-image\" src=\"https:\/\/www.redex-group.com\/wp-content\/uploads\/elementor\/thumbs\/strip-motion-spt-3-pq0aq9wknpdwlo8dzr7utfcd5akojm29f1is09aw9c.jpg\" alt=\"strip-motion-spt-3\" \/><\/figure><\/div><div class=\"swiper-slide\" role=\"group\" aria-roledescription=\"slide\" aria-label=\"3 von 3\"><figure class=\"swiper-slide-inner\"><img decoding=\"async\" class=\"swiper-slide-image\" src=\"https:\/\/www.redex-group.com\/wp-content\/uploads\/elementor\/thumbs\/strip-motion-spt-4-pq0aptxbfis14avll2b751dj1qrfwratoufiujyl74.jpg\" alt=\"strip-motion-spt-4\" \/><\/figure><\/div>\t\t\t<\/div>\n\t\t\t\t\t\t\t\t\t\t\t\t<div class=\"elementor-swiper-button elementor-swiper-button-prev\" role=\"button\" tabindex=\"0\">\n\t\t\t\t\t\t<i aria-hidden=\"true\" class=\"eicon-chevron-left\"><\/i>\t\t\t\t\t<\/div>\n\t\t\t\t\t<div class=\"elementor-swiper-button elementor-swiper-button-next\" role=\"button\" tabindex=\"0\">\n\t\t\t\t\t\t<i aria-hidden=\"true\" class=\"eicon-chevron-right\"><\/i>\t\t\t\t\t<\/div>\n\t\t\t\t\n\t\t\t\t\t\t\t\t\t<div class=\"swiper-pagination\"><\/div>\n\t\t\t\t\t\t\t\t\t<\/div>\n\t\t\t\t\t\t<\/div>\n\t\t\t\t<\/div>\n\t\t\t\t\t<\/div>\n\t\t<\/div>\n\t\t\t\t\t<\/div>\n\t\t<\/section>\n\t\t\t\t<section class=\"elementor-section elementor-top-section elementor-element elementor-element-5f7df99 elementor-section-boxed elementor-section-height-default elementor-section-height-default\" data-id=\"5f7df99\" data-element_type=\"section\" data-e-type=\"section\" data-settings=\"{&quot;jet_parallax_layout_list&quot;:[]}\">\n\t\t\t\t\t\t<div class=\"elementor-container elementor-column-gap-default\">\n\t\t\t\t\t<div class=\"elementor-column elementor-col-100 elementor-top-column elementor-element elementor-element-d134f9f\" data-id=\"d134f9f\" data-element_type=\"column\" data-e-type=\"column\">\n\t\t\t<div class=\"elementor-widget-wrap elementor-element-populated\">\n\t\t\t\t\t\t<div class=\"elementor-element elementor-element-f59c12f elementor-widget-divider--view-line elementor-widget elementor-widget-divider\" data-id=\"f59c12f\" data-element_type=\"widget\" data-e-type=\"widget\" data-widget_type=\"divider.default\">\n\t\t\t\t<div class=\"elementor-widget-container\">\n\t\t\t\t\t\t\t<div class=\"elementor-divider\">\n\t\t\t<span class=\"elementor-divider-separator\">\n\t\t\t\t\t\t<\/span>\n\t\t<\/div>\n\t\t\t\t\t\t<\/div>\n\t\t\t\t<\/div>\n\t\t\t\t<div class=\"elementor-element elementor-element-ab6c6ac elementor-align-center elementor-mobile-align-justify elementor-widget-mobile__width-inherit elementor-widget elementor-widget-button\" data-id=\"ab6c6ac\" data-element_type=\"widget\" data-e-type=\"widget\" data-widget_type=\"button.default\">\n\t\t\t\t<div class=\"elementor-widget-container\">\n\t\t\t\t\t\t\t\t\t<div class=\"elementor-button-wrapper\">\n\t\t\t\t\t<a class=\"elementor-button elementor-button-link elementor-size-sm elementor-animation-float\" href=\"https:\/\/www.redex-group.com\/de\/technologien-fur-die-bandbehandel\/kontakt-bandbehandlungstechnologien\/\">\n\t\t\t\t\t\t<span class=\"elementor-button-content-wrapper\">\n\t\t\t\t\t\t<span class=\"elementor-button-icon\">\n\t\t\t\t<i aria-hidden=\"true\" class=\"fas fa-arrow-right\"><\/i>\t\t\t<\/span>\n\t\t\t\t\t\t\t\t\t<span class=\"elementor-button-text\">KONTAKTIEREN SIE UNS<\/span>\n\t\t\t\t\t<\/span>\n\t\t\t\t\t<\/a>\n\t\t\t\t<\/div>\n\t\t\t\t\t\t\t\t<\/div>\n\t\t\t\t<\/div>\n\t\t\t\t\t<\/div>\n\t\t<\/div>\n\t\t\t\t\t<\/div>\n\t\t<\/section>\n\t\t\t\t<\/div>\n\t\t","protected":false},"excerpt":{"rendered":"<p>Bandbewegung Bandbewegung Die Spannungsregelung in Verarbeitungslinien f\u00fcr Metallb\u00e4nder betrifft mehrere m\u00f6gliche Probleme. Der Prozess der Erzielung hoher Spannungen durch ein Mehrmotoren-Antriebssystem, bei dem die Motoren mechanisch mit dem Band gekoppelt sind, wird durch das maximale Drehmoment jedes Antriebs, den Umschlingungswinkel und die Reibung zwischen dem Band und der Oberfl\u00e4che der Spannrolle beeinflusst, die auch von [&hellip;]<\/p>\n","protected":false},"author":1,"featured_media":0,"parent":18841,"menu_order":0,"comment_status":"closed","ping_status":"closed","template":"","meta":{"footnotes":""},"class_list":["post-18986","page","type-page","status-publish","hentry"],"yoast_head":"<!-- This site is optimized with the Yoast SEO plugin v27.4 - https:\/\/yoast.com\/product\/yoast-seo-wordpress\/ -->\n<title>Bandbewegung - Redex Group<\/title>\n<meta name=\"robots\" content=\"index, follow, max-snippet:-1, max-image-preview:large, max-video-preview:-1\" \/>\n<link rel=\"canonical\" href=\"https:\/\/www.redex-group.com\/de\/technologien-fur-die-bandbehandel\/focus-on-key-technologies\/bandbewegung\/\" \/>\n<meta property=\"og:locale\" content=\"de_DE\" \/>\n<meta property=\"og:type\" content=\"article\" \/>\n<meta property=\"og:title\" content=\"Bandbewegung - Redex Group\" \/>\n<meta property=\"og:description\" content=\"Bandbewegung Bandbewegung Die Spannungsregelung in Verarbeitungslinien f\u00fcr Metallb\u00e4nder betrifft mehrere m\u00f6gliche Probleme. Der Prozess der Erzielung hoher Spannungen durch ein Mehrmotoren-Antriebssystem, bei dem die Motoren mechanisch mit dem Band gekoppelt sind, wird durch das maximale Drehmoment jedes Antriebs, den Umschlingungswinkel und die Reibung zwischen dem Band und der Oberfl\u00e4che der Spannrolle beeinflusst, die auch von [&hellip;]\" \/>\n<meta property=\"og:url\" content=\"https:\/\/www.redex-group.com\/de\/technologien-fur-die-bandbehandel\/focus-on-key-technologies\/bandbewegung\/\" \/>\n<meta property=\"og:site_name\" content=\"Redex Group\" \/>\n<meta property=\"article:modified_time\" content=\"2023-07-25T14:24:53+00:00\" \/>\n<meta property=\"og:image\" content=\"https:\/\/www.redex-group.com\/wp-content\/uploads\/2022\/05\/strip-motion-spt-2.jpg\" \/>\n<meta name=\"twitter:card\" content=\"summary_large_image\" \/>\n<meta name=\"twitter:label1\" content=\"Gesch\u00e4tzte Lesezeit\" \/>\n\t<meta name=\"twitter:data1\" content=\"3\u00a0Minuten\" \/>\n<script type=\"application\/ld+json\" class=\"yoast-schema-graph\">{\"@context\":\"https:\\\/\\\/schema.org\",\"@graph\":[{\"@type\":\"WebPage\",\"@id\":\"https:\\\/\\\/www.redex-group.com\\\/de\\\/technologien-fur-die-bandbehandel\\\/focus-on-key-technologies\\\/bandbewegung\\\/\",\"url\":\"https:\\\/\\\/www.redex-group.com\\\/de\\\/technologien-fur-die-bandbehandel\\\/focus-on-key-technologies\\\/bandbewegung\\\/\",\"name\":\"Bandbewegung - Redex Group\",\"isPartOf\":{\"@id\":\"https:\\\/\\\/www.redex-group.com\\\/de\\\/#website\"},\"primaryImageOfPage\":{\"@id\":\"https:\\\/\\\/www.redex-group.com\\\/de\\\/technologien-fur-die-bandbehandel\\\/focus-on-key-technologies\\\/bandbewegung\\\/#primaryimage\"},\"image\":{\"@id\":\"https:\\\/\\\/www.redex-group.com\\\/de\\\/technologien-fur-die-bandbehandel\\\/focus-on-key-technologies\\\/bandbewegung\\\/#primaryimage\"},\"thumbnailUrl\":\"https:\\\/\\\/www.redex-group.com\\\/wp-content\\\/uploads\\\/2022\\\/05\\\/strip-motion-spt-2.jpg\",\"datePublished\":\"2022-04-06T07:37:17+00:00\",\"dateModified\":\"2023-07-25T14:24:53+00:00\",\"breadcrumb\":{\"@id\":\"https:\\\/\\\/www.redex-group.com\\\/de\\\/technologien-fur-die-bandbehandel\\\/focus-on-key-technologies\\\/bandbewegung\\\/#breadcrumb\"},\"inLanguage\":\"de\",\"potentialAction\":[{\"@type\":\"ReadAction\",\"target\":[\"https:\\\/\\\/www.redex-group.com\\\/de\\\/technologien-fur-die-bandbehandel\\\/focus-on-key-technologies\\\/bandbewegung\\\/\"]}]},{\"@type\":\"ImageObject\",\"inLanguage\":\"de\",\"@id\":\"https:\\\/\\\/www.redex-group.com\\\/de\\\/technologien-fur-die-bandbehandel\\\/focus-on-key-technologies\\\/bandbewegung\\\/#primaryimage\",\"url\":\"https:\\\/\\\/www.redex-group.com\\\/wp-content\\\/uploads\\\/2022\\\/05\\\/strip-motion-spt-2.jpg\",\"contentUrl\":\"https:\\\/\\\/www.redex-group.com\\\/wp-content\\\/uploads\\\/2022\\\/05\\\/strip-motion-spt-2.jpg\"},{\"@type\":\"BreadcrumbList\",\"@id\":\"https:\\\/\\\/www.redex-group.com\\\/de\\\/technologien-fur-die-bandbehandel\\\/focus-on-key-technologies\\\/bandbewegung\\\/#breadcrumb\",\"itemListElement\":[{\"@type\":\"ListItem\",\"position\":1,\"name\":\"Startseite\",\"item\":\"https:\\\/\\\/www.redex-group.com\\\/de\\\/\"},{\"@type\":\"ListItem\",\"position\":2,\"name\":\"Technologien f\u00fcr die Bandbehandel\",\"item\":\"https:\\\/\\\/www.redex-group.com\\\/de\\\/strip-processing-technologies\\\/\"},{\"@type\":\"ListItem\",\"position\":3,\"name\":\"Die wichtigsten Technologien\",\"item\":\"https:\\\/\\\/www.redex-group.com\\\/de\\\/strip-processing-technologies\\\/focus-on-key-technologies\\\/\"},{\"@type\":\"ListItem\",\"position\":4,\"name\":\"Bandbewegung\"}]},{\"@type\":\"WebSite\",\"@id\":\"https:\\\/\\\/www.redex-group.com\\\/de\\\/#website\",\"url\":\"https:\\\/\\\/www.redex-group.com\\\/de\\\/\",\"name\":\"Redex Group\",\"description\":\"Great achievements start with us\",\"publisher\":{\"@id\":\"https:\\\/\\\/www.redex-group.com\\\/de\\\/#organization\"},\"potentialAction\":[{\"@type\":\"SearchAction\",\"target\":{\"@type\":\"EntryPoint\",\"urlTemplate\":\"https:\\\/\\\/www.redex-group.com\\\/de\\\/?s={search_term_string}\"},\"query-input\":{\"@type\":\"PropertyValueSpecification\",\"valueRequired\":true,\"valueName\":\"search_term_string\"}}],\"inLanguage\":\"de\"},{\"@type\":\"Organization\",\"@id\":\"https:\\\/\\\/www.redex-group.com\\\/de\\\/#organization\",\"name\":\"REDEX Group\",\"url\":\"https:\\\/\\\/www.redex-group.com\\\/de\\\/\",\"logo\":{\"@type\":\"ImageObject\",\"inLanguage\":\"de\",\"@id\":\"https:\\\/\\\/www.redex-group.com\\\/de\\\/#\\\/schema\\\/logo\\\/image\\\/\",\"url\":\"https:\\\/\\\/www.redex-group.com\\\/wp-content\\\/uploads\\\/2021\\\/09\\\/Logo-REDEX-Group-orange.png\",\"contentUrl\":\"https:\\\/\\\/www.redex-group.com\\\/wp-content\\\/uploads\\\/2021\\\/09\\\/Logo-REDEX-Group-orange.png\",\"width\":400,\"height\":107,\"caption\":\"REDEX Group\"},\"image\":{\"@id\":\"https:\\\/\\\/www.redex-group.com\\\/de\\\/#\\\/schema\\\/logo\\\/image\\\/\"}}]}<\/script>\n<!-- \/ Yoast SEO plugin. -->","yoast_head_json":{"title":"Bandbewegung - Redex Group","robots":{"index":"index","follow":"follow","max-snippet":"max-snippet:-1","max-image-preview":"max-image-preview:large","max-video-preview":"max-video-preview:-1"},"canonical":"https:\/\/www.redex-group.com\/de\/technologien-fur-die-bandbehandel\/focus-on-key-technologies\/bandbewegung\/","og_locale":"de_DE","og_type":"article","og_title":"Bandbewegung - Redex Group","og_description":"Bandbewegung Bandbewegung Die Spannungsregelung in Verarbeitungslinien f\u00fcr Metallb\u00e4nder betrifft mehrere m\u00f6gliche Probleme. Der Prozess der Erzielung hoher Spannungen durch ein Mehrmotoren-Antriebssystem, bei dem die Motoren mechanisch mit dem Band gekoppelt sind, wird durch das maximale Drehmoment jedes Antriebs, den Umschlingungswinkel und die Reibung zwischen dem Band und der Oberfl\u00e4che der Spannrolle beeinflusst, die auch von [&hellip;]","og_url":"https:\/\/www.redex-group.com\/de\/technologien-fur-die-bandbehandel\/focus-on-key-technologies\/bandbewegung\/","og_site_name":"Redex Group","article_modified_time":"2023-07-25T14:24:53+00:00","og_image":[{"url":"https:\/\/www.redex-group.com\/wp-content\/uploads\/2022\/05\/strip-motion-spt-2.jpg","type":"","width":"","height":""}],"twitter_card":"summary_large_image","twitter_misc":{"Gesch\u00e4tzte Lesezeit":"3\u00a0Minuten"},"schema":{"@context":"https:\/\/schema.org","@graph":[{"@type":"WebPage","@id":"https:\/\/www.redex-group.com\/de\/technologien-fur-die-bandbehandel\/focus-on-key-technologies\/bandbewegung\/","url":"https:\/\/www.redex-group.com\/de\/technologien-fur-die-bandbehandel\/focus-on-key-technologies\/bandbewegung\/","name":"Bandbewegung - Redex Group","isPartOf":{"@id":"https:\/\/www.redex-group.com\/de\/#website"},"primaryImageOfPage":{"@id":"https:\/\/www.redex-group.com\/de\/technologien-fur-die-bandbehandel\/focus-on-key-technologies\/bandbewegung\/#primaryimage"},"image":{"@id":"https:\/\/www.redex-group.com\/de\/technologien-fur-die-bandbehandel\/focus-on-key-technologies\/bandbewegung\/#primaryimage"},"thumbnailUrl":"https:\/\/www.redex-group.com\/wp-content\/uploads\/2022\/05\/strip-motion-spt-2.jpg","datePublished":"2022-04-06T07:37:17+00:00","dateModified":"2023-07-25T14:24:53+00:00","breadcrumb":{"@id":"https:\/\/www.redex-group.com\/de\/technologien-fur-die-bandbehandel\/focus-on-key-technologies\/bandbewegung\/#breadcrumb"},"inLanguage":"de","potentialAction":[{"@type":"ReadAction","target":["https:\/\/www.redex-group.com\/de\/technologien-fur-die-bandbehandel\/focus-on-key-technologies\/bandbewegung\/"]}]},{"@type":"ImageObject","inLanguage":"de","@id":"https:\/\/www.redex-group.com\/de\/technologien-fur-die-bandbehandel\/focus-on-key-technologies\/bandbewegung\/#primaryimage","url":"https:\/\/www.redex-group.com\/wp-content\/uploads\/2022\/05\/strip-motion-spt-2.jpg","contentUrl":"https:\/\/www.redex-group.com\/wp-content\/uploads\/2022\/05\/strip-motion-spt-2.jpg"},{"@type":"BreadcrumbList","@id":"https:\/\/www.redex-group.com\/de\/technologien-fur-die-bandbehandel\/focus-on-key-technologies\/bandbewegung\/#breadcrumb","itemListElement":[{"@type":"ListItem","position":1,"name":"Startseite","item":"https:\/\/www.redex-group.com\/de\/"},{"@type":"ListItem","position":2,"name":"Technologien f\u00fcr die Bandbehandel","item":"https:\/\/www.redex-group.com\/de\/strip-processing-technologies\/"},{"@type":"ListItem","position":3,"name":"Die wichtigsten Technologien","item":"https:\/\/www.redex-group.com\/de\/strip-processing-technologies\/focus-on-key-technologies\/"},{"@type":"ListItem","position":4,"name":"Bandbewegung"}]},{"@type":"WebSite","@id":"https:\/\/www.redex-group.com\/de\/#website","url":"https:\/\/www.redex-group.com\/de\/","name":"Redex Group","description":"Great achievements start with us","publisher":{"@id":"https:\/\/www.redex-group.com\/de\/#organization"},"potentialAction":[{"@type":"SearchAction","target":{"@type":"EntryPoint","urlTemplate":"https:\/\/www.redex-group.com\/de\/?s={search_term_string}"},"query-input":{"@type":"PropertyValueSpecification","valueRequired":true,"valueName":"search_term_string"}}],"inLanguage":"de"},{"@type":"Organization","@id":"https:\/\/www.redex-group.com\/de\/#organization","name":"REDEX Group","url":"https:\/\/www.redex-group.com\/de\/","logo":{"@type":"ImageObject","inLanguage":"de","@id":"https:\/\/www.redex-group.com\/de\/#\/schema\/logo\/image\/","url":"https:\/\/www.redex-group.com\/wp-content\/uploads\/2021\/09\/Logo-REDEX-Group-orange.png","contentUrl":"https:\/\/www.redex-group.com\/wp-content\/uploads\/2021\/09\/Logo-REDEX-Group-orange.png","width":400,"height":107,"caption":"REDEX Group"},"image":{"@id":"https:\/\/www.redex-group.com\/de\/#\/schema\/logo\/image\/"}}]}},"_links":{"self":[{"href":"https:\/\/www.redex-group.com\/de\/wp-json\/wp\/v2\/pages\/18986","targetHints":{"allow":["GET"]}}],"collection":[{"href":"https:\/\/www.redex-group.com\/de\/wp-json\/wp\/v2\/pages"}],"about":[{"href":"https:\/\/www.redex-group.com\/de\/wp-json\/wp\/v2\/types\/page"}],"author":[{"embeddable":true,"href":"https:\/\/www.redex-group.com\/de\/wp-json\/wp\/v2\/users\/1"}],"replies":[{"embeddable":true,"href":"https:\/\/www.redex-group.com\/de\/wp-json\/wp\/v2\/comments?post=18986"}],"version-history":[{"count":10,"href":"https:\/\/www.redex-group.com\/de\/wp-json\/wp\/v2\/pages\/18986\/revisions"}],"predecessor-version":[{"id":20650,"href":"https:\/\/www.redex-group.com\/de\/wp-json\/wp\/v2\/pages\/18986\/revisions\/20650"}],"up":[{"embeddable":true,"href":"https:\/\/www.redex-group.com\/de\/wp-json\/wp\/v2\/pages\/18841"}],"wp:attachment":[{"href":"https:\/\/www.redex-group.com\/de\/wp-json\/wp\/v2\/media?parent=18986"}],"curies":[{"name":"wp","href":"https:\/\/api.w.org\/{rel}","templated":true}]}}