{"id":18953,"date":"2022-04-06T09:36:20","date_gmt":"2022-04-06T07:36:20","guid":{"rendered":"https:\/\/www.redex-group.com\/technologien-fur-die-bandbehandel\/focus-on-key-technologies\/alkaline-cleaning\/"},"modified":"2023-07-25T16:20:56","modified_gmt":"2023-07-25T14:20:56","slug":"alkalische-reinigung","status":"publish","type":"page","link":"https:\/\/www.redex-group.com\/de\/technologien-fur-die-bandbehandel\/focus-on-key-technologies\/alkalische-reinigung\/","title":{"rendered":"Alkalische Reinigung"},"content":{"rendered":"\t\t<div data-elementor-type=\"wp-page\" data-elementor-id=\"18953\" class=\"elementor elementor-18953 elementor-6281\" data-elementor-post-type=\"page\">\n\t\t\t\t\t\t<section class=\"elementor-section elementor-top-section elementor-element elementor-element-e8b3c33 elementor-section-height-min-height elementor-section-boxed elementor-section-height-default elementor-section-items-middle\" data-id=\"e8b3c33\" data-element_type=\"section\" data-e-type=\"section\" data-settings=\"{&quot;background_background&quot;:&quot;classic&quot;,&quot;jet_parallax_layout_list&quot;:[]}\">\n\t\t\t\t\t\t\t<div class=\"elementor-background-overlay\"><\/div>\n\t\t\t\t\t\t\t<div class=\"elementor-container elementor-column-gap-default\">\n\t\t\t\t\t<div class=\"elementor-column elementor-col-50 elementor-top-column elementor-element elementor-element-fbdc15a\" data-id=\"fbdc15a\" data-element_type=\"column\" data-e-type=\"column\">\n\t\t\t<div class=\"elementor-widget-wrap elementor-element-populated\">\n\t\t\t\t\t\t<div class=\"elementor-element elementor-element-3af0a85 elementor-widget elementor-widget-heading\" data-id=\"3af0a85\" data-element_type=\"widget\" data-e-type=\"widget\" data-widget_type=\"heading.default\">\n\t\t\t\t<div class=\"elementor-widget-container\">\n\t\t\t\t\t<h1 class=\"elementor-heading-title elementor-size-default\">Alkalische Reinigung<\/h1>\t\t\t\t<\/div>\n\t\t\t\t<\/div>\n\t\t\t\t\t<\/div>\n\t\t<\/div>\n\t\t\t\t<div class=\"elementor-column elementor-col-50 elementor-top-column elementor-element elementor-element-92cdb6a\" data-id=\"92cdb6a\" data-element_type=\"column\" data-e-type=\"column\">\n\t\t\t<div class=\"elementor-widget-wrap\">\n\t\t\t\t\t\t\t<\/div>\n\t\t<\/div>\n\t\t\t\t\t<\/div>\n\t\t<\/section>\n\t\t\t\t<section class=\"elementor-section elementor-top-section elementor-element elementor-element-3b8ca92 elementor-section-boxed elementor-section-height-default elementor-section-height-default\" data-id=\"3b8ca92\" data-element_type=\"section\" data-e-type=\"section\" data-settings=\"{&quot;jet_parallax_layout_list&quot;:[]}\">\n\t\t\t\t\t\t<div class=\"elementor-container elementor-column-gap-default\">\n\t\t\t\t\t<div class=\"elementor-column elementor-col-100 elementor-top-column elementor-element elementor-element-3dcb6e7\" data-id=\"3dcb6e7\" data-element_type=\"column\" data-e-type=\"column\" data-settings=\"{&quot;background_background&quot;:&quot;classic&quot;}\">\n\t\t\t<div class=\"elementor-widget-wrap elementor-element-populated\">\n\t\t\t\t\t\t<div class=\"elementor-element elementor-element-b16a796 elementor-widget elementor-widget-breadcrumbs\" data-id=\"b16a796\" data-element_type=\"widget\" data-e-type=\"widget\" data-widget_type=\"breadcrumbs.default\">\n\t\t\t\t<div class=\"elementor-widget-container\">\n\t\t\t\t\t<p id=\"breadcrumbs\"><span><span><a href=\"https:\/\/www.redex-group.com\/de\/\">Startseite<\/a><\/span><\/span><\/p>\t\t\t\t<\/div>\n\t\t\t\t<\/div>\n\t\t\t\t\t<\/div>\n\t\t<\/div>\n\t\t\t\t\t<\/div>\n\t\t<\/section>\n\t\t\t\t<section class=\"elementor-section elementor-top-section elementor-element elementor-element-d15b9ab elementor-section-boxed elementor-section-height-default elementor-section-height-default\" data-id=\"d15b9ab\" data-element_type=\"section\" data-e-type=\"section\" data-settings=\"{&quot;jet_parallax_layout_list&quot;:[]}\">\n\t\t\t\t\t\t<div class=\"elementor-container elementor-column-gap-default\">\n\t\t\t\t\t<div class=\"elementor-column elementor-col-50 elementor-top-column elementor-element elementor-element-0afd47c\" data-id=\"0afd47c\" data-element_type=\"column\" data-e-type=\"column\">\n\t\t\t<div class=\"elementor-widget-wrap elementor-element-populated\">\n\t\t\t\t\t\t<div class=\"elementor-element elementor-element-6cce3f6 elementor-widget elementor-widget-heading\" data-id=\"6cce3f6\" data-element_type=\"widget\" data-e-type=\"widget\" data-widget_type=\"heading.default\">\n\t\t\t\t<div class=\"elementor-widget-container\">\n\t\t\t\t\t<h2 class=\"elementor-heading-title elementor-size-default\">Alkalische Reinigung<\/h2>\t\t\t\t<\/div>\n\t\t\t\t<\/div>\n\t\t\t\t<div class=\"elementor-element elementor-element-83f3adc elementor-widget elementor-widget-spacer\" data-id=\"83f3adc\" data-element_type=\"widget\" data-e-type=\"widget\" data-widget_type=\"spacer.default\">\n\t\t\t\t<div class=\"elementor-widget-container\">\n\t\t\t\t\t\t\t<div class=\"elementor-spacer\">\n\t\t\t<div class=\"elementor-spacer-inner\"><\/div>\n\t\t<\/div>\n\t\t\t\t\t\t<\/div>\n\t\t\t\t<\/div>\n\t\t\t\t<div class=\"elementor-element elementor-element-053a7fd elementor-widget elementor-widget-text-editor\" data-id=\"053a7fd\" data-element_type=\"widget\" data-e-type=\"widget\" data-widget_type=\"text-editor.default\">\n\t\t\t\t<div class=\"elementor-widget-container\">\n\t\t\t\t\t\t\t\t\t<p>Kosteng\u00fcnstige Produktion mit garantierter Qualit\u00e4t ist der Schl\u00fcssel zur Bandherstellung.<\/p><p>Die Reinigung des Bandes ist einer der wichtigsten Zwischenprozesse, die den nachgelagerten Prozess vorantreiben, um die beste Oberfl\u00e4chenqualit\u00e4t zu erzielen.<\/p><p>Das Wissen der Experten der REDEX Group dar\u00fcber, wie chemische oder mechanische Behandlungen am effektivsten sein k\u00f6nnen, ist ein wesentliches Element f\u00fcr die Definition der besten kontinuierlichen L\u00f6sung, bei der Kosten und Wettbewerbsf\u00e4higkeit den Erfolg bestimmen.<\/p><p>Die Reinigung besteht aus einer alkalischen Sektion, einer Sp\u00fclsektion und einer Trockenzone.<br \/>Spr\u00fchbalken, B\u00fcrsteneinheiten, Quetschwalzen und modernes Design machen die L\u00f6sungen der REDEX Group fortschrittlich und umweltfreundlich im Vergleich zu den meisten anderen auf dem Markt erh\u00e4ltlichen L\u00f6sungen.<\/p><p>Eine Wasseraufbereitungsanlage mit getrennten Kreisl\u00e4ufen, verschiedenen Filtrationsarten, Wassererw\u00e4rmung und automatischer Laugensteuerung vervollst\u00e4ndigt die Reinigungsanlage.&#8220;<\/p>\t\t\t\t\t\t\t\t<\/div>\n\t\t\t\t<\/div>\n\t\t\t\t\t<\/div>\n\t\t<\/div>\n\t\t\t\t<div class=\"elementor-column elementor-col-50 elementor-top-column elementor-element elementor-element-d4f4fca\" data-id=\"d4f4fca\" data-element_type=\"column\" data-e-type=\"column\">\n\t\t\t<div class=\"elementor-widget-wrap elementor-element-populated\">\n\t\t\t\t\t\t<div class=\"elementor-element elementor-element-05a62ba elementor-widget elementor-widget-image\" data-id=\"05a62ba\" data-element_type=\"widget\" data-e-type=\"widget\" data-widget_type=\"image.default\">\n\t\t\t\t<div class=\"elementor-widget-container\">\n\t\t\t\t\t\t\t\t\t\t\t\t\t\t\t<img fetchpriority=\"high\" decoding=\"async\" width=\"637\" height=\"368\" src=\"https:\/\/www.redex-group.com\/wp-content\/uploads\/2022\/05\/cleaning-line-spt-3.png\" class=\"attachment-full size-full wp-image-12841\" alt=\"\" srcset=\"https:\/\/www.redex-group.com\/wp-content\/uploads\/2022\/05\/cleaning-line-spt-3.png 637w, https:\/\/www.redex-group.com\/wp-content\/uploads\/2022\/05\/cleaning-line-spt-3-300x173.png 300w\" sizes=\"(max-width: 637px) 100vw, 637px\" \/>\t\t\t\t\t\t\t\t\t\t\t\t\t\t\t<\/div>\n\t\t\t\t<\/div>\n\t\t\t\t\t<\/div>\n\t\t<\/div>\n\t\t\t\t\t<\/div>\n\t\t<\/section>\n\t\t\t\t<section class=\"elementor-section elementor-top-section elementor-element elementor-element-9f2b24b elementor-section-boxed elementor-section-height-default elementor-section-height-default\" data-id=\"9f2b24b\" data-element_type=\"section\" data-e-type=\"section\" data-settings=\"{&quot;jet_parallax_layout_list&quot;:[]}\">\n\t\t\t\t\t\t<div class=\"elementor-container elementor-column-gap-default\">\n\t\t\t\t\t<div class=\"elementor-column elementor-col-100 elementor-top-column elementor-element elementor-element-f647855\" data-id=\"f647855\" data-element_type=\"column\" data-e-type=\"column\">\n\t\t\t<div class=\"elementor-widget-wrap elementor-element-populated\">\n\t\t\t\t\t\t<div class=\"elementor-element elementor-element-dc90dd6 elementor-widget-divider--view-line elementor-widget elementor-widget-divider\" data-id=\"dc90dd6\" data-element_type=\"widget\" data-e-type=\"widget\" data-widget_type=\"divider.default\">\n\t\t\t\t<div class=\"elementor-widget-container\">\n\t\t\t\t\t\t\t<div class=\"elementor-divider\">\n\t\t\t<span class=\"elementor-divider-separator\">\n\t\t\t\t\t\t<\/span>\n\t\t<\/div>\n\t\t\t\t\t\t<\/div>\n\t\t\t\t<\/div>\n\t\t\t\t\t<\/div>\n\t\t<\/div>\n\t\t\t\t\t<\/div>\n\t\t<\/section>\n\t\t\t\t<section class=\"elementor-section elementor-top-section elementor-element elementor-element-429ce6b elementor-section-boxed elementor-section-height-default elementor-section-height-default\" data-id=\"429ce6b\" data-element_type=\"section\" data-e-type=\"section\" data-settings=\"{&quot;jet_parallax_layout_list&quot;:[]}\">\n\t\t\t\t\t\t<div class=\"elementor-container elementor-column-gap-default\">\n\t\t\t\t\t<div class=\"elementor-column elementor-col-100 elementor-top-column elementor-element elementor-element-b4b8ee6\" data-id=\"b4b8ee6\" data-element_type=\"column\" data-e-type=\"column\">\n\t\t\t<div class=\"elementor-widget-wrap elementor-element-populated\">\n\t\t\t\t\t\t<div class=\"elementor-element elementor-element-1d8fe9d elementor-arrows-position-inside elementor-pagination-position-outside elementor-widget elementor-widget-image-carousel\" data-id=\"1d8fe9d\" data-element_type=\"widget\" data-e-type=\"widget\" data-settings=\"{&quot;slides_to_show&quot;:&quot;3&quot;,&quot;image_spacing_custom&quot;:{&quot;unit&quot;:&quot;px&quot;,&quot;size&quot;:15,&quot;sizes&quot;:[]},&quot;navigation&quot;:&quot;both&quot;,&quot;autoplay&quot;:&quot;yes&quot;,&quot;pause_on_hover&quot;:&quot;yes&quot;,&quot;pause_on_interaction&quot;:&quot;yes&quot;,&quot;autoplay_speed&quot;:5000,&quot;infinite&quot;:&quot;yes&quot;,&quot;speed&quot;:500,&quot;image_spacing_custom_tablet&quot;:{&quot;unit&quot;:&quot;px&quot;,&quot;size&quot;:&quot;&quot;,&quot;sizes&quot;:[]},&quot;image_spacing_custom_mobile&quot;:{&quot;unit&quot;:&quot;px&quot;,&quot;size&quot;:&quot;&quot;,&quot;sizes&quot;:[]}}\" data-widget_type=\"image-carousel.default\">\n\t\t\t\t<div class=\"elementor-widget-container\">\n\t\t\t\t\t\t\t<div class=\"elementor-image-carousel-wrapper swiper\" role=\"region\" aria-roledescription=\"carousel\" aria-label=\"Bild Karussell\" dir=\"ltr\">\n\t\t\t<div class=\"elementor-image-carousel swiper-wrapper swiper-image-stretch\" aria-live=\"off\">\n\t\t\t\t\t\t\t\t<div class=\"swiper-slide\" role=\"group\" aria-roledescription=\"slide\" aria-label=\"1 von 3\"><figure class=\"swiper-slide-inner\"><img decoding=\"async\" class=\"swiper-slide-image\" src=\"https:\/\/www.redex-group.com\/wp-content\/uploads\/elementor\/thumbs\/cleaning-line-spt-1-pq0ar3zeqej2x70p447x17r45mgfdxdo76ebd42aq8.jpg\" alt=\"cleaning-line-spt-1\" \/><\/figure><\/div><div class=\"swiper-slide\" role=\"group\" aria-roledescription=\"slide\" aria-label=\"2 von 3\"><figure class=\"swiper-slide-inner\"><img decoding=\"async\" class=\"swiper-slide-image\" src=\"https:\/\/www.redex-group.com\/wp-content\/uploads\/elementor\/thumbs\/cleaning-line-spt-2-pq0ar3zeqej2x70p447x17r45mgfdxdo76ebd42aq8.jpg\" alt=\"cleaning-line-spt-2\" \/><\/figure><\/div><div class=\"swiper-slide\" role=\"group\" aria-roledescription=\"slide\" aria-label=\"3 von 3\"><figure class=\"swiper-slide-inner\"><img decoding=\"async\" class=\"swiper-slide-image\" src=\"https:\/\/www.redex-group.com\/wp-content\/uploads\/elementor\/thumbs\/cleaning-line-spt-4-pq0aqoxzp1yhrfmjjxpvxbjqngijyrpyt3yjooolhs.jpg\" alt=\"cleaning-line-spt-4\" \/><\/figure><\/div>\t\t\t<\/div>\n\t\t\t\t\t\t\t\t\t\t\t\t<div class=\"elementor-swiper-button elementor-swiper-button-prev\" role=\"button\" tabindex=\"0\">\n\t\t\t\t\t\t<i aria-hidden=\"true\" class=\"eicon-chevron-left\"><\/i>\t\t\t\t\t<\/div>\n\t\t\t\t\t<div class=\"elementor-swiper-button elementor-swiper-button-next\" role=\"button\" tabindex=\"0\">\n\t\t\t\t\t\t<i aria-hidden=\"true\" class=\"eicon-chevron-right\"><\/i>\t\t\t\t\t<\/div>\n\t\t\t\t\n\t\t\t\t\t\t\t\t\t<div class=\"swiper-pagination\"><\/div>\n\t\t\t\t\t\t\t\t\t<\/div>\n\t\t\t\t\t\t<\/div>\n\t\t\t\t<\/div>\n\t\t\t\t\t<\/div>\n\t\t<\/div>\n\t\t\t\t\t<\/div>\n\t\t<\/section>\n\t\t\t\t<section class=\"elementor-section elementor-top-section elementor-element elementor-element-bfca2b9 elementor-section-boxed elementor-section-height-default elementor-section-height-default\" data-id=\"bfca2b9\" data-element_type=\"section\" data-e-type=\"section\" data-settings=\"{&quot;jet_parallax_layout_list&quot;:[]}\">\n\t\t\t\t\t\t<div class=\"elementor-container elementor-column-gap-default\">\n\t\t\t\t\t<div class=\"elementor-column elementor-col-100 elementor-top-column elementor-element elementor-element-1837c99\" data-id=\"1837c99\" data-element_type=\"column\" data-e-type=\"column\">\n\t\t\t<div class=\"elementor-widget-wrap elementor-element-populated\">\n\t\t\t\t\t\t<div class=\"elementor-element elementor-element-183a457 elementor-widget-divider--view-line elementor-widget elementor-widget-divider\" data-id=\"183a457\" data-element_type=\"widget\" data-e-type=\"widget\" data-widget_type=\"divider.default\">\n\t\t\t\t<div class=\"elementor-widget-container\">\n\t\t\t\t\t\t\t<div class=\"elementor-divider\">\n\t\t\t<span class=\"elementor-divider-separator\">\n\t\t\t\t\t\t<\/span>\n\t\t<\/div>\n\t\t\t\t\t\t<\/div>\n\t\t\t\t<\/div>\n\t\t\t\t<div class=\"elementor-element elementor-element-9e9d5eb elementor-align-center elementor-mobile-align-justify elementor-widget-mobile__width-inherit elementor-widget elementor-widget-button\" data-id=\"9e9d5eb\" data-element_type=\"widget\" data-e-type=\"widget\" data-widget_type=\"button.default\">\n\t\t\t\t<div class=\"elementor-widget-container\">\n\t\t\t\t\t\t\t\t\t<div class=\"elementor-button-wrapper\">\n\t\t\t\t\t<a class=\"elementor-button elementor-button-link elementor-size-sm elementor-animation-float\" href=\"https:\/\/www.redex-group.com\/de\/technologien-fur-die-bandbehandel\/kontakt-bandbehandlungstechnologien\/\">\n\t\t\t\t\t\t<span class=\"elementor-button-content-wrapper\">\n\t\t\t\t\t\t<span class=\"elementor-button-icon\">\n\t\t\t\t<i aria-hidden=\"true\" class=\"fas fa-arrow-right\"><\/i>\t\t\t<\/span>\n\t\t\t\t\t\t\t\t\t<span class=\"elementor-button-text\">KONTAKTIEREN SIE UNS<\/span>\n\t\t\t\t\t<\/span>\n\t\t\t\t\t<\/a>\n\t\t\t\t<\/div>\n\t\t\t\t\t\t\t\t<\/div>\n\t\t\t\t<\/div>\n\t\t\t\t\t<\/div>\n\t\t<\/div>\n\t\t\t\t\t<\/div>\n\t\t<\/section>\n\t\t\t\t<\/div>\n\t\t","protected":false},"excerpt":{"rendered":"<p>Alkalische Reinigung Alkalische Reinigung Kosteng\u00fcnstige Produktion mit garantierter Qualit\u00e4t ist der Schl\u00fcssel zur Bandherstellung. Die Reinigung des Bandes ist einer der wichtigsten Zwischenprozesse, die den nachgelagerten Prozess vorantreiben, um die beste Oberfl\u00e4chenqualit\u00e4t zu erzielen. Das Wissen der Experten der REDEX Group dar\u00fcber, wie chemische oder mechanische Behandlungen am effektivsten sein k\u00f6nnen, ist ein wesentliches Element [&hellip;]<\/p>\n","protected":false},"author":1,"featured_media":0,"parent":18841,"menu_order":0,"comment_status":"closed","ping_status":"closed","template":"","meta":{"footnotes":""},"class_list":["post-18953","page","type-page","status-publish","hentry"],"yoast_head":"<!-- This site is optimized with the Yoast SEO plugin v27.2 - https:\/\/yoast.com\/product\/yoast-seo-wordpress\/ -->\n<title>Alkalische Reinigung - Redex Group<\/title>\n<meta name=\"robots\" content=\"index, follow, max-snippet:-1, max-image-preview:large, max-video-preview:-1\" \/>\n<link rel=\"canonical\" href=\"https:\/\/www.redex-group.com\/de\/technologien-fur-die-bandbehandel\/focus-on-key-technologies\/alkalische-reinigung\/\" \/>\n<meta property=\"og:locale\" content=\"de_DE\" \/>\n<meta property=\"og:type\" content=\"article\" \/>\n<meta property=\"og:title\" content=\"Alkalische Reinigung - Redex Group\" \/>\n<meta property=\"og:description\" content=\"Alkalische Reinigung Alkalische Reinigung Kosteng\u00fcnstige Produktion mit garantierter Qualit\u00e4t ist der Schl\u00fcssel zur Bandherstellung. Die Reinigung des Bandes ist einer der wichtigsten Zwischenprozesse, die den nachgelagerten Prozess vorantreiben, um die beste Oberfl\u00e4chenqualit\u00e4t zu erzielen. Das Wissen der Experten der REDEX Group dar\u00fcber, wie chemische oder mechanische Behandlungen am effektivsten sein k\u00f6nnen, ist ein wesentliches Element [&hellip;]\" \/>\n<meta property=\"og:url\" content=\"https:\/\/www.redex-group.com\/de\/technologien-fur-die-bandbehandel\/focus-on-key-technologies\/alkalische-reinigung\/\" \/>\n<meta property=\"og:site_name\" content=\"Redex Group\" \/>\n<meta property=\"article:modified_time\" content=\"2023-07-25T14:20:56+00:00\" \/>\n<meta property=\"og:image\" content=\"https:\/\/www.redex-group.com\/wp-content\/uploads\/2022\/05\/cleaning-line-spt-3.png\" \/>\n<meta name=\"twitter:card\" content=\"summary_large_image\" \/>\n<meta name=\"twitter:label1\" content=\"Gesch\u00e4tzte Lesezeit\" \/>\n\t<meta name=\"twitter:data1\" content=\"3\u00a0Minuten\" \/>\n<script type=\"application\/ld+json\" class=\"yoast-schema-graph\">{\"@context\":\"https:\/\/schema.org\",\"@graph\":[{\"@type\":\"WebPage\",\"@id\":\"https:\/\/www.redex-group.com\/de\/technologien-fur-die-bandbehandel\/focus-on-key-technologies\/alkalische-reinigung\/\",\"url\":\"https:\/\/www.redex-group.com\/de\/technologien-fur-die-bandbehandel\/focus-on-key-technologies\/alkalische-reinigung\/\",\"name\":\"Alkalische Reinigung - Redex Group\",\"isPartOf\":{\"@id\":\"https:\/\/www.redex-group.com\/de\/#website\"},\"primaryImageOfPage\":{\"@id\":\"https:\/\/www.redex-group.com\/de\/technologien-fur-die-bandbehandel\/focus-on-key-technologies\/alkalische-reinigung\/#primaryimage\"},\"image\":{\"@id\":\"https:\/\/www.redex-group.com\/de\/technologien-fur-die-bandbehandel\/focus-on-key-technologies\/alkalische-reinigung\/#primaryimage\"},\"thumbnailUrl\":\"https:\/\/www.redex-group.com\/wp-content\/uploads\/2022\/05\/cleaning-line-spt-3.png\",\"datePublished\":\"2022-04-06T07:36:20+00:00\",\"dateModified\":\"2023-07-25T14:20:56+00:00\",\"breadcrumb\":{\"@id\":\"https:\/\/www.redex-group.com\/de\/technologien-fur-die-bandbehandel\/focus-on-key-technologies\/alkalische-reinigung\/#breadcrumb\"},\"inLanguage\":\"de\",\"potentialAction\":[{\"@type\":\"ReadAction\",\"target\":[\"https:\/\/www.redex-group.com\/de\/technologien-fur-die-bandbehandel\/focus-on-key-technologies\/alkalische-reinigung\/\"]}]},{\"@type\":\"ImageObject\",\"inLanguage\":\"de\",\"@id\":\"https:\/\/www.redex-group.com\/de\/technologien-fur-die-bandbehandel\/focus-on-key-technologies\/alkalische-reinigung\/#primaryimage\",\"url\":\"https:\/\/www.redex-group.com\/wp-content\/uploads\/2022\/05\/cleaning-line-spt-3.png\",\"contentUrl\":\"https:\/\/www.redex-group.com\/wp-content\/uploads\/2022\/05\/cleaning-line-spt-3.png\"},{\"@type\":\"BreadcrumbList\",\"@id\":\"https:\/\/www.redex-group.com\/de\/technologien-fur-die-bandbehandel\/focus-on-key-technologies\/alkalische-reinigung\/#breadcrumb\",\"itemListElement\":[{\"@type\":\"ListItem\",\"position\":1,\"name\":\"Startseite\",\"item\":\"https:\/\/www.redex-group.com\/de\/\"},{\"@type\":\"ListItem\",\"position\":2,\"name\":\"Technologien f\u00fcr die Bandbehandel\",\"item\":\"https:\/\/www.redex-group.com\/de\/strip-processing-technologies\/\"},{\"@type\":\"ListItem\",\"position\":3,\"name\":\"Die wichtigsten Technologien\",\"item\":\"https:\/\/www.redex-group.com\/de\/strip-processing-technologies\/focus-on-key-technologies\/\"},{\"@type\":\"ListItem\",\"position\":4,\"name\":\"Alkalische Reinigung\"}]},{\"@type\":\"WebSite\",\"@id\":\"https:\/\/www.redex-group.com\/de\/#website\",\"url\":\"https:\/\/www.redex-group.com\/de\/\",\"name\":\"Redex Group\",\"description\":\"Great achievements start with us\",\"publisher\":{\"@id\":\"https:\/\/www.redex-group.com\/de\/#organization\"},\"potentialAction\":[{\"@type\":\"SearchAction\",\"target\":{\"@type\":\"EntryPoint\",\"urlTemplate\":\"https:\/\/www.redex-group.com\/de\/?s={search_term_string}\"},\"query-input\":{\"@type\":\"PropertyValueSpecification\",\"valueRequired\":true,\"valueName\":\"search_term_string\"}}],\"inLanguage\":\"de\"},{\"@type\":\"Organization\",\"@id\":\"https:\/\/www.redex-group.com\/de\/#organization\",\"name\":\"REDEX Group\",\"url\":\"https:\/\/www.redex-group.com\/de\/\",\"logo\":{\"@type\":\"ImageObject\",\"inLanguage\":\"de\",\"@id\":\"https:\/\/www.redex-group.com\/de\/#\/schema\/logo\/image\/\",\"url\":\"https:\/\/www.redex-group.com\/wp-content\/uploads\/2021\/09\/Logo-REDEX-Group-orange.png\",\"contentUrl\":\"https:\/\/www.redex-group.com\/wp-content\/uploads\/2021\/09\/Logo-REDEX-Group-orange.png\",\"width\":400,\"height\":107,\"caption\":\"REDEX Group\"},\"image\":{\"@id\":\"https:\/\/www.redex-group.com\/de\/#\/schema\/logo\/image\/\"}}]}<\/script>\n<!-- \/ Yoast SEO plugin. -->","yoast_head_json":{"title":"Alkalische Reinigung - Redex Group","robots":{"index":"index","follow":"follow","max-snippet":"max-snippet:-1","max-image-preview":"max-image-preview:large","max-video-preview":"max-video-preview:-1"},"canonical":"https:\/\/www.redex-group.com\/de\/technologien-fur-die-bandbehandel\/focus-on-key-technologies\/alkalische-reinigung\/","og_locale":"de_DE","og_type":"article","og_title":"Alkalische Reinigung - Redex Group","og_description":"Alkalische Reinigung Alkalische Reinigung Kosteng\u00fcnstige Produktion mit garantierter Qualit\u00e4t ist der Schl\u00fcssel zur Bandherstellung. Die Reinigung des Bandes ist einer der wichtigsten Zwischenprozesse, die den nachgelagerten Prozess vorantreiben, um die beste Oberfl\u00e4chenqualit\u00e4t zu erzielen. Das Wissen der Experten der REDEX Group dar\u00fcber, wie chemische oder mechanische Behandlungen am effektivsten sein k\u00f6nnen, ist ein wesentliches Element [&hellip;]","og_url":"https:\/\/www.redex-group.com\/de\/technologien-fur-die-bandbehandel\/focus-on-key-technologies\/alkalische-reinigung\/","og_site_name":"Redex Group","article_modified_time":"2023-07-25T14:20:56+00:00","og_image":[{"url":"https:\/\/www.redex-group.com\/wp-content\/uploads\/2022\/05\/cleaning-line-spt-3.png","type":"","width":"","height":""}],"twitter_card":"summary_large_image","twitter_misc":{"Gesch\u00e4tzte Lesezeit":"3\u00a0Minuten"},"schema":{"@context":"https:\/\/schema.org","@graph":[{"@type":"WebPage","@id":"https:\/\/www.redex-group.com\/de\/technologien-fur-die-bandbehandel\/focus-on-key-technologies\/alkalische-reinigung\/","url":"https:\/\/www.redex-group.com\/de\/technologien-fur-die-bandbehandel\/focus-on-key-technologies\/alkalische-reinigung\/","name":"Alkalische Reinigung - Redex Group","isPartOf":{"@id":"https:\/\/www.redex-group.com\/de\/#website"},"primaryImageOfPage":{"@id":"https:\/\/www.redex-group.com\/de\/technologien-fur-die-bandbehandel\/focus-on-key-technologies\/alkalische-reinigung\/#primaryimage"},"image":{"@id":"https:\/\/www.redex-group.com\/de\/technologien-fur-die-bandbehandel\/focus-on-key-technologies\/alkalische-reinigung\/#primaryimage"},"thumbnailUrl":"https:\/\/www.redex-group.com\/wp-content\/uploads\/2022\/05\/cleaning-line-spt-3.png","datePublished":"2022-04-06T07:36:20+00:00","dateModified":"2023-07-25T14:20:56+00:00","breadcrumb":{"@id":"https:\/\/www.redex-group.com\/de\/technologien-fur-die-bandbehandel\/focus-on-key-technologies\/alkalische-reinigung\/#breadcrumb"},"inLanguage":"de","potentialAction":[{"@type":"ReadAction","target":["https:\/\/www.redex-group.com\/de\/technologien-fur-die-bandbehandel\/focus-on-key-technologies\/alkalische-reinigung\/"]}]},{"@type":"ImageObject","inLanguage":"de","@id":"https:\/\/www.redex-group.com\/de\/technologien-fur-die-bandbehandel\/focus-on-key-technologies\/alkalische-reinigung\/#primaryimage","url":"https:\/\/www.redex-group.com\/wp-content\/uploads\/2022\/05\/cleaning-line-spt-3.png","contentUrl":"https:\/\/www.redex-group.com\/wp-content\/uploads\/2022\/05\/cleaning-line-spt-3.png"},{"@type":"BreadcrumbList","@id":"https:\/\/www.redex-group.com\/de\/technologien-fur-die-bandbehandel\/focus-on-key-technologies\/alkalische-reinigung\/#breadcrumb","itemListElement":[{"@type":"ListItem","position":1,"name":"Startseite","item":"https:\/\/www.redex-group.com\/de\/"},{"@type":"ListItem","position":2,"name":"Technologien f\u00fcr die Bandbehandel","item":"https:\/\/www.redex-group.com\/de\/strip-processing-technologies\/"},{"@type":"ListItem","position":3,"name":"Die wichtigsten Technologien","item":"https:\/\/www.redex-group.com\/de\/strip-processing-technologies\/focus-on-key-technologies\/"},{"@type":"ListItem","position":4,"name":"Alkalische Reinigung"}]},{"@type":"WebSite","@id":"https:\/\/www.redex-group.com\/de\/#website","url":"https:\/\/www.redex-group.com\/de\/","name":"Redex Group","description":"Great achievements start with us","publisher":{"@id":"https:\/\/www.redex-group.com\/de\/#organization"},"potentialAction":[{"@type":"SearchAction","target":{"@type":"EntryPoint","urlTemplate":"https:\/\/www.redex-group.com\/de\/?s={search_term_string}"},"query-input":{"@type":"PropertyValueSpecification","valueRequired":true,"valueName":"search_term_string"}}],"inLanguage":"de"},{"@type":"Organization","@id":"https:\/\/www.redex-group.com\/de\/#organization","name":"REDEX Group","url":"https:\/\/www.redex-group.com\/de\/","logo":{"@type":"ImageObject","inLanguage":"de","@id":"https:\/\/www.redex-group.com\/de\/#\/schema\/logo\/image\/","url":"https:\/\/www.redex-group.com\/wp-content\/uploads\/2021\/09\/Logo-REDEX-Group-orange.png","contentUrl":"https:\/\/www.redex-group.com\/wp-content\/uploads\/2021\/09\/Logo-REDEX-Group-orange.png","width":400,"height":107,"caption":"REDEX Group"},"image":{"@id":"https:\/\/www.redex-group.com\/de\/#\/schema\/logo\/image\/"}}]}},"_links":{"self":[{"href":"https:\/\/www.redex-group.com\/de\/wp-json\/wp\/v2\/pages\/18953","targetHints":{"allow":["GET"]}}],"collection":[{"href":"https:\/\/www.redex-group.com\/de\/wp-json\/wp\/v2\/pages"}],"about":[{"href":"https:\/\/www.redex-group.com\/de\/wp-json\/wp\/v2\/types\/page"}],"author":[{"embeddable":true,"href":"https:\/\/www.redex-group.com\/de\/wp-json\/wp\/v2\/users\/1"}],"replies":[{"embeddable":true,"href":"https:\/\/www.redex-group.com\/de\/wp-json\/wp\/v2\/comments?post=18953"}],"version-history":[{"count":10,"href":"https:\/\/www.redex-group.com\/de\/wp-json\/wp\/v2\/pages\/18953\/revisions"}],"predecessor-version":[{"id":20641,"href":"https:\/\/www.redex-group.com\/de\/wp-json\/wp\/v2\/pages\/18953\/revisions\/20641"}],"up":[{"embeddable":true,"href":"https:\/\/www.redex-group.com\/de\/wp-json\/wp\/v2\/pages\/18841"}],"wp:attachment":[{"href":"https:\/\/www.redex-group.com\/de\/wp-json\/wp\/v2\/media?parent=18953"}],"curies":[{"name":"wp","href":"https:\/\/api.w.org\/{rel}","templated":true}]}}