{"id":18598,"date":"2022-02-24T09:35:46","date_gmt":"2022-02-24T08:35:46","guid":{"rendered":"https:\/\/www.redex-group.com\/technologien-fur-die-bandbehandel\/der-kundendienst\/consulting-engineering-for-process-optimization\/"},"modified":"2023-07-25T16:28:30","modified_gmt":"2023-07-25T14:28:30","slug":"beratung-engineering-fur-prozessoptimierung-anlagenmodernisierung","status":"publish","type":"page","link":"https:\/\/www.redex-group.com\/de\/technologien-fur-die-bandbehandel\/der-kundendienst\/beratung-engineering-fur-prozessoptimierung-anlagenmodernisierung\/","title":{"rendered":"Beratung &amp; Engineering f\u00fcr Prozessoptimierung &amp; Anlagenmodernisierung"},"content":{"rendered":"\t\t<div data-elementor-type=\"wp-page\" data-elementor-id=\"18598\" class=\"elementor elementor-18598 elementor-2590\" data-elementor-post-type=\"page\">\n\t\t\t\t\t\t<section class=\"elementor-section elementor-top-section elementor-element elementor-element-0d7980e elementor-section-height-min-height elementor-section-boxed elementor-section-height-default elementor-section-items-middle\" data-id=\"0d7980e\" data-element_type=\"section\" data-e-type=\"section\" data-settings=\"{&quot;background_background&quot;:&quot;classic&quot;,&quot;jet_parallax_layout_list&quot;:[]}\">\n\t\t\t\t\t\t\t<div class=\"elementor-background-overlay\"><\/div>\n\t\t\t\t\t\t\t<div class=\"elementor-container elementor-column-gap-default\">\n\t\t\t\t\t<div class=\"elementor-column elementor-col-100 elementor-top-column elementor-element elementor-element-afc5758\" data-id=\"afc5758\" data-element_type=\"column\" data-e-type=\"column\">\n\t\t\t<div class=\"elementor-widget-wrap elementor-element-populated\">\n\t\t\t\t\t\t<div class=\"elementor-element elementor-element-5e93a1f elementor-widget elementor-widget-heading\" data-id=\"5e93a1f\" data-element_type=\"widget\" data-e-type=\"widget\" data-widget_type=\"heading.default\">\n\t\t\t\t<div class=\"elementor-widget-container\">\n\t\t\t\t\t<h2 class=\"elementor-heading-title elementor-size-default\">Beratung &amp; Engineering f\u00fcr Prozessoptimierung &amp; Anlagenmodernisierung<\/h2>\t\t\t\t<\/div>\n\t\t\t\t<\/div>\n\t\t\t\t\t<\/div>\n\t\t<\/div>\n\t\t\t\t\t<\/div>\n\t\t<\/section>\n\t\t\t\t<section class=\"elementor-section elementor-top-section elementor-element elementor-element-98dae22 elementor-section-boxed elementor-section-height-default elementor-section-height-default\" data-id=\"98dae22\" data-element_type=\"section\" data-e-type=\"section\" data-settings=\"{&quot;jet_parallax_layout_list&quot;:[]}\">\n\t\t\t\t\t\t<div class=\"elementor-container elementor-column-gap-default\">\n\t\t\t\t\t<div class=\"elementor-column elementor-col-100 elementor-top-column elementor-element elementor-element-1686658\" data-id=\"1686658\" data-element_type=\"column\" data-e-type=\"column\" data-settings=\"{&quot;background_background&quot;:&quot;classic&quot;}\">\n\t\t\t<div class=\"elementor-widget-wrap elementor-element-populated\">\n\t\t\t\t\t\t<div class=\"elementor-element elementor-element-95b0e23 elementor-widget elementor-widget-breadcrumbs\" data-id=\"95b0e23\" data-element_type=\"widget\" data-e-type=\"widget\" data-widget_type=\"breadcrumbs.default\">\n\t\t\t\t<div class=\"elementor-widget-container\">\n\t\t\t\t\t<p id=\"breadcrumbs\"><span><span><a href=\"https:\/\/www.redex-group.com\/de\/\">Startseite<\/a><\/span><\/span><\/p>\t\t\t\t<\/div>\n\t\t\t\t<\/div>\n\t\t\t\t\t<\/div>\n\t\t<\/div>\n\t\t\t\t\t<\/div>\n\t\t<\/section>\n\t\t\t\t<section class=\"elementor-section elementor-top-section elementor-element elementor-element-dfc4de7 elementor-section-boxed elementor-section-height-default elementor-section-height-default\" data-id=\"dfc4de7\" data-element_type=\"section\" data-e-type=\"section\" data-settings=\"{&quot;jet_parallax_layout_list&quot;:[]}\">\n\t\t\t\t\t\t<div class=\"elementor-container elementor-column-gap-default\">\n\t\t\t\t\t<div class=\"elementor-column elementor-col-50 elementor-top-column elementor-element elementor-element-13364b7\" data-id=\"13364b7\" data-element_type=\"column\" data-e-type=\"column\">\n\t\t\t<div class=\"elementor-widget-wrap elementor-element-populated\">\n\t\t\t\t\t\t<div class=\"elementor-element elementor-element-ff5baa6 elementor-widget elementor-widget-heading\" data-id=\"ff5baa6\" data-element_type=\"widget\" data-e-type=\"widget\" data-widget_type=\"heading.default\">\n\t\t\t\t<div class=\"elementor-widget-container\">\n\t\t\t\t\t<h2 class=\"elementor-heading-title elementor-size-default\">Beratung &amp; Engineering f\u00fcr Prozessoptimierung &amp; Anlagenmodernisierung<\/h2>\t\t\t\t<\/div>\n\t\t\t\t<\/div>\n\t\t\t\t<div class=\"elementor-element elementor-element-2018a99 elementor-widget elementor-widget-spacer\" data-id=\"2018a99\" data-element_type=\"widget\" data-e-type=\"widget\" data-widget_type=\"spacer.default\">\n\t\t\t\t<div class=\"elementor-widget-container\">\n\t\t\t\t\t\t\t<div class=\"elementor-spacer\">\n\t\t\t<div class=\"elementor-spacer-inner\"><\/div>\n\t\t<\/div>\n\t\t\t\t\t\t<\/div>\n\t\t\t\t<\/div>\n\t\t\t\t<div class=\"elementor-element elementor-element-64284b7 elementor-widget elementor-widget-text-editor\" data-id=\"64284b7\" data-element_type=\"widget\" data-e-type=\"widget\" data-widget_type=\"text-editor.default\">\n\t\t\t\t<div class=\"elementor-widget-container\">\n\t\t\t\t\t\t\t\t\t<p>Neben der Lieferung neuer Anlagen sind unsere langj\u00e4hrige Erfahrung beim Kunden, die Unterst\u00fctzung bei der Verbesserung von Prozessen, die Wartung und die kontinuierliche \u00dcberwachung und Analyse der R\u00fcckmeldungen unserer Kunden die Schl\u00fcsselfaktoren f\u00fcr unsere F\u00e4higkeit, bestehende Anlagen oder das Design neuer Anlagen zu verbessern und neue Technologien und Strategien f\u00fcr effiziente Produktionslinien zu entwickeln.<br \/>Unsere Vision ist es, eng mit unseren Kunden zusammenzuarbeiten, um ihre Leistung zu steigern und globale L\u00f6sungen auf der Grundlage modernster Anlagen und digitaler Systeme anzubieten.<\/p><p>Mit unserer Vision streben wir danach, unseren Kunden wettbewerbsf\u00e4hige, innovative L\u00f6sungen und Dienstleistungen f\u00fcr die Modernisierung bestehender Verarbeitungslinien und Walzwerke anzubieten.<\/p><p>Dabei stehen die exakte Planung der Umbau- und Inbetriebnahmephasen sowie die Kapazit\u00e4tssteigerung und eine steile Hochlaufkurve nach der Wiederinbetriebnahme im Vordergrund.<\/p><p>Das gesamte erforderliche Know-how ist in unserer Gruppe vorhanden, der Prozess wird in der Projektphase zwischen uns und dem Kunden definiert, die komplette elektrische Ausr\u00fcstung wird geplant, mit Standard-Hardwarekomponenten montiert und von Ingenieuren der REDEX Group in Betrieb genommen.<\/p><p>Die enge Zusammenarbeit der verschiedenen Spezialisten aus den Bereichen Sicherheit, Automatisierung, Elektrik, Hydraulik und Mechanik in einem Unternehmen reduziert das Fehlerrisiko deutlich und tr\u00e4gt so zum optimalen Erfolg des Kundenprojekts bei.&#8220;<\/p>\t\t\t\t\t\t\t\t<\/div>\n\t\t\t\t<\/div>\n\t\t\t\t\t<\/div>\n\t\t<\/div>\n\t\t\t\t<div class=\"elementor-column elementor-col-50 elementor-top-column elementor-element elementor-element-bd5eebf\" data-id=\"bd5eebf\" data-element_type=\"column\" data-e-type=\"column\">\n\t\t\t<div class=\"elementor-widget-wrap elementor-element-populated\">\n\t\t\t\t\t\t<div class=\"elementor-element elementor-element-7799d95 elementor-widget elementor-widget-image\" data-id=\"7799d95\" data-element_type=\"widget\" data-e-type=\"widget\" data-widget_type=\"image.default\">\n\t\t\t\t<div class=\"elementor-widget-container\">\n\t\t\t\t\t\t\t\t\t\t\t\t\t\t\t<img fetchpriority=\"high\" decoding=\"async\" width=\"1600\" height=\"1067\" src=\"https:\/\/www.redex-group.com\/wp-content\/uploads\/2022\/04\/consulting-engineering.jpg\" class=\"attachment-full size-full wp-image-12441\" alt=\"\" srcset=\"https:\/\/www.redex-group.com\/wp-content\/uploads\/2022\/04\/consulting-engineering.jpg 1600w, https:\/\/www.redex-group.com\/wp-content\/uploads\/2022\/04\/consulting-engineering-300x200.jpg 300w, https:\/\/www.redex-group.com\/wp-content\/uploads\/2022\/04\/consulting-engineering-1024x683.jpg 1024w, https:\/\/www.redex-group.com\/wp-content\/uploads\/2022\/04\/consulting-engineering-768x512.jpg 768w, https:\/\/www.redex-group.com\/wp-content\/uploads\/2022\/04\/consulting-engineering-1536x1024.jpg 1536w\" sizes=\"(max-width: 1600px) 100vw, 1600px\" \/>\t\t\t\t\t\t\t\t\t\t\t\t\t\t\t<\/div>\n\t\t\t\t<\/div>\n\t\t\t\t\t<\/div>\n\t\t<\/div>\n\t\t\t\t\t<\/div>\n\t\t<\/section>\n\t\t\t\t<section class=\"elementor-section elementor-top-section elementor-element elementor-element-f233b86 elementor-section-boxed elementor-section-height-default elementor-section-height-default\" data-id=\"f233b86\" data-element_type=\"section\" data-e-type=\"section\" data-settings=\"{&quot;jet_parallax_layout_list&quot;:[]}\">\n\t\t\t\t\t\t<div class=\"elementor-container elementor-column-gap-default\">\n\t\t\t\t\t<div class=\"elementor-column elementor-col-100 elementor-top-column elementor-element elementor-element-87c7bd8\" data-id=\"87c7bd8\" data-element_type=\"column\" data-e-type=\"column\">\n\t\t\t<div class=\"elementor-widget-wrap elementor-element-populated\">\n\t\t\t\t\t\t<div class=\"elementor-element elementor-element-5507204 elementor-widget-divider--view-line elementor-widget elementor-widget-divider\" data-id=\"5507204\" data-element_type=\"widget\" data-e-type=\"widget\" data-widget_type=\"divider.default\">\n\t\t\t\t<div class=\"elementor-widget-container\">\n\t\t\t\t\t\t\t<div class=\"elementor-divider\">\n\t\t\t<span class=\"elementor-divider-separator\">\n\t\t\t\t\t\t<\/span>\n\t\t<\/div>\n\t\t\t\t\t\t<\/div>\n\t\t\t\t<\/div>\n\t\t\t\t<div class=\"elementor-element elementor-element-a6f6d85 elementor-align-center elementor-mobile-align-justify elementor-widget-mobile__width-inherit elementor-widget elementor-widget-button\" data-id=\"a6f6d85\" data-element_type=\"widget\" data-e-type=\"widget\" data-widget_type=\"button.default\">\n\t\t\t\t<div class=\"elementor-widget-container\">\n\t\t\t\t\t\t\t\t\t<div class=\"elementor-button-wrapper\">\n\t\t\t\t\t<a class=\"elementor-button elementor-button-link elementor-size-sm elementor-animation-float\" href=\"https:\/\/www.redex-group.com\/de\/technologien-fur-die-bandbehandel\/kontakt-bandbehandlungstechnologien\/\">\n\t\t\t\t\t\t<span class=\"elementor-button-content-wrapper\">\n\t\t\t\t\t\t<span class=\"elementor-button-icon\">\n\t\t\t\t<i aria-hidden=\"true\" class=\"fas fa-arrow-right\"><\/i>\t\t\t<\/span>\n\t\t\t\t\t\t\t\t\t<span class=\"elementor-button-text\">Kontaktieren Sie uns<\/span>\n\t\t\t\t\t<\/span>\n\t\t\t\t\t<\/a>\n\t\t\t\t<\/div>\n\t\t\t\t\t\t\t\t<\/div>\n\t\t\t\t<\/div>\n\t\t\t\t\t<\/div>\n\t\t<\/div>\n\t\t\t\t\t<\/div>\n\t\t<\/section>\n\t\t\t\t<\/div>\n\t\t","protected":false},"excerpt":{"rendered":"<p>Beratung &#038; Engineering f\u00fcr Prozessoptimierung &#038; Anlagenmodernisierung Beratung &#038; Engineering f\u00fcr Prozessoptimierung &#038; Anlagenmodernisierung Neben der Lieferung neuer Anlagen sind unsere langj\u00e4hrige Erfahrung beim Kunden, die Unterst\u00fctzung bei der Verbesserung von Prozessen, die Wartung und die kontinuierliche \u00dcberwachung und Analyse der R\u00fcckmeldungen unserer Kunden die Schl\u00fcsselfaktoren f\u00fcr unsere F\u00e4higkeit, bestehende Anlagen oder das Design neuer [&hellip;]<\/p>\n","protected":false},"author":1,"featured_media":0,"parent":18566,"menu_order":0,"comment_status":"closed","ping_status":"closed","template":"","meta":{"footnotes":""},"class_list":["post-18598","page","type-page","status-publish","hentry"],"yoast_head":"<!-- This site is optimized with the Yoast SEO plugin v27.2 - https:\/\/yoast.com\/product\/yoast-seo-wordpress\/ -->\n<title>Beratung &amp; Engineering f\u00fcr Prozessoptimierung &amp; Anlagenmodernisierung - Redex Group<\/title>\n<meta name=\"robots\" content=\"index, follow, max-snippet:-1, max-image-preview:large, max-video-preview:-1\" \/>\n<link rel=\"canonical\" href=\"https:\/\/www.redex-group.com\/de\/technologien-fur-die-bandbehandel\/der-kundendienst\/beratung-engineering-fur-prozessoptimierung-anlagenmodernisierung\/\" \/>\n<meta property=\"og:locale\" content=\"de_DE\" \/>\n<meta property=\"og:type\" content=\"article\" \/>\n<meta property=\"og:title\" content=\"Beratung &amp; Engineering f\u00fcr Prozessoptimierung &amp; Anlagenmodernisierung - Redex Group\" \/>\n<meta property=\"og:description\" content=\"Beratung &#038; Engineering f\u00fcr Prozessoptimierung &#038; Anlagenmodernisierung Beratung &#038; Engineering f\u00fcr Prozessoptimierung &#038; Anlagenmodernisierung Neben der Lieferung neuer Anlagen sind unsere langj\u00e4hrige Erfahrung beim Kunden, die Unterst\u00fctzung bei der Verbesserung von Prozessen, die Wartung und die kontinuierliche \u00dcberwachung und Analyse der R\u00fcckmeldungen unserer Kunden die Schl\u00fcsselfaktoren f\u00fcr unsere F\u00e4higkeit, bestehende Anlagen oder das Design neuer [&hellip;]\" \/>\n<meta property=\"og:url\" content=\"https:\/\/www.redex-group.com\/de\/technologien-fur-die-bandbehandel\/der-kundendienst\/beratung-engineering-fur-prozessoptimierung-anlagenmodernisierung\/\" \/>\n<meta property=\"og:site_name\" content=\"Redex Group\" \/>\n<meta property=\"article:modified_time\" content=\"2023-07-25T14:28:30+00:00\" \/>\n<meta property=\"og:image\" content=\"https:\/\/www.redex-group.com\/wp-content\/uploads\/2022\/04\/consulting-engineering.jpg\" \/>\n<meta name=\"twitter:card\" content=\"summary_large_image\" \/>\n<meta name=\"twitter:label1\" content=\"Gesch\u00e4tzte Lesezeit\" \/>\n\t<meta name=\"twitter:data1\" content=\"2\u00a0Minuten\" \/>\n<script type=\"application\/ld+json\" class=\"yoast-schema-graph\">{\"@context\":\"https:\/\/schema.org\",\"@graph\":[{\"@type\":\"WebPage\",\"@id\":\"https:\/\/www.redex-group.com\/de\/technologien-fur-die-bandbehandel\/der-kundendienst\/beratung-engineering-fur-prozessoptimierung-anlagenmodernisierung\/\",\"url\":\"https:\/\/www.redex-group.com\/de\/technologien-fur-die-bandbehandel\/der-kundendienst\/beratung-engineering-fur-prozessoptimierung-anlagenmodernisierung\/\",\"name\":\"Beratung &amp; Engineering f\u00fcr Prozessoptimierung &amp; Anlagenmodernisierung - Redex Group\",\"isPartOf\":{\"@id\":\"https:\/\/www.redex-group.com\/de\/#website\"},\"primaryImageOfPage\":{\"@id\":\"https:\/\/www.redex-group.com\/de\/technologien-fur-die-bandbehandel\/der-kundendienst\/beratung-engineering-fur-prozessoptimierung-anlagenmodernisierung\/#primaryimage\"},\"image\":{\"@id\":\"https:\/\/www.redex-group.com\/de\/technologien-fur-die-bandbehandel\/der-kundendienst\/beratung-engineering-fur-prozessoptimierung-anlagenmodernisierung\/#primaryimage\"},\"thumbnailUrl\":\"https:\/\/www.redex-group.com\/wp-content\/uploads\/2022\/04\/consulting-engineering.jpg\",\"datePublished\":\"2022-02-24T08:35:46+00:00\",\"dateModified\":\"2023-07-25T14:28:30+00:00\",\"breadcrumb\":{\"@id\":\"https:\/\/www.redex-group.com\/de\/technologien-fur-die-bandbehandel\/der-kundendienst\/beratung-engineering-fur-prozessoptimierung-anlagenmodernisierung\/#breadcrumb\"},\"inLanguage\":\"de\",\"potentialAction\":[{\"@type\":\"ReadAction\",\"target\":[\"https:\/\/www.redex-group.com\/de\/technologien-fur-die-bandbehandel\/der-kundendienst\/beratung-engineering-fur-prozessoptimierung-anlagenmodernisierung\/\"]}]},{\"@type\":\"ImageObject\",\"inLanguage\":\"de\",\"@id\":\"https:\/\/www.redex-group.com\/de\/technologien-fur-die-bandbehandel\/der-kundendienst\/beratung-engineering-fur-prozessoptimierung-anlagenmodernisierung\/#primaryimage\",\"url\":\"https:\/\/www.redex-group.com\/wp-content\/uploads\/2022\/04\/consulting-engineering.jpg\",\"contentUrl\":\"https:\/\/www.redex-group.com\/wp-content\/uploads\/2022\/04\/consulting-engineering.jpg\"},{\"@type\":\"BreadcrumbList\",\"@id\":\"https:\/\/www.redex-group.com\/de\/technologien-fur-die-bandbehandel\/der-kundendienst\/beratung-engineering-fur-prozessoptimierung-anlagenmodernisierung\/#breadcrumb\",\"itemListElement\":[{\"@type\":\"ListItem\",\"position\":1,\"name\":\"Startseite\",\"item\":\"https:\/\/www.redex-group.com\/de\/\"},{\"@type\":\"ListItem\",\"position\":2,\"name\":\"Technologien f\u00fcr die Bandbehandel\",\"item\":\"https:\/\/www.redex-group.com\/de\/strip-processing-technologies\/\"},{\"@type\":\"ListItem\",\"position\":3,\"name\":\"Der Kundendienst\",\"item\":\"https:\/\/www.redex-group.com\/de\/strip-processing-technologies\/customer-service-strip-processing-technologies\/\"},{\"@type\":\"ListItem\",\"position\":4,\"name\":\"Beratung &amp; Engineering f\u00fcr Prozessoptimierung &amp; Anlagenmodernisierung\"}]},{\"@type\":\"WebSite\",\"@id\":\"https:\/\/www.redex-group.com\/de\/#website\",\"url\":\"https:\/\/www.redex-group.com\/de\/\",\"name\":\"Redex Group\",\"description\":\"Great achievements start with us\",\"publisher\":{\"@id\":\"https:\/\/www.redex-group.com\/de\/#organization\"},\"potentialAction\":[{\"@type\":\"SearchAction\",\"target\":{\"@type\":\"EntryPoint\",\"urlTemplate\":\"https:\/\/www.redex-group.com\/de\/?s={search_term_string}\"},\"query-input\":{\"@type\":\"PropertyValueSpecification\",\"valueRequired\":true,\"valueName\":\"search_term_string\"}}],\"inLanguage\":\"de\"},{\"@type\":\"Organization\",\"@id\":\"https:\/\/www.redex-group.com\/de\/#organization\",\"name\":\"REDEX Group\",\"url\":\"https:\/\/www.redex-group.com\/de\/\",\"logo\":{\"@type\":\"ImageObject\",\"inLanguage\":\"de\",\"@id\":\"https:\/\/www.redex-group.com\/de\/#\/schema\/logo\/image\/\",\"url\":\"https:\/\/www.redex-group.com\/wp-content\/uploads\/2021\/09\/Logo-REDEX-Group-orange.png\",\"contentUrl\":\"https:\/\/www.redex-group.com\/wp-content\/uploads\/2021\/09\/Logo-REDEX-Group-orange.png\",\"width\":400,\"height\":107,\"caption\":\"REDEX Group\"},\"image\":{\"@id\":\"https:\/\/www.redex-group.com\/de\/#\/schema\/logo\/image\/\"}}]}<\/script>\n<!-- \/ Yoast SEO plugin. -->","yoast_head_json":{"title":"Beratung &amp; Engineering f\u00fcr Prozessoptimierung &amp; Anlagenmodernisierung - Redex Group","robots":{"index":"index","follow":"follow","max-snippet":"max-snippet:-1","max-image-preview":"max-image-preview:large","max-video-preview":"max-video-preview:-1"},"canonical":"https:\/\/www.redex-group.com\/de\/technologien-fur-die-bandbehandel\/der-kundendienst\/beratung-engineering-fur-prozessoptimierung-anlagenmodernisierung\/","og_locale":"de_DE","og_type":"article","og_title":"Beratung &amp; Engineering f\u00fcr Prozessoptimierung &amp; Anlagenmodernisierung - Redex Group","og_description":"Beratung &#038; Engineering f\u00fcr Prozessoptimierung &#038; Anlagenmodernisierung Beratung &#038; Engineering f\u00fcr Prozessoptimierung &#038; Anlagenmodernisierung Neben der Lieferung neuer Anlagen sind unsere langj\u00e4hrige Erfahrung beim Kunden, die Unterst\u00fctzung bei der Verbesserung von Prozessen, die Wartung und die kontinuierliche \u00dcberwachung und Analyse der R\u00fcckmeldungen unserer Kunden die Schl\u00fcsselfaktoren f\u00fcr unsere F\u00e4higkeit, bestehende Anlagen oder das Design neuer [&hellip;]","og_url":"https:\/\/www.redex-group.com\/de\/technologien-fur-die-bandbehandel\/der-kundendienst\/beratung-engineering-fur-prozessoptimierung-anlagenmodernisierung\/","og_site_name":"Redex Group","article_modified_time":"2023-07-25T14:28:30+00:00","og_image":[{"url":"https:\/\/www.redex-group.com\/wp-content\/uploads\/2022\/04\/consulting-engineering.jpg","type":"","width":"","height":""}],"twitter_card":"summary_large_image","twitter_misc":{"Gesch\u00e4tzte Lesezeit":"2\u00a0Minuten"},"schema":{"@context":"https:\/\/schema.org","@graph":[{"@type":"WebPage","@id":"https:\/\/www.redex-group.com\/de\/technologien-fur-die-bandbehandel\/der-kundendienst\/beratung-engineering-fur-prozessoptimierung-anlagenmodernisierung\/","url":"https:\/\/www.redex-group.com\/de\/technologien-fur-die-bandbehandel\/der-kundendienst\/beratung-engineering-fur-prozessoptimierung-anlagenmodernisierung\/","name":"Beratung &amp; Engineering f\u00fcr Prozessoptimierung &amp; Anlagenmodernisierung - Redex Group","isPartOf":{"@id":"https:\/\/www.redex-group.com\/de\/#website"},"primaryImageOfPage":{"@id":"https:\/\/www.redex-group.com\/de\/technologien-fur-die-bandbehandel\/der-kundendienst\/beratung-engineering-fur-prozessoptimierung-anlagenmodernisierung\/#primaryimage"},"image":{"@id":"https:\/\/www.redex-group.com\/de\/technologien-fur-die-bandbehandel\/der-kundendienst\/beratung-engineering-fur-prozessoptimierung-anlagenmodernisierung\/#primaryimage"},"thumbnailUrl":"https:\/\/www.redex-group.com\/wp-content\/uploads\/2022\/04\/consulting-engineering.jpg","datePublished":"2022-02-24T08:35:46+00:00","dateModified":"2023-07-25T14:28:30+00:00","breadcrumb":{"@id":"https:\/\/www.redex-group.com\/de\/technologien-fur-die-bandbehandel\/der-kundendienst\/beratung-engineering-fur-prozessoptimierung-anlagenmodernisierung\/#breadcrumb"},"inLanguage":"de","potentialAction":[{"@type":"ReadAction","target":["https:\/\/www.redex-group.com\/de\/technologien-fur-die-bandbehandel\/der-kundendienst\/beratung-engineering-fur-prozessoptimierung-anlagenmodernisierung\/"]}]},{"@type":"ImageObject","inLanguage":"de","@id":"https:\/\/www.redex-group.com\/de\/technologien-fur-die-bandbehandel\/der-kundendienst\/beratung-engineering-fur-prozessoptimierung-anlagenmodernisierung\/#primaryimage","url":"https:\/\/www.redex-group.com\/wp-content\/uploads\/2022\/04\/consulting-engineering.jpg","contentUrl":"https:\/\/www.redex-group.com\/wp-content\/uploads\/2022\/04\/consulting-engineering.jpg"},{"@type":"BreadcrumbList","@id":"https:\/\/www.redex-group.com\/de\/technologien-fur-die-bandbehandel\/der-kundendienst\/beratung-engineering-fur-prozessoptimierung-anlagenmodernisierung\/#breadcrumb","itemListElement":[{"@type":"ListItem","position":1,"name":"Startseite","item":"https:\/\/www.redex-group.com\/de\/"},{"@type":"ListItem","position":2,"name":"Technologien f\u00fcr die Bandbehandel","item":"https:\/\/www.redex-group.com\/de\/strip-processing-technologies\/"},{"@type":"ListItem","position":3,"name":"Der Kundendienst","item":"https:\/\/www.redex-group.com\/de\/strip-processing-technologies\/customer-service-strip-processing-technologies\/"},{"@type":"ListItem","position":4,"name":"Beratung &amp; Engineering f\u00fcr Prozessoptimierung &amp; Anlagenmodernisierung"}]},{"@type":"WebSite","@id":"https:\/\/www.redex-group.com\/de\/#website","url":"https:\/\/www.redex-group.com\/de\/","name":"Redex Group","description":"Great achievements start with us","publisher":{"@id":"https:\/\/www.redex-group.com\/de\/#organization"},"potentialAction":[{"@type":"SearchAction","target":{"@type":"EntryPoint","urlTemplate":"https:\/\/www.redex-group.com\/de\/?s={search_term_string}"},"query-input":{"@type":"PropertyValueSpecification","valueRequired":true,"valueName":"search_term_string"}}],"inLanguage":"de"},{"@type":"Organization","@id":"https:\/\/www.redex-group.com\/de\/#organization","name":"REDEX Group","url":"https:\/\/www.redex-group.com\/de\/","logo":{"@type":"ImageObject","inLanguage":"de","@id":"https:\/\/www.redex-group.com\/de\/#\/schema\/logo\/image\/","url":"https:\/\/www.redex-group.com\/wp-content\/uploads\/2021\/09\/Logo-REDEX-Group-orange.png","contentUrl":"https:\/\/www.redex-group.com\/wp-content\/uploads\/2021\/09\/Logo-REDEX-Group-orange.png","width":400,"height":107,"caption":"REDEX Group"},"image":{"@id":"https:\/\/www.redex-group.com\/de\/#\/schema\/logo\/image\/"}}]}},"_links":{"self":[{"href":"https:\/\/www.redex-group.com\/de\/wp-json\/wp\/v2\/pages\/18598","targetHints":{"allow":["GET"]}}],"collection":[{"href":"https:\/\/www.redex-group.com\/de\/wp-json\/wp\/v2\/pages"}],"about":[{"href":"https:\/\/www.redex-group.com\/de\/wp-json\/wp\/v2\/types\/page"}],"author":[{"embeddable":true,"href":"https:\/\/www.redex-group.com\/de\/wp-json\/wp\/v2\/users\/1"}],"replies":[{"embeddable":true,"href":"https:\/\/www.redex-group.com\/de\/wp-json\/wp\/v2\/comments?post=18598"}],"version-history":[{"count":10,"href":"https:\/\/www.redex-group.com\/de\/wp-json\/wp\/v2\/pages\/18598\/revisions"}],"predecessor-version":[{"id":20656,"href":"https:\/\/www.redex-group.com\/de\/wp-json\/wp\/v2\/pages\/18598\/revisions\/20656"}],"up":[{"embeddable":true,"href":"https:\/\/www.redex-group.com\/de\/wp-json\/wp\/v2\/pages\/18566"}],"wp:attachment":[{"href":"https:\/\/www.redex-group.com\/de\/wp-json\/wp\/v2\/media?parent=18598"}],"curies":[{"name":"wp","href":"https:\/\/api.w.org\/{rel}","templated":true}]}}