{"id":16909,"date":"2022-02-24T09:22:37","date_gmt":"2022-02-24T08:22:37","guid":{"rendered":"https:\/\/www.redex-group.com\/prazisions-walzanlagen\/technologien\/14-18-high-rolling-mills\/"},"modified":"2023-07-25T12:39:50","modified_gmt":"2023-07-25T10:39:50","slug":"14hi-18hi-walzwerke","status":"publish","type":"page","link":"https:\/\/www.redex-group.com\/de\/prazisions-walzanlagen\/technologien\/14hi-18hi-walzwerke\/","title":{"rendered":"14Hi &amp; 18Hi Walzwerke"},"content":{"rendered":"\t\t<div data-elementor-type=\"wp-page\" data-elementor-id=\"16909\" class=\"elementor elementor-16909 elementor-2526\" data-elementor-post-type=\"page\">\n\t\t\t\t\t\t<section class=\"elementor-section elementor-top-section elementor-element elementor-element-e94df9f elementor-section-height-min-height elementor-section-boxed elementor-section-height-default elementor-section-items-middle\" data-id=\"e94df9f\" data-element_type=\"section\" data-e-type=\"section\" data-settings=\"{&quot;background_background&quot;:&quot;classic&quot;,&quot;jet_parallax_layout_list&quot;:[]}\">\n\t\t\t\t\t\t\t<div class=\"elementor-background-overlay\"><\/div>\n\t\t\t\t\t\t\t<div class=\"elementor-container elementor-column-gap-default\">\n\t\t\t\t\t<div class=\"elementor-column elementor-col-50 elementor-top-column elementor-element elementor-element-523ace6\" data-id=\"523ace6\" data-element_type=\"column\" data-e-type=\"column\">\n\t\t\t<div class=\"elementor-widget-wrap elementor-element-populated\">\n\t\t\t\t\t\t<div class=\"elementor-element elementor-element-99a14a4 elementor-widget elementor-widget-heading\" data-id=\"99a14a4\" data-element_type=\"widget\" data-e-type=\"widget\" data-widget_type=\"heading.default\">\n\t\t\t\t<div class=\"elementor-widget-container\">\n\t\t\t\t\t<h1 class=\"elementor-heading-title elementor-size-default\">14Hi &amp; 18Hi Walzwerke <\/h1>\t\t\t\t<\/div>\n\t\t\t\t<\/div>\n\t\t\t\t\t<\/div>\n\t\t<\/div>\n\t\t\t\t<div class=\"elementor-column elementor-col-50 elementor-top-column elementor-element elementor-element-71491f7\" data-id=\"71491f7\" data-element_type=\"column\" data-e-type=\"column\">\n\t\t\t<div class=\"elementor-widget-wrap\">\n\t\t\t\t\t\t\t<\/div>\n\t\t<\/div>\n\t\t\t\t\t<\/div>\n\t\t<\/section>\n\t\t\t\t<section class=\"elementor-section elementor-top-section elementor-element elementor-element-f20a56b elementor-section-boxed elementor-section-height-default elementor-section-height-default\" data-id=\"f20a56b\" data-element_type=\"section\" data-e-type=\"section\" data-settings=\"{&quot;jet_parallax_layout_list&quot;:[]}\">\n\t\t\t\t\t\t<div class=\"elementor-container elementor-column-gap-default\">\n\t\t\t\t\t<div class=\"elementor-column elementor-col-100 elementor-top-column elementor-element elementor-element-58ef8ee\" data-id=\"58ef8ee\" data-element_type=\"column\" data-e-type=\"column\" data-settings=\"{&quot;background_background&quot;:&quot;classic&quot;}\">\n\t\t\t<div class=\"elementor-widget-wrap elementor-element-populated\">\n\t\t\t\t\t\t<div class=\"elementor-element elementor-element-369d613 elementor-widget elementor-widget-breadcrumbs\" data-id=\"369d613\" data-element_type=\"widget\" data-e-type=\"widget\" data-widget_type=\"breadcrumbs.default\">\n\t\t\t\t<div class=\"elementor-widget-container\">\n\t\t\t\t\t<p id=\"breadcrumbs\"><span><span><a href=\"https:\/\/www.redex-group.com\/de\/\">Startseite<\/a><\/span><\/span><\/p>\t\t\t\t<\/div>\n\t\t\t\t<\/div>\n\t\t\t\t\t<\/div>\n\t\t<\/div>\n\t\t\t\t\t<\/div>\n\t\t<\/section>\n\t\t\t\t<section class=\"elementor-section elementor-top-section elementor-element elementor-element-0e1da91 elementor-section-boxed elementor-section-height-default elementor-section-height-default\" data-id=\"0e1da91\" data-element_type=\"section\" data-e-type=\"section\" data-settings=\"{&quot;jet_parallax_layout_list&quot;:[]}\">\n\t\t\t\t\t\t<div class=\"elementor-container elementor-column-gap-default\">\n\t\t\t\t\t<div class=\"elementor-column elementor-col-100 elementor-top-column elementor-element elementor-element-4d313fe\" data-id=\"4d313fe\" data-element_type=\"column\" data-e-type=\"column\">\n\t\t\t<div class=\"elementor-widget-wrap elementor-element-populated\">\n\t\t\t\t\t\t<div class=\"elementor-element elementor-element-10354ea elementor-widget elementor-widget-heading\" data-id=\"10354ea\" data-element_type=\"widget\" data-e-type=\"widget\" data-widget_type=\"heading.default\">\n\t\t\t\t<div class=\"elementor-widget-container\">\n\t\t\t\t\t<h2 class=\"elementor-heading-title elementor-size-default\">14Hi &amp; 18Hi Walzwerke <\/h2>\t\t\t\t<\/div>\n\t\t\t\t<\/div>\n\t\t\t\t<div class=\"elementor-element elementor-element-5407521 elementor-widget elementor-widget-spacer\" data-id=\"5407521\" data-element_type=\"widget\" data-e-type=\"widget\" data-widget_type=\"spacer.default\">\n\t\t\t\t<div class=\"elementor-widget-container\">\n\t\t\t\t\t\t\t<div class=\"elementor-spacer\">\n\t\t\t<div class=\"elementor-spacer-inner\"><\/div>\n\t\t<\/div>\n\t\t\t\t\t\t<\/div>\n\t\t\t\t<\/div>\n\t\t\t\t<div class=\"elementor-element elementor-element-3965cef elementor-widget elementor-widget-text-editor\" data-id=\"3965cef\" data-element_type=\"widget\" data-e-type=\"widget\" data-widget_type=\"text-editor.default\">\n\t\t\t\t<div class=\"elementor-widget-container\">\n\t\t\t\t\t\t\t\t\t<p>Bei der Weiterentwicklung von Hochleistungswalzen konnte REDEX Group mit ihren Mehrwalzen-Sets weitere Vorteile im Markt erzielen. Mit den sogenannten 14-Hi- oder 18-Hi-Kassetten werden durch noch kleinere Abmessungen der Arbeitswalzen noch genauere Toleranzen und noch bessere Oberfl\u00e4chenqualit\u00e4ten erreicht.<\/p><p>Das Grundprinzip der Mehrwalzensysteme ist vergleichbar mit den <a href=\"https:\/\/www.redex-group.com\/de\/prazisions-walzanlagen\/technologien\/duo-quarto-walzwerke\/\">Duo und Quarto Walzwerken<\/a>. Auch bei diesen Anlagen kommen die Produktionsmaterialien nur mit den 2 Arbeitswalzen in Ber\u00fchrung.<\/p><p>Da diese jedoch in den entsprechenden Durchmessern deutlich kleiner sind, wird schnell ein kritisches Durchmesser-L\u00e4ngen-Verh\u00e4ltnis erreicht, das bei entsprechender Belastung zu Durchbiegung oder gar Bruch f\u00fchren kann.<\/p><p>Um diesen Effekt zu vermeiden, werden die Rollenkassetten oben und unten mit 7 oder sogar 9 Rollen ausgestattet.<br \/>Die entsprechende Anordnung der Rollen hat nur eine Aufgabe &#8211; die perfekte Abst\u00fctzung der Arbeitswalze.<\/p><p>Dies wiederum f\u00fchrt zu entsprechenden Ergebnissen im Walzprozess, bei denen unsere Kunden engste Toleranzen und eine perfekte Oberfl\u00e4chenqualit\u00e4t erhalten.<\/p><p>Diese technischen L\u00f6sungen werden h\u00e4ufig in der Elektroindustrie (zur Herstellung von u.a. Widerst\u00e4nden) oder in der Medizintechnik eingesetzt.<\/p>\t\t\t\t\t\t\t\t<\/div>\n\t\t\t\t<\/div>\n\t\t\t\t<div class=\"elementor-element elementor-element-93dcfbf elementor-widget elementor-widget-spacer\" data-id=\"93dcfbf\" data-element_type=\"widget\" data-e-type=\"widget\" data-widget_type=\"spacer.default\">\n\t\t\t\t<div class=\"elementor-widget-container\">\n\t\t\t\t\t\t\t<div class=\"elementor-spacer\">\n\t\t\t<div class=\"elementor-spacer-inner\"><\/div>\n\t\t<\/div>\n\t\t\t\t\t\t<\/div>\n\t\t\t\t<\/div>\n\t\t\t\t<div class=\"elementor-element elementor-element-2c02010 elementor-widget elementor-widget-image\" data-id=\"2c02010\" data-element_type=\"widget\" data-e-type=\"widget\" data-widget_type=\"image.default\">\n\t\t\t\t<div class=\"elementor-widget-container\">\n\t\t\t\t\t\t\t\t\t\t\t\t\t\t\t<img fetchpriority=\"high\" decoding=\"async\" width=\"435\" height=\"309\" src=\"https:\/\/www.redex-group.com\/wp-content\/uploads\/2022\/04\/18-HI-technology-REDEXGROUP.jpg\" class=\"attachment-large size-large wp-image-12527\" alt=\"\" srcset=\"https:\/\/www.redex-group.com\/wp-content\/uploads\/2022\/04\/18-HI-technology-REDEXGROUP.jpg 435w, https:\/\/www.redex-group.com\/wp-content\/uploads\/2022\/04\/18-HI-technology-REDEXGROUP-300x213.jpg 300w\" sizes=\"(max-width: 435px) 100vw, 435px\" \/>\t\t\t\t\t\t\t\t\t\t\t\t\t\t\t<\/div>\n\t\t\t\t<\/div>\n\t\t\t\t\t<\/div>\n\t\t<\/div>\n\t\t\t\t\t<\/div>\n\t\t<\/section>\n\t\t\t\t<section class=\"elementor-section elementor-top-section elementor-element elementor-element-76012f3 elementor-section-boxed elementor-section-height-default elementor-section-height-default\" data-id=\"76012f3\" data-element_type=\"section\" data-e-type=\"section\" data-settings=\"{&quot;jet_parallax_layout_list&quot;:[]}\">\n\t\t\t\t\t\t<div class=\"elementor-container elementor-column-gap-default\">\n\t\t\t\t\t<div class=\"elementor-column elementor-col-100 elementor-top-column elementor-element elementor-element-25228f2\" data-id=\"25228f2\" data-element_type=\"column\" data-e-type=\"column\">\n\t\t\t<div class=\"elementor-widget-wrap elementor-element-populated\">\n\t\t\t\t\t\t<div class=\"elementor-element elementor-element-bc2859d elementor-widget-divider--view-line elementor-widget elementor-widget-divider\" data-id=\"bc2859d\" data-element_type=\"widget\" data-e-type=\"widget\" data-widget_type=\"divider.default\">\n\t\t\t\t<div class=\"elementor-widget-container\">\n\t\t\t\t\t\t\t<div class=\"elementor-divider\">\n\t\t\t<span class=\"elementor-divider-separator\">\n\t\t\t\t\t\t<\/span>\n\t\t<\/div>\n\t\t\t\t\t\t<\/div>\n\t\t\t\t<\/div>\n\t\t\t\t\t<\/div>\n\t\t<\/div>\n\t\t\t\t\t<\/div>\n\t\t<\/section>\n\t\t\t\t<section class=\"elementor-section elementor-top-section elementor-element elementor-element-41b12cf elementor-section-boxed elementor-section-height-default elementor-section-height-default\" data-id=\"41b12cf\" data-element_type=\"section\" data-e-type=\"section\" data-settings=\"{&quot;jet_parallax_layout_list&quot;:[]}\">\n\t\t\t\t\t\t<div class=\"elementor-container elementor-column-gap-default\">\n\t\t\t\t\t<div class=\"elementor-column elementor-col-100 elementor-top-column elementor-element elementor-element-048b7c0\" data-id=\"048b7c0\" data-element_type=\"column\" data-e-type=\"column\">\n\t\t\t<div class=\"elementor-widget-wrap elementor-element-populated\">\n\t\t\t\t\t\t<div class=\"elementor-element elementor-element-d921633 elementor-widget elementor-widget-jet-posts\" data-id=\"d921633\" data-element_type=\"widget\" data-e-type=\"widget\" data-settings=\"{&quot;columns&quot;:&quot;4&quot;,&quot;columns_mobile&quot;:&quot;2&quot;,&quot;slides_to_scroll&quot;:&quot;1&quot;}\" data-widget_type=\"jet-posts.default\">\n\t\t\t\t<div class=\"elementor-widget-container\">\n\t\t\t\t\t<div class=\"elementor-jet-posts jet-elements\"><div class=\"jet-posts col-row  jet-equal-cols\"><div class=\"jet-posts__item\">\n\t<div class=\"jet-posts__inner-box\"><div class=\"post-thumbnail\"><a href=\"https:\/\/www.redex-group.com\/de\/prm\/frm\/\" class=\"post-thumbnail__link\"><img loading=\"lazy\" decoding=\"async\" class=\"post-thumbnail__img wp-post-image\" src=\"https:\/\/www.redex-group.com\/wp-content\/uploads\/2022\/03\/frm-prm.jpg\" alt=\"FRM\" loading=\"lazy\" width=\"1042\" height=\"1042\"><\/a><\/div><div class=\"jet-posts__inner-content\"><h4 class=\"entry-title\"><a href=\"https:\/\/www.redex-group.com\/de\/prm\/frm\/\" target=\"\">FRM<\/a><\/h4><\/div><\/div>\n<\/div>\n<\/div>\n<\/div>\t\t\t\t<\/div>\n\t\t\t\t<\/div>\n\t\t\t\t\t<\/div>\n\t\t<\/div>\n\t\t\t\t\t<\/div>\n\t\t<\/section>\n\t\t\t\t<section class=\"elementor-section elementor-top-section elementor-element elementor-element-c2bc7d7 elementor-section-boxed elementor-section-height-default elementor-section-height-default\" data-id=\"c2bc7d7\" data-element_type=\"section\" data-e-type=\"section\" data-settings=\"{&quot;jet_parallax_layout_list&quot;:[]}\">\n\t\t\t\t\t\t<div class=\"elementor-container elementor-column-gap-default\">\n\t\t\t\t\t<div class=\"elementor-column elementor-col-100 elementor-top-column elementor-element elementor-element-46b8007\" data-id=\"46b8007\" data-element_type=\"column\" data-e-type=\"column\">\n\t\t\t<div class=\"elementor-widget-wrap elementor-element-populated\">\n\t\t\t\t\t\t<div class=\"elementor-element elementor-element-4d63bd9 elementor-widget-divider--view-line elementor-widget elementor-widget-divider\" data-id=\"4d63bd9\" data-element_type=\"widget\" data-e-type=\"widget\" data-widget_type=\"divider.default\">\n\t\t\t\t<div class=\"elementor-widget-container\">\n\t\t\t\t\t\t\t<div class=\"elementor-divider\">\n\t\t\t<span class=\"elementor-divider-separator\">\n\t\t\t\t\t\t<\/span>\n\t\t<\/div>\n\t\t\t\t\t\t<\/div>\n\t\t\t\t<\/div>\n\t\t\t\t<div class=\"elementor-element elementor-element-c474752 elementor-align-center elementor-mobile-align-justify elementor-widget-mobile__width-inherit elementor-widget elementor-widget-button\" data-id=\"c474752\" data-element_type=\"widget\" data-e-type=\"widget\" data-widget_type=\"button.default\">\n\t\t\t\t<div class=\"elementor-widget-container\">\n\t\t\t\t\t\t\t\t\t<div class=\"elementor-button-wrapper\">\n\t\t\t\t\t<a class=\"elementor-button elementor-button-link elementor-size-sm elementor-animation-float\" href=\"https:\/\/www.redex-group.com\/de\/prazisions-walzanlagen\/kontakt-prazisions-walzanlagen\/\">\n\t\t\t\t\t\t<span class=\"elementor-button-content-wrapper\">\n\t\t\t\t\t\t<span class=\"elementor-button-icon\">\n\t\t\t\t<i aria-hidden=\"true\" class=\"fas fa-arrow-right\"><\/i>\t\t\t<\/span>\n\t\t\t\t\t\t\t\t\t<span class=\"elementor-button-text\">Kontaktieren Sie uns<\/span>\n\t\t\t\t\t<\/span>\n\t\t\t\t\t<\/a>\n\t\t\t\t<\/div>\n\t\t\t\t\t\t\t\t<\/div>\n\t\t\t\t<\/div>\n\t\t\t\t\t<\/div>\n\t\t<\/div>\n\t\t\t\t\t<\/div>\n\t\t<\/section>\n\t\t\t\t<\/div>\n\t\t","protected":false},"excerpt":{"rendered":"<p>14Hi &#038; 18Hi Walzwerke 14Hi &#038; 18Hi Walzwerke Bei der Weiterentwicklung von Hochleistungswalzen konnte REDEX Group mit ihren Mehrwalzen-Sets weitere Vorteile im Markt erzielen. Mit den sogenannten 14-Hi- oder 18-Hi-Kassetten werden durch noch kleinere Abmessungen der Arbeitswalzen noch genauere Toleranzen und noch bessere Oberfl\u00e4chenqualit\u00e4ten erreicht. Das Grundprinzip der Mehrwalzensysteme ist vergleichbar mit den Duo und [&hellip;]<\/p>\n","protected":false},"author":1,"featured_media":0,"parent":16888,"menu_order":0,"comment_status":"closed","ping_status":"closed","template":"","meta":{"footnotes":""},"class_list":["post-16909","page","type-page","status-publish","hentry"],"yoast_head":"<!-- This site is optimized with the Yoast SEO plugin v27.2 - https:\/\/yoast.com\/product\/yoast-seo-wordpress\/ -->\n<title>14Hi &amp; 18Hi Walzwerke - Redex Group<\/title>\n<meta name=\"robots\" content=\"index, follow, max-snippet:-1, max-image-preview:large, max-video-preview:-1\" \/>\n<link rel=\"canonical\" href=\"https:\/\/www.redex-group.com\/de\/prazisions-walzanlagen\/technologien\/14hi-18hi-walzwerke\/\" \/>\n<meta property=\"og:locale\" content=\"de_DE\" \/>\n<meta property=\"og:type\" content=\"article\" \/>\n<meta property=\"og:title\" content=\"14Hi &amp; 18Hi Walzwerke - Redex Group\" \/>\n<meta property=\"og:description\" content=\"14Hi &#038; 18Hi Walzwerke 14Hi &#038; 18Hi Walzwerke Bei der Weiterentwicklung von Hochleistungswalzen konnte REDEX Group mit ihren Mehrwalzen-Sets weitere Vorteile im Markt erzielen. Mit den sogenannten 14-Hi- oder 18-Hi-Kassetten werden durch noch kleinere Abmessungen der Arbeitswalzen noch genauere Toleranzen und noch bessere Oberfl\u00e4chenqualit\u00e4ten erreicht. Das Grundprinzip der Mehrwalzensysteme ist vergleichbar mit den Duo und [&hellip;]\" \/>\n<meta property=\"og:url\" content=\"https:\/\/www.redex-group.com\/de\/prazisions-walzanlagen\/technologien\/14hi-18hi-walzwerke\/\" \/>\n<meta property=\"og:site_name\" content=\"Redex Group\" \/>\n<meta property=\"article:modified_time\" content=\"2023-07-25T10:39:50+00:00\" \/>\n<meta property=\"og:image\" content=\"https:\/\/www.redex-group.com\/wp-content\/uploads\/2022\/04\/18-HI-technology-REDEXGROUP.jpg\" \/>\n<meta name=\"twitter:card\" content=\"summary_large_image\" \/>\n<meta name=\"twitter:label1\" content=\"Gesch\u00e4tzte Lesezeit\" \/>\n\t<meta name=\"twitter:data1\" content=\"2\u00a0Minuten\" \/>\n<script type=\"application\/ld+json\" class=\"yoast-schema-graph\">{\"@context\":\"https:\/\/schema.org\",\"@graph\":[{\"@type\":\"WebPage\",\"@id\":\"https:\/\/www.redex-group.com\/de\/prazisions-walzanlagen\/technologien\/14hi-18hi-walzwerke\/\",\"url\":\"https:\/\/www.redex-group.com\/de\/prazisions-walzanlagen\/technologien\/14hi-18hi-walzwerke\/\",\"name\":\"14Hi &amp; 18Hi Walzwerke - Redex Group\",\"isPartOf\":{\"@id\":\"https:\/\/www.redex-group.com\/de\/#website\"},\"primaryImageOfPage\":{\"@id\":\"https:\/\/www.redex-group.com\/de\/prazisions-walzanlagen\/technologien\/14hi-18hi-walzwerke\/#primaryimage\"},\"image\":{\"@id\":\"https:\/\/www.redex-group.com\/de\/prazisions-walzanlagen\/technologien\/14hi-18hi-walzwerke\/#primaryimage\"},\"thumbnailUrl\":\"https:\/\/www.redex-group.com\/wp-content\/uploads\/2022\/04\/18-HI-technology-REDEXGROUP.jpg\",\"datePublished\":\"2022-02-24T08:22:37+00:00\",\"dateModified\":\"2023-07-25T10:39:50+00:00\",\"breadcrumb\":{\"@id\":\"https:\/\/www.redex-group.com\/de\/prazisions-walzanlagen\/technologien\/14hi-18hi-walzwerke\/#breadcrumb\"},\"inLanguage\":\"de\",\"potentialAction\":[{\"@type\":\"ReadAction\",\"target\":[\"https:\/\/www.redex-group.com\/de\/prazisions-walzanlagen\/technologien\/14hi-18hi-walzwerke\/\"]}]},{\"@type\":\"ImageObject\",\"inLanguage\":\"de\",\"@id\":\"https:\/\/www.redex-group.com\/de\/prazisions-walzanlagen\/technologien\/14hi-18hi-walzwerke\/#primaryimage\",\"url\":\"https:\/\/www.redex-group.com\/wp-content\/uploads\/2022\/04\/18-HI-technology-REDEXGROUP.jpg\",\"contentUrl\":\"https:\/\/www.redex-group.com\/wp-content\/uploads\/2022\/04\/18-HI-technology-REDEXGROUP.jpg\"},{\"@type\":\"BreadcrumbList\",\"@id\":\"https:\/\/www.redex-group.com\/de\/prazisions-walzanlagen\/technologien\/14hi-18hi-walzwerke\/#breadcrumb\",\"itemListElement\":[{\"@type\":\"ListItem\",\"position\":1,\"name\":\"Startseite\",\"item\":\"https:\/\/www.redex-group.com\/de\/\"},{\"@type\":\"ListItem\",\"position\":2,\"name\":\"Pr\u00e4zisions-Walzanlagen\",\"item\":\"https:\/\/www.redex-group.com\/de\/precision-rolling-mills\/\"},{\"@type\":\"ListItem\",\"position\":3,\"name\":\"Technologien\",\"item\":\"https:\/\/www.redex-group.com\/de\/precision-rolling-mills\/technologies\/\"},{\"@type\":\"ListItem\",\"position\":4,\"name\":\"14Hi &amp; 18Hi Walzwerke\"}]},{\"@type\":\"WebSite\",\"@id\":\"https:\/\/www.redex-group.com\/de\/#website\",\"url\":\"https:\/\/www.redex-group.com\/de\/\",\"name\":\"Redex Group\",\"description\":\"Great achievements start with us\",\"publisher\":{\"@id\":\"https:\/\/www.redex-group.com\/de\/#organization\"},\"potentialAction\":[{\"@type\":\"SearchAction\",\"target\":{\"@type\":\"EntryPoint\",\"urlTemplate\":\"https:\/\/www.redex-group.com\/de\/?s={search_term_string}\"},\"query-input\":{\"@type\":\"PropertyValueSpecification\",\"valueRequired\":true,\"valueName\":\"search_term_string\"}}],\"inLanguage\":\"de\"},{\"@type\":\"Organization\",\"@id\":\"https:\/\/www.redex-group.com\/de\/#organization\",\"name\":\"REDEX Group\",\"url\":\"https:\/\/www.redex-group.com\/de\/\",\"logo\":{\"@type\":\"ImageObject\",\"inLanguage\":\"de\",\"@id\":\"https:\/\/www.redex-group.com\/de\/#\/schema\/logo\/image\/\",\"url\":\"https:\/\/www.redex-group.com\/wp-content\/uploads\/2021\/09\/Logo-REDEX-Group-orange.png\",\"contentUrl\":\"https:\/\/www.redex-group.com\/wp-content\/uploads\/2021\/09\/Logo-REDEX-Group-orange.png\",\"width\":400,\"height\":107,\"caption\":\"REDEX Group\"},\"image\":{\"@id\":\"https:\/\/www.redex-group.com\/de\/#\/schema\/logo\/image\/\"}}]}<\/script>\n<!-- \/ Yoast SEO plugin. -->","yoast_head_json":{"title":"14Hi &amp; 18Hi Walzwerke - Redex Group","robots":{"index":"index","follow":"follow","max-snippet":"max-snippet:-1","max-image-preview":"max-image-preview:large","max-video-preview":"max-video-preview:-1"},"canonical":"https:\/\/www.redex-group.com\/de\/prazisions-walzanlagen\/technologien\/14hi-18hi-walzwerke\/","og_locale":"de_DE","og_type":"article","og_title":"14Hi &amp; 18Hi Walzwerke - Redex Group","og_description":"14Hi &#038; 18Hi Walzwerke 14Hi &#038; 18Hi Walzwerke Bei der Weiterentwicklung von Hochleistungswalzen konnte REDEX Group mit ihren Mehrwalzen-Sets weitere Vorteile im Markt erzielen. Mit den sogenannten 14-Hi- oder 18-Hi-Kassetten werden durch noch kleinere Abmessungen der Arbeitswalzen noch genauere Toleranzen und noch bessere Oberfl\u00e4chenqualit\u00e4ten erreicht. Das Grundprinzip der Mehrwalzensysteme ist vergleichbar mit den Duo und [&hellip;]","og_url":"https:\/\/www.redex-group.com\/de\/prazisions-walzanlagen\/technologien\/14hi-18hi-walzwerke\/","og_site_name":"Redex Group","article_modified_time":"2023-07-25T10:39:50+00:00","og_image":[{"url":"https:\/\/www.redex-group.com\/wp-content\/uploads\/2022\/04\/18-HI-technology-REDEXGROUP.jpg","type":"","width":"","height":""}],"twitter_card":"summary_large_image","twitter_misc":{"Gesch\u00e4tzte Lesezeit":"2\u00a0Minuten"},"schema":{"@context":"https:\/\/schema.org","@graph":[{"@type":"WebPage","@id":"https:\/\/www.redex-group.com\/de\/prazisions-walzanlagen\/technologien\/14hi-18hi-walzwerke\/","url":"https:\/\/www.redex-group.com\/de\/prazisions-walzanlagen\/technologien\/14hi-18hi-walzwerke\/","name":"14Hi &amp; 18Hi Walzwerke - Redex Group","isPartOf":{"@id":"https:\/\/www.redex-group.com\/de\/#website"},"primaryImageOfPage":{"@id":"https:\/\/www.redex-group.com\/de\/prazisions-walzanlagen\/technologien\/14hi-18hi-walzwerke\/#primaryimage"},"image":{"@id":"https:\/\/www.redex-group.com\/de\/prazisions-walzanlagen\/technologien\/14hi-18hi-walzwerke\/#primaryimage"},"thumbnailUrl":"https:\/\/www.redex-group.com\/wp-content\/uploads\/2022\/04\/18-HI-technology-REDEXGROUP.jpg","datePublished":"2022-02-24T08:22:37+00:00","dateModified":"2023-07-25T10:39:50+00:00","breadcrumb":{"@id":"https:\/\/www.redex-group.com\/de\/prazisions-walzanlagen\/technologien\/14hi-18hi-walzwerke\/#breadcrumb"},"inLanguage":"de","potentialAction":[{"@type":"ReadAction","target":["https:\/\/www.redex-group.com\/de\/prazisions-walzanlagen\/technologien\/14hi-18hi-walzwerke\/"]}]},{"@type":"ImageObject","inLanguage":"de","@id":"https:\/\/www.redex-group.com\/de\/prazisions-walzanlagen\/technologien\/14hi-18hi-walzwerke\/#primaryimage","url":"https:\/\/www.redex-group.com\/wp-content\/uploads\/2022\/04\/18-HI-technology-REDEXGROUP.jpg","contentUrl":"https:\/\/www.redex-group.com\/wp-content\/uploads\/2022\/04\/18-HI-technology-REDEXGROUP.jpg"},{"@type":"BreadcrumbList","@id":"https:\/\/www.redex-group.com\/de\/prazisions-walzanlagen\/technologien\/14hi-18hi-walzwerke\/#breadcrumb","itemListElement":[{"@type":"ListItem","position":1,"name":"Startseite","item":"https:\/\/www.redex-group.com\/de\/"},{"@type":"ListItem","position":2,"name":"Pr\u00e4zisions-Walzanlagen","item":"https:\/\/www.redex-group.com\/de\/precision-rolling-mills\/"},{"@type":"ListItem","position":3,"name":"Technologien","item":"https:\/\/www.redex-group.com\/de\/precision-rolling-mills\/technologies\/"},{"@type":"ListItem","position":4,"name":"14Hi &amp; 18Hi Walzwerke"}]},{"@type":"WebSite","@id":"https:\/\/www.redex-group.com\/de\/#website","url":"https:\/\/www.redex-group.com\/de\/","name":"Redex Group","description":"Great achievements start with us","publisher":{"@id":"https:\/\/www.redex-group.com\/de\/#organization"},"potentialAction":[{"@type":"SearchAction","target":{"@type":"EntryPoint","urlTemplate":"https:\/\/www.redex-group.com\/de\/?s={search_term_string}"},"query-input":{"@type":"PropertyValueSpecification","valueRequired":true,"valueName":"search_term_string"}}],"inLanguage":"de"},{"@type":"Organization","@id":"https:\/\/www.redex-group.com\/de\/#organization","name":"REDEX Group","url":"https:\/\/www.redex-group.com\/de\/","logo":{"@type":"ImageObject","inLanguage":"de","@id":"https:\/\/www.redex-group.com\/de\/#\/schema\/logo\/image\/","url":"https:\/\/www.redex-group.com\/wp-content\/uploads\/2021\/09\/Logo-REDEX-Group-orange.png","contentUrl":"https:\/\/www.redex-group.com\/wp-content\/uploads\/2021\/09\/Logo-REDEX-Group-orange.png","width":400,"height":107,"caption":"REDEX Group"},"image":{"@id":"https:\/\/www.redex-group.com\/de\/#\/schema\/logo\/image\/"}}]}},"_links":{"self":[{"href":"https:\/\/www.redex-group.com\/de\/wp-json\/wp\/v2\/pages\/16909","targetHints":{"allow":["GET"]}}],"collection":[{"href":"https:\/\/www.redex-group.com\/de\/wp-json\/wp\/v2\/pages"}],"about":[{"href":"https:\/\/www.redex-group.com\/de\/wp-json\/wp\/v2\/types\/page"}],"author":[{"embeddable":true,"href":"https:\/\/www.redex-group.com\/de\/wp-json\/wp\/v2\/users\/1"}],"replies":[{"embeddable":true,"href":"https:\/\/www.redex-group.com\/de\/wp-json\/wp\/v2\/comments?post=16909"}],"version-history":[{"count":10,"href":"https:\/\/www.redex-group.com\/de\/wp-json\/wp\/v2\/pages\/16909\/revisions"}],"predecessor-version":[{"id":20534,"href":"https:\/\/www.redex-group.com\/de\/wp-json\/wp\/v2\/pages\/16909\/revisions\/20534"}],"up":[{"embeddable":true,"href":"https:\/\/www.redex-group.com\/de\/wp-json\/wp\/v2\/pages\/16888"}],"wp:attachment":[{"href":"https:\/\/www.redex-group.com\/de\/wp-json\/wp\/v2\/media?parent=16909"}],"curies":[{"name":"wp","href":"https:\/\/api.w.org\/{rel}","templated":true}]}}