{"id":16857,"date":"2022-01-31T12:12:31","date_gmt":"2022-01-31T11:12:31","guid":{"rendered":"https:\/\/www.redex-group.com\/prazisions-walzanlagen\/service-und-kundendienst-prazisions-walzanlagen\/training-2\/"},"modified":"2023-07-25T14:01:35","modified_gmt":"2023-07-25T12:01:35","slug":"training-2","status":"publish","type":"page","link":"https:\/\/www.redex-group.com\/de\/prazisions-walzanlagen\/service-und-kundendienst-prazisions-walzanlagen\/training-2\/","title":{"rendered":"Training"},"content":{"rendered":"\t\t<div data-elementor-type=\"wp-page\" data-elementor-id=\"16857\" class=\"elementor elementor-16857 elementor-1538\" data-elementor-post-type=\"page\">\n\t\t\t\t\t\t<section class=\"elementor-section elementor-top-section elementor-element elementor-element-53a8806 elementor-section-height-min-height elementor-section-boxed elementor-section-height-default elementor-section-items-middle\" data-id=\"53a8806\" data-element_type=\"section\" data-e-type=\"section\" data-settings=\"{&quot;background_background&quot;:&quot;classic&quot;,&quot;jet_parallax_layout_list&quot;:[]}\">\n\t\t\t\t\t\t\t<div class=\"elementor-background-overlay\"><\/div>\n\t\t\t\t\t\t\t<div class=\"elementor-container elementor-column-gap-default\">\n\t\t\t\t\t<div class=\"elementor-column elementor-col-50 elementor-top-column elementor-element elementor-element-8a25475\" data-id=\"8a25475\" data-element_type=\"column\" data-e-type=\"column\">\n\t\t\t<div class=\"elementor-widget-wrap elementor-element-populated\">\n\t\t\t\t\t\t<div class=\"elementor-element elementor-element-a55ee2f elementor-widget elementor-widget-heading\" data-id=\"a55ee2f\" data-element_type=\"widget\" data-e-type=\"widget\" data-widget_type=\"heading.default\">\n\t\t\t\t<div class=\"elementor-widget-container\">\n\t\t\t\t\t<h1 class=\"elementor-heading-title elementor-size-default\">Training<\/h1>\t\t\t\t<\/div>\n\t\t\t\t<\/div>\n\t\t\t\t\t<\/div>\n\t\t<\/div>\n\t\t\t\t<div class=\"elementor-column elementor-col-50 elementor-top-column elementor-element elementor-element-00aae45\" data-id=\"00aae45\" data-element_type=\"column\" data-e-type=\"column\">\n\t\t\t<div class=\"elementor-widget-wrap\">\n\t\t\t\t\t\t\t<\/div>\n\t\t<\/div>\n\t\t\t\t\t<\/div>\n\t\t<\/section>\n\t\t\t\t<section class=\"elementor-section elementor-top-section elementor-element elementor-element-a3996c3 elementor-section-boxed elementor-section-height-default elementor-section-height-default\" data-id=\"a3996c3\" data-element_type=\"section\" data-e-type=\"section\" data-settings=\"{&quot;jet_parallax_layout_list&quot;:[]}\">\n\t\t\t\t\t\t<div class=\"elementor-container elementor-column-gap-default\">\n\t\t\t\t\t<div class=\"elementor-column elementor-col-100 elementor-top-column elementor-element elementor-element-360d016\" data-id=\"360d016\" data-element_type=\"column\" data-e-type=\"column\" data-settings=\"{&quot;background_background&quot;:&quot;classic&quot;}\">\n\t\t\t<div class=\"elementor-widget-wrap elementor-element-populated\">\n\t\t\t\t\t\t<div class=\"elementor-element elementor-element-eafff8f elementor-widget elementor-widget-breadcrumbs\" data-id=\"eafff8f\" data-element_type=\"widget\" data-e-type=\"widget\" data-widget_type=\"breadcrumbs.default\">\n\t\t\t\t<div class=\"elementor-widget-container\">\n\t\t\t\t\t<p id=\"breadcrumbs\"><span><span><a href=\"https:\/\/www.redex-group.com\/de\/\">Startseite<\/a><\/span><\/span><\/p>\t\t\t\t<\/div>\n\t\t\t\t<\/div>\n\t\t\t\t\t<\/div>\n\t\t<\/div>\n\t\t\t\t\t<\/div>\n\t\t<\/section>\n\t\t\t\t<section class=\"elementor-section elementor-top-section elementor-element elementor-element-22b30e1 elementor-section-boxed elementor-section-height-default elementor-section-height-default\" data-id=\"22b30e1\" data-element_type=\"section\" data-e-type=\"section\" data-settings=\"{&quot;jet_parallax_layout_list&quot;:[]}\">\n\t\t\t\t\t\t<div class=\"elementor-container elementor-column-gap-default\">\n\t\t\t\t\t<div class=\"elementor-column elementor-col-100 elementor-top-column elementor-element elementor-element-72cc055\" data-id=\"72cc055\" data-element_type=\"column\" data-e-type=\"column\">\n\t\t\t<div class=\"elementor-widget-wrap elementor-element-populated\">\n\t\t\t\t\t\t<div class=\"elementor-element elementor-element-8145b1a elementor-widget elementor-widget-heading\" data-id=\"8145b1a\" data-element_type=\"widget\" data-e-type=\"widget\" data-widget_type=\"heading.default\">\n\t\t\t\t<div class=\"elementor-widget-container\">\n\t\t\t\t\t<h2 class=\"elementor-heading-title elementor-size-default\">Training<\/h2>\t\t\t\t<\/div>\n\t\t\t\t<\/div>\n\t\t\t\t<div class=\"elementor-element elementor-element-3ec7199 elementor-widget elementor-widget-spacer\" data-id=\"3ec7199\" data-element_type=\"widget\" data-e-type=\"widget\" data-widget_type=\"spacer.default\">\n\t\t\t\t<div class=\"elementor-widget-container\">\n\t\t\t\t\t\t\t<div class=\"elementor-spacer\">\n\t\t\t<div class=\"elementor-spacer-inner\"><\/div>\n\t\t<\/div>\n\t\t\t\t\t\t<\/div>\n\t\t\t\t<\/div>\n\t\t\t\t<div class=\"elementor-element elementor-element-3ef1af0 elementor-widget elementor-widget-text-editor\" data-id=\"3ef1af0\" data-element_type=\"widget\" data-e-type=\"widget\" data-widget_type=\"text-editor.default\">\n\t\t\t\t<div class=\"elementor-widget-container\">\n\t\t\t\t\t\t\t\t\t<p>Beim Verkauf und der Installation von Anlagen darf ein wichtiger Aspekt nie vergessen werden: die Schulung der Mitarbeiter unserer Kunden.<\/p><p>F\u00fcr uns ist es essentiell, dass die zuk\u00fcnftigen Maschinenf\u00fchrer selbstst\u00e4ndig mit den Maschinen und allen Belangen der Anlage umgehen k\u00f6nnen.<\/p><p>Zu diesem Zweck findet am Ende jeder Installation eine entsprechende Bedienerschulung statt, die die Mitarbeiter in die Lage versetzt, selbstst\u00e4ndig zu arbeiten.<\/p><p>Je nach Kundenstruktur k\u00f6nnen diese Schulungen auch in einzelne Bereiche wie Wartung oder Bedienung (HMI) aufgeteilt werden.<\/p><p>Separate Nachschulungen k\u00f6nnen jederzeit mit den Teams der REDEX Group vereinbart werden, so dass auch neue Mitarbeiter unserer Kunden die Vorteile der Maschine voll nutzen k\u00f6nnen.&#8220;<\/p>\t\t\t\t\t\t\t\t<\/div>\n\t\t\t\t<\/div>\n\t\t\t\t\t<\/div>\n\t\t<\/div>\n\t\t\t\t\t<\/div>\n\t\t<\/section>\n\t\t\t\t<section class=\"elementor-section elementor-top-section elementor-element elementor-element-9bccbce elementor-section-boxed elementor-section-height-default elementor-section-height-default\" data-id=\"9bccbce\" data-element_type=\"section\" data-e-type=\"section\" data-settings=\"{&quot;jet_parallax_layout_list&quot;:[]}\">\n\t\t\t\t\t\t<div class=\"elementor-container elementor-column-gap-default\">\n\t\t\t\t\t<div class=\"elementor-column elementor-col-100 elementor-top-column elementor-element elementor-element-2a21183\" data-id=\"2a21183\" data-element_type=\"column\" data-e-type=\"column\">\n\t\t\t<div class=\"elementor-widget-wrap elementor-element-populated\">\n\t\t\t\t\t\t<div class=\"elementor-element elementor-element-1c90935 elementor-widget-divider--view-line elementor-widget elementor-widget-divider\" data-id=\"1c90935\" data-element_type=\"widget\" data-e-type=\"widget\" data-widget_type=\"divider.default\">\n\t\t\t\t<div class=\"elementor-widget-container\">\n\t\t\t\t\t\t\t<div class=\"elementor-divider\">\n\t\t\t<span class=\"elementor-divider-separator\">\n\t\t\t\t\t\t<\/span>\n\t\t<\/div>\n\t\t\t\t\t\t<\/div>\n\t\t\t\t<\/div>\n\t\t\t\t<div class=\"elementor-element elementor-element-cb236d2 elementor-align-center elementor-mobile-align-justify elementor-widget-mobile__width-inherit elementor-widget elementor-widget-button\" data-id=\"cb236d2\" data-element_type=\"widget\" data-e-type=\"widget\" data-widget_type=\"button.default\">\n\t\t\t\t<div class=\"elementor-widget-container\">\n\t\t\t\t\t\t\t\t\t<div class=\"elementor-button-wrapper\">\n\t\t\t\t\t<a class=\"elementor-button elementor-button-link elementor-size-sm elementor-animation-float\" href=\"https:\/\/www.redex-group.com\/de\/prazisions-walzanlagen\/kontakt-prazisions-walzanlagen\/\">\n\t\t\t\t\t\t<span class=\"elementor-button-content-wrapper\">\n\t\t\t\t\t\t<span class=\"elementor-button-icon\">\n\t\t\t\t<i aria-hidden=\"true\" class=\"fas fa-arrow-right\"><\/i>\t\t\t<\/span>\n\t\t\t\t\t\t\t\t\t<span class=\"elementor-button-text\">Kontaktieren Sie uns<\/span>\n\t\t\t\t\t<\/span>\n\t\t\t\t\t<\/a>\n\t\t\t\t<\/div>\n\t\t\t\t\t\t\t\t<\/div>\n\t\t\t\t<\/div>\n\t\t\t\t\t<\/div>\n\t\t<\/div>\n\t\t\t\t\t<\/div>\n\t\t<\/section>\n\t\t\t\t<\/div>\n\t\t","protected":false},"excerpt":{"rendered":"<p>Training Training Beim Verkauf und der Installation von Anlagen darf ein wichtiger Aspekt nie vergessen werden: die Schulung der Mitarbeiter unserer Kunden. F\u00fcr uns ist es essentiell, dass die zuk\u00fcnftigen Maschinenf\u00fchrer selbstst\u00e4ndig mit den Maschinen und allen Belangen der Anlage umgehen k\u00f6nnen. Zu diesem Zweck findet am Ende jeder Installation eine entsprechende Bedienerschulung statt, die [&hellip;]<\/p>\n","protected":false},"author":1,"featured_media":0,"parent":16802,"menu_order":0,"comment_status":"closed","ping_status":"closed","template":"","meta":{"footnotes":""},"class_list":["post-16857","page","type-page","status-publish","hentry"],"yoast_head":"<!-- This site is optimized with the Yoast SEO plugin v27.4 - https:\/\/yoast.com\/product\/yoast-seo-wordpress\/ -->\n<title>Unser Kundenservice f\u00fcr Schulungen - Redex Group<\/title>\n<meta name=\"description\" content=\"Die F\u00e4higkeiten der Mitarbeiter unserer Kunden sind wichtig. Wir r\u00fcsten sie bei der Installation von Ger\u00e4ten auf. Kontaktieren Sie unseren Kundenservice f\u00fcr weitere Informationen.\" \/>\n<meta name=\"robots\" content=\"index, follow, max-snippet:-1, max-image-preview:large, max-video-preview:-1\" \/>\n<link rel=\"canonical\" href=\"https:\/\/www.redex-group.com\/de\/prazisions-walzanlagen\/service-und-kundendienst-prazisions-walzanlagen\/training-2\/\" \/>\n<meta property=\"og:locale\" content=\"de_DE\" \/>\n<meta property=\"og:type\" content=\"article\" \/>\n<meta property=\"og:title\" content=\"Unser Kundenservice f\u00fcr Schulungen - Redex Group\" \/>\n<meta property=\"og:description\" content=\"Die F\u00e4higkeiten der Mitarbeiter unserer Kunden sind wichtig. Wir r\u00fcsten sie bei der Installation von Ger\u00e4ten auf. Kontaktieren Sie unseren Kundenservice f\u00fcr weitere Informationen.\" \/>\n<meta property=\"og:url\" content=\"https:\/\/www.redex-group.com\/de\/prazisions-walzanlagen\/service-und-kundendienst-prazisions-walzanlagen\/training-2\/\" \/>\n<meta property=\"og:site_name\" content=\"Redex Group\" \/>\n<meta property=\"article:modified_time\" content=\"2023-07-25T12:01:35+00:00\" \/>\n<meta name=\"twitter:card\" content=\"summary_large_image\" \/>\n<meta name=\"twitter:label1\" content=\"Gesch\u00e4tzte Lesezeit\" \/>\n\t<meta name=\"twitter:data1\" content=\"1\u00a0Minute\" \/>\n<script type=\"application\/ld+json\" class=\"yoast-schema-graph\">{\"@context\":\"https:\\\/\\\/schema.org\",\"@graph\":[{\"@type\":\"WebPage\",\"@id\":\"https:\\\/\\\/www.redex-group.com\\\/de\\\/prazisions-walzanlagen\\\/service-und-kundendienst-prazisions-walzanlagen\\\/training-2\\\/\",\"url\":\"https:\\\/\\\/www.redex-group.com\\\/de\\\/prazisions-walzanlagen\\\/service-und-kundendienst-prazisions-walzanlagen\\\/training-2\\\/\",\"name\":\"Unser Kundenservice f\u00fcr Schulungen - Redex Group\",\"isPartOf\":{\"@id\":\"https:\\\/\\\/www.redex-group.com\\\/de\\\/#website\"},\"datePublished\":\"2022-01-31T11:12:31+00:00\",\"dateModified\":\"2023-07-25T12:01:35+00:00\",\"description\":\"Die F\u00e4higkeiten der Mitarbeiter unserer Kunden sind wichtig. Wir r\u00fcsten sie bei der Installation von Ger\u00e4ten auf. Kontaktieren Sie unseren Kundenservice f\u00fcr weitere Informationen.\",\"breadcrumb\":{\"@id\":\"https:\\\/\\\/www.redex-group.com\\\/de\\\/prazisions-walzanlagen\\\/service-und-kundendienst-prazisions-walzanlagen\\\/training-2\\\/#breadcrumb\"},\"inLanguage\":\"de\",\"potentialAction\":[{\"@type\":\"ReadAction\",\"target\":[\"https:\\\/\\\/www.redex-group.com\\\/de\\\/prazisions-walzanlagen\\\/service-und-kundendienst-prazisions-walzanlagen\\\/training-2\\\/\"]}]},{\"@type\":\"BreadcrumbList\",\"@id\":\"https:\\\/\\\/www.redex-group.com\\\/de\\\/prazisions-walzanlagen\\\/service-und-kundendienst-prazisions-walzanlagen\\\/training-2\\\/#breadcrumb\",\"itemListElement\":[{\"@type\":\"ListItem\",\"position\":1,\"name\":\"Startseite\",\"item\":\"https:\\\/\\\/www.redex-group.com\\\/de\\\/\"},{\"@type\":\"ListItem\",\"position\":2,\"name\":\"Pr\u00e4zisions-Walzanlagen\",\"item\":\"https:\\\/\\\/www.redex-group.com\\\/de\\\/precision-rolling-mills\\\/\"},{\"@type\":\"ListItem\",\"position\":3,\"name\":\"Service und Kundendienst PRM\",\"item\":\"https:\\\/\\\/www.redex-group.com\\\/de\\\/prazisions-walzanlagen\\\/service-und-kundendienst-prazisions-walzanlagen\\\/\"},{\"@type\":\"ListItem\",\"position\":4,\"name\":\"Training\"}]},{\"@type\":\"WebSite\",\"@id\":\"https:\\\/\\\/www.redex-group.com\\\/de\\\/#website\",\"url\":\"https:\\\/\\\/www.redex-group.com\\\/de\\\/\",\"name\":\"Redex Group\",\"description\":\"Great achievements start with us\",\"publisher\":{\"@id\":\"https:\\\/\\\/www.redex-group.com\\\/de\\\/#organization\"},\"potentialAction\":[{\"@type\":\"SearchAction\",\"target\":{\"@type\":\"EntryPoint\",\"urlTemplate\":\"https:\\\/\\\/www.redex-group.com\\\/de\\\/?s={search_term_string}\"},\"query-input\":{\"@type\":\"PropertyValueSpecification\",\"valueRequired\":true,\"valueName\":\"search_term_string\"}}],\"inLanguage\":\"de\"},{\"@type\":\"Organization\",\"@id\":\"https:\\\/\\\/www.redex-group.com\\\/de\\\/#organization\",\"name\":\"REDEX Group\",\"url\":\"https:\\\/\\\/www.redex-group.com\\\/de\\\/\",\"logo\":{\"@type\":\"ImageObject\",\"inLanguage\":\"de\",\"@id\":\"https:\\\/\\\/www.redex-group.com\\\/de\\\/#\\\/schema\\\/logo\\\/image\\\/\",\"url\":\"https:\\\/\\\/www.redex-group.com\\\/wp-content\\\/uploads\\\/2021\\\/09\\\/Logo-REDEX-Group-orange.png\",\"contentUrl\":\"https:\\\/\\\/www.redex-group.com\\\/wp-content\\\/uploads\\\/2021\\\/09\\\/Logo-REDEX-Group-orange.png\",\"width\":400,\"height\":107,\"caption\":\"REDEX Group\"},\"image\":{\"@id\":\"https:\\\/\\\/www.redex-group.com\\\/de\\\/#\\\/schema\\\/logo\\\/image\\\/\"}}]}<\/script>\n<!-- \/ Yoast SEO plugin. -->","yoast_head_json":{"title":"Unser Kundenservice f\u00fcr Schulungen - Redex Group","description":"Die F\u00e4higkeiten der Mitarbeiter unserer Kunden sind wichtig. Wir r\u00fcsten sie bei der Installation von Ger\u00e4ten auf. Kontaktieren Sie unseren Kundenservice f\u00fcr weitere Informationen.","robots":{"index":"index","follow":"follow","max-snippet":"max-snippet:-1","max-image-preview":"max-image-preview:large","max-video-preview":"max-video-preview:-1"},"canonical":"https:\/\/www.redex-group.com\/de\/prazisions-walzanlagen\/service-und-kundendienst-prazisions-walzanlagen\/training-2\/","og_locale":"de_DE","og_type":"article","og_title":"Unser Kundenservice f\u00fcr Schulungen - Redex Group","og_description":"Die F\u00e4higkeiten der Mitarbeiter unserer Kunden sind wichtig. Wir r\u00fcsten sie bei der Installation von Ger\u00e4ten auf. Kontaktieren Sie unseren Kundenservice f\u00fcr weitere Informationen.","og_url":"https:\/\/www.redex-group.com\/de\/prazisions-walzanlagen\/service-und-kundendienst-prazisions-walzanlagen\/training-2\/","og_site_name":"Redex Group","article_modified_time":"2023-07-25T12:01:35+00:00","twitter_card":"summary_large_image","twitter_misc":{"Gesch\u00e4tzte Lesezeit":"1\u00a0Minute"},"schema":{"@context":"https:\/\/schema.org","@graph":[{"@type":"WebPage","@id":"https:\/\/www.redex-group.com\/de\/prazisions-walzanlagen\/service-und-kundendienst-prazisions-walzanlagen\/training-2\/","url":"https:\/\/www.redex-group.com\/de\/prazisions-walzanlagen\/service-und-kundendienst-prazisions-walzanlagen\/training-2\/","name":"Unser Kundenservice f\u00fcr Schulungen - Redex Group","isPartOf":{"@id":"https:\/\/www.redex-group.com\/de\/#website"},"datePublished":"2022-01-31T11:12:31+00:00","dateModified":"2023-07-25T12:01:35+00:00","description":"Die F\u00e4higkeiten der Mitarbeiter unserer Kunden sind wichtig. Wir r\u00fcsten sie bei der Installation von Ger\u00e4ten auf. Kontaktieren Sie unseren Kundenservice f\u00fcr weitere Informationen.","breadcrumb":{"@id":"https:\/\/www.redex-group.com\/de\/prazisions-walzanlagen\/service-und-kundendienst-prazisions-walzanlagen\/training-2\/#breadcrumb"},"inLanguage":"de","potentialAction":[{"@type":"ReadAction","target":["https:\/\/www.redex-group.com\/de\/prazisions-walzanlagen\/service-und-kundendienst-prazisions-walzanlagen\/training-2\/"]}]},{"@type":"BreadcrumbList","@id":"https:\/\/www.redex-group.com\/de\/prazisions-walzanlagen\/service-und-kundendienst-prazisions-walzanlagen\/training-2\/#breadcrumb","itemListElement":[{"@type":"ListItem","position":1,"name":"Startseite","item":"https:\/\/www.redex-group.com\/de\/"},{"@type":"ListItem","position":2,"name":"Pr\u00e4zisions-Walzanlagen","item":"https:\/\/www.redex-group.com\/de\/precision-rolling-mills\/"},{"@type":"ListItem","position":3,"name":"Service und Kundendienst PRM","item":"https:\/\/www.redex-group.com\/de\/prazisions-walzanlagen\/service-und-kundendienst-prazisions-walzanlagen\/"},{"@type":"ListItem","position":4,"name":"Training"}]},{"@type":"WebSite","@id":"https:\/\/www.redex-group.com\/de\/#website","url":"https:\/\/www.redex-group.com\/de\/","name":"Redex Group","description":"Great achievements start with us","publisher":{"@id":"https:\/\/www.redex-group.com\/de\/#organization"},"potentialAction":[{"@type":"SearchAction","target":{"@type":"EntryPoint","urlTemplate":"https:\/\/www.redex-group.com\/de\/?s={search_term_string}"},"query-input":{"@type":"PropertyValueSpecification","valueRequired":true,"valueName":"search_term_string"}}],"inLanguage":"de"},{"@type":"Organization","@id":"https:\/\/www.redex-group.com\/de\/#organization","name":"REDEX Group","url":"https:\/\/www.redex-group.com\/de\/","logo":{"@type":"ImageObject","inLanguage":"de","@id":"https:\/\/www.redex-group.com\/de\/#\/schema\/logo\/image\/","url":"https:\/\/www.redex-group.com\/wp-content\/uploads\/2021\/09\/Logo-REDEX-Group-orange.png","contentUrl":"https:\/\/www.redex-group.com\/wp-content\/uploads\/2021\/09\/Logo-REDEX-Group-orange.png","width":400,"height":107,"caption":"REDEX Group"},"image":{"@id":"https:\/\/www.redex-group.com\/de\/#\/schema\/logo\/image\/"}}]}},"_links":{"self":[{"href":"https:\/\/www.redex-group.com\/de\/wp-json\/wp\/v2\/pages\/16857","targetHints":{"allow":["GET"]}}],"collection":[{"href":"https:\/\/www.redex-group.com\/de\/wp-json\/wp\/v2\/pages"}],"about":[{"href":"https:\/\/www.redex-group.com\/de\/wp-json\/wp\/v2\/types\/page"}],"author":[{"embeddable":true,"href":"https:\/\/www.redex-group.com\/de\/wp-json\/wp\/v2\/users\/1"}],"replies":[{"embeddable":true,"href":"https:\/\/www.redex-group.com\/de\/wp-json\/wp\/v2\/comments?post=16857"}],"version-history":[{"count":10,"href":"https:\/\/www.redex-group.com\/de\/wp-json\/wp\/v2\/pages\/16857\/revisions"}],"predecessor-version":[{"id":20565,"href":"https:\/\/www.redex-group.com\/de\/wp-json\/wp\/v2\/pages\/16857\/revisions\/20565"}],"up":[{"embeddable":true,"href":"https:\/\/www.redex-group.com\/de\/wp-json\/wp\/v2\/pages\/16802"}],"wp:attachment":[{"href":"https:\/\/www.redex-group.com\/de\/wp-json\/wp\/v2\/media?parent=16857"}],"curies":[{"name":"wp","href":"https:\/\/api.w.org\/{rel}","templated":true}]}}