{"id":16846,"date":"2022-01-31T12:23:59","date_gmt":"2022-01-31T11:23:59","guid":{"rendered":"https:\/\/www.redex-group.com\/prazisions-walzanlagen\/service-und-kundendienst-prazisions-walzanlagen\/consulting-expertise\/"},"modified":"2023-07-25T14:00:25","modified_gmt":"2023-07-25T12:00:25","slug":"consultingaberatung-expertise-expertise","status":"publish","type":"page","link":"https:\/\/www.redex-group.com\/de\/prazisions-walzanlagen\/service-und-kundendienst-prazisions-walzanlagen\/consultingaberatung-expertise-expertise\/","title":{"rendered":"Beratung &amp; Expertise"},"content":{"rendered":"\t\t<div data-elementor-type=\"wp-page\" data-elementor-id=\"16846\" class=\"elementor elementor-16846 elementor-1567\" data-elementor-post-type=\"page\">\n\t\t\t\t\t\t<section class=\"elementor-section elementor-top-section elementor-element elementor-element-455f4f9 elementor-section-height-min-height elementor-section-boxed elementor-section-height-default elementor-section-items-middle\" data-id=\"455f4f9\" data-element_type=\"section\" data-e-type=\"section\" data-settings=\"{&quot;background_background&quot;:&quot;classic&quot;,&quot;jet_parallax_layout_list&quot;:[]}\">\n\t\t\t\t\t\t\t<div class=\"elementor-background-overlay\"><\/div>\n\t\t\t\t\t\t\t<div class=\"elementor-container elementor-column-gap-default\">\n\t\t\t\t\t<div class=\"elementor-column elementor-col-50 elementor-top-column elementor-element elementor-element-bf9cd3c\" data-id=\"bf9cd3c\" data-element_type=\"column\" data-e-type=\"column\">\n\t\t\t<div class=\"elementor-widget-wrap elementor-element-populated\">\n\t\t\t\t\t\t<div class=\"elementor-element elementor-element-e7b2c85 elementor-widget elementor-widget-heading\" data-id=\"e7b2c85\" data-element_type=\"widget\" data-e-type=\"widget\" data-widget_type=\"heading.default\">\n\t\t\t\t<div class=\"elementor-widget-container\">\n\t\t\t\t\t<h1 class=\"elementor-heading-title elementor-size-default\">Beratung &amp; Expertise<\/h1>\t\t\t\t<\/div>\n\t\t\t\t<\/div>\n\t\t\t\t\t<\/div>\n\t\t<\/div>\n\t\t\t\t<div class=\"elementor-column elementor-col-50 elementor-top-column elementor-element elementor-element-31455c0\" data-id=\"31455c0\" data-element_type=\"column\" data-e-type=\"column\">\n\t\t\t<div class=\"elementor-widget-wrap\">\n\t\t\t\t\t\t\t<\/div>\n\t\t<\/div>\n\t\t\t\t\t<\/div>\n\t\t<\/section>\n\t\t\t\t<section class=\"elementor-section elementor-top-section elementor-element elementor-element-44d4eb9 elementor-section-boxed elementor-section-height-default elementor-section-height-default\" data-id=\"44d4eb9\" data-element_type=\"section\" data-e-type=\"section\" data-settings=\"{&quot;jet_parallax_layout_list&quot;:[]}\">\n\t\t\t\t\t\t<div class=\"elementor-container elementor-column-gap-default\">\n\t\t\t\t\t<div class=\"elementor-column elementor-col-100 elementor-top-column elementor-element elementor-element-33c9026\" data-id=\"33c9026\" data-element_type=\"column\" data-e-type=\"column\" data-settings=\"{&quot;background_background&quot;:&quot;classic&quot;}\">\n\t\t\t<div class=\"elementor-widget-wrap elementor-element-populated\">\n\t\t\t\t\t\t<div class=\"elementor-element elementor-element-d9a41f5 elementor-widget elementor-widget-breadcrumbs\" data-id=\"d9a41f5\" data-element_type=\"widget\" data-e-type=\"widget\" data-widget_type=\"breadcrumbs.default\">\n\t\t\t\t<div class=\"elementor-widget-container\">\n\t\t\t\t\t<p id=\"breadcrumbs\"><span><span><a href=\"https:\/\/www.redex-group.com\/de\/\">Startseite<\/a><\/span><\/span><\/p>\t\t\t\t<\/div>\n\t\t\t\t<\/div>\n\t\t\t\t\t<\/div>\n\t\t<\/div>\n\t\t\t\t\t<\/div>\n\t\t<\/section>\n\t\t\t\t<section class=\"elementor-section elementor-top-section elementor-element elementor-element-f59ca1b elementor-section-boxed elementor-section-height-default elementor-section-height-default\" data-id=\"f59ca1b\" data-element_type=\"section\" data-e-type=\"section\" data-settings=\"{&quot;jet_parallax_layout_list&quot;:[]}\">\n\t\t\t\t\t\t<div class=\"elementor-container elementor-column-gap-default\">\n\t\t\t\t\t<div class=\"elementor-column elementor-col-100 elementor-top-column elementor-element elementor-element-e68f8d9\" data-id=\"e68f8d9\" data-element_type=\"column\" data-e-type=\"column\">\n\t\t\t<div class=\"elementor-widget-wrap elementor-element-populated\">\n\t\t\t\t\t\t<div class=\"elementor-element elementor-element-1adbba1 elementor-widget elementor-widget-heading\" data-id=\"1adbba1\" data-element_type=\"widget\" data-e-type=\"widget\" data-widget_type=\"heading.default\">\n\t\t\t\t<div class=\"elementor-widget-container\">\n\t\t\t\t\t<h2 class=\"elementor-heading-title elementor-size-default\">Beratung &amp; Expertise<\/h2>\t\t\t\t<\/div>\n\t\t\t\t<\/div>\n\t\t\t\t<div class=\"elementor-element elementor-element-e73d063 elementor-widget elementor-widget-spacer\" data-id=\"e73d063\" data-element_type=\"widget\" data-e-type=\"widget\" data-widget_type=\"spacer.default\">\n\t\t\t\t<div class=\"elementor-widget-container\">\n\t\t\t\t\t\t\t<div class=\"elementor-spacer\">\n\t\t\t<div class=\"elementor-spacer-inner\"><\/div>\n\t\t<\/div>\n\t\t\t\t\t\t<\/div>\n\t\t\t\t<\/div>\n\t\t\t\t<div class=\"elementor-element elementor-element-1ffd89c elementor-widget elementor-widget-text-editor\" data-id=\"1ffd89c\" data-element_type=\"widget\" data-e-type=\"widget\" data-widget_type=\"text-editor.default\">\n\t\t\t\t<div class=\"elementor-widget-container\">\n\t\t\t\t\t\t\t\t\t<p>Als Maschinenhersteller verf\u00fcgen wir \u00fcber langj\u00e4hrige Erfahrung in der Entwicklung von mechanischen, elektrischen und automatisierten Systemen.<\/p><p>Spezialisten aus verschiedenen Abteilungen sind in der Lage, genaue Diagnosen Ihrer Maschinen zu erstellen.<\/p><p>Das ist genau der Service, den REDEX Group allen Anwendern von Kaltwalzwerken anbietet.<\/p><p>Unsere Techniker kommen zu Ihnen und inspizieren Ihre vorhandene und m\u00f6glicherweise veraltete Maschine.<\/p><p>Nach dieser Analyse erhalten unsere Kunden ein Gutachten dar\u00fcber, was ge\u00e4ndert werden muss, um auf dem neuesten Stand der Technik zu sein.<\/p><p>Diese Beratung und das anschlie\u00dfende schriftliche Gutachten sind v\u00f6llig unabh\u00e4ngig von einem Auftrag.<\/p><p>Haben Sie schon einen Termin mit uns vereinbart?&#8220;<\/p>\t\t\t\t\t\t\t\t<\/div>\n\t\t\t\t<\/div>\n\t\t\t\t\t<\/div>\n\t\t<\/div>\n\t\t\t\t\t<\/div>\n\t\t<\/section>\n\t\t\t\t<section class=\"elementor-section elementor-top-section elementor-element elementor-element-7b29214 elementor-section-boxed elementor-section-height-default elementor-section-height-default\" data-id=\"7b29214\" data-element_type=\"section\" data-e-type=\"section\" data-settings=\"{&quot;jet_parallax_layout_list&quot;:[]}\">\n\t\t\t\t\t\t<div class=\"elementor-container elementor-column-gap-default\">\n\t\t\t\t\t<div class=\"elementor-column elementor-col-100 elementor-top-column elementor-element elementor-element-96b099e\" data-id=\"96b099e\" data-element_type=\"column\" data-e-type=\"column\">\n\t\t\t<div class=\"elementor-widget-wrap elementor-element-populated\">\n\t\t\t\t\t\t<div class=\"elementor-element elementor-element-313fefb elementor-widget-divider--view-line elementor-widget elementor-widget-divider\" data-id=\"313fefb\" data-element_type=\"widget\" data-e-type=\"widget\" data-widget_type=\"divider.default\">\n\t\t\t\t<div class=\"elementor-widget-container\">\n\t\t\t\t\t\t\t<div class=\"elementor-divider\">\n\t\t\t<span class=\"elementor-divider-separator\">\n\t\t\t\t\t\t<\/span>\n\t\t<\/div>\n\t\t\t\t\t\t<\/div>\n\t\t\t\t<\/div>\n\t\t\t\t<div class=\"elementor-element elementor-element-80c909c elementor-align-center elementor-mobile-align-justify elementor-widget-mobile__width-inherit elementor-widget elementor-widget-button\" data-id=\"80c909c\" data-element_type=\"widget\" data-e-type=\"widget\" data-widget_type=\"button.default\">\n\t\t\t\t<div class=\"elementor-widget-container\">\n\t\t\t\t\t\t\t\t\t<div class=\"elementor-button-wrapper\">\n\t\t\t\t\t<a class=\"elementor-button elementor-button-link elementor-size-sm elementor-animation-float\" href=\"https:\/\/www.redex-group.com\/de\/prazisions-walzanlagen\/kontakt-prazisions-walzanlagen\/\">\n\t\t\t\t\t\t<span class=\"elementor-button-content-wrapper\">\n\t\t\t\t\t\t<span class=\"elementor-button-icon\">\n\t\t\t\t<i aria-hidden=\"true\" class=\"fas fa-arrow-right\"><\/i>\t\t\t<\/span>\n\t\t\t\t\t\t\t\t\t<span class=\"elementor-button-text\">Kontaktieren Sie uns<\/span>\n\t\t\t\t\t<\/span>\n\t\t\t\t\t<\/a>\n\t\t\t\t<\/div>\n\t\t\t\t\t\t\t\t<\/div>\n\t\t\t\t<\/div>\n\t\t\t\t\t<\/div>\n\t\t<\/div>\n\t\t\t\t\t<\/div>\n\t\t<\/section>\n\t\t\t\t<\/div>\n\t\t","protected":false},"excerpt":{"rendered":"<p>Beratung &#038; Expertise Beratung &#038; Expertise Als Maschinenhersteller verf\u00fcgen wir \u00fcber langj\u00e4hrige Erfahrung in der Entwicklung von mechanischen, elektrischen und automatisierten Systemen. Spezialisten aus verschiedenen Abteilungen sind in der Lage, genaue Diagnosen Ihrer Maschinen zu erstellen. Das ist genau der Service, den REDEX Group allen Anwendern von Kaltwalzwerken anbietet. Unsere Techniker kommen zu Ihnen und [&hellip;]<\/p>\n","protected":false},"author":1,"featured_media":0,"parent":16802,"menu_order":0,"comment_status":"closed","ping_status":"closed","template":"","meta":{"footnotes":""},"class_list":["post-16846","page","type-page","status-publish","hentry"],"yoast_head":"<!-- This site is optimized with the Yoast SEO plugin v27.2 - https:\/\/yoast.com\/product\/yoast-seo-wordpress\/ -->\n<title>Beratung &amp; Expertise - Redex Group<\/title>\n<meta name=\"robots\" content=\"index, follow, max-snippet:-1, max-image-preview:large, max-video-preview:-1\" \/>\n<link rel=\"canonical\" href=\"https:\/\/www.redex-group.com\/de\/prazisions-walzanlagen\/service-und-kundendienst-prazisions-walzanlagen\/consultingaberatung-expertise-expertise\/\" \/>\n<meta property=\"og:locale\" content=\"de_DE\" \/>\n<meta property=\"og:type\" content=\"article\" \/>\n<meta property=\"og:title\" content=\"Beratung &amp; Expertise - Redex Group\" \/>\n<meta property=\"og:description\" content=\"Beratung &#038; Expertise Beratung &#038; Expertise Als Maschinenhersteller verf\u00fcgen wir \u00fcber langj\u00e4hrige Erfahrung in der Entwicklung von mechanischen, elektrischen und automatisierten Systemen. Spezialisten aus verschiedenen Abteilungen sind in der Lage, genaue Diagnosen Ihrer Maschinen zu erstellen. Das ist genau der Service, den REDEX Group allen Anwendern von Kaltwalzwerken anbietet. Unsere Techniker kommen zu Ihnen und [&hellip;]\" \/>\n<meta property=\"og:url\" content=\"https:\/\/www.redex-group.com\/de\/prazisions-walzanlagen\/service-und-kundendienst-prazisions-walzanlagen\/consultingaberatung-expertise-expertise\/\" \/>\n<meta property=\"og:site_name\" content=\"Redex Group\" \/>\n<meta property=\"article:modified_time\" content=\"2023-07-25T12:00:25+00:00\" \/>\n<meta name=\"twitter:card\" content=\"summary_large_image\" \/>\n<meta name=\"twitter:label1\" content=\"Gesch\u00e4tzte Lesezeit\" \/>\n\t<meta name=\"twitter:data1\" content=\"1\u00a0Minute\" \/>\n<script type=\"application\/ld+json\" class=\"yoast-schema-graph\">{\"@context\":\"https:\/\/schema.org\",\"@graph\":[{\"@type\":\"WebPage\",\"@id\":\"https:\/\/www.redex-group.com\/de\/prazisions-walzanlagen\/service-und-kundendienst-prazisions-walzanlagen\/consultingaberatung-expertise-expertise\/\",\"url\":\"https:\/\/www.redex-group.com\/de\/prazisions-walzanlagen\/service-und-kundendienst-prazisions-walzanlagen\/consultingaberatung-expertise-expertise\/\",\"name\":\"Beratung &amp; Expertise - Redex Group\",\"isPartOf\":{\"@id\":\"https:\/\/www.redex-group.com\/de\/#website\"},\"datePublished\":\"2022-01-31T11:23:59+00:00\",\"dateModified\":\"2023-07-25T12:00:25+00:00\",\"breadcrumb\":{\"@id\":\"https:\/\/www.redex-group.com\/de\/prazisions-walzanlagen\/service-und-kundendienst-prazisions-walzanlagen\/consultingaberatung-expertise-expertise\/#breadcrumb\"},\"inLanguage\":\"de\",\"potentialAction\":[{\"@type\":\"ReadAction\",\"target\":[\"https:\/\/www.redex-group.com\/de\/prazisions-walzanlagen\/service-und-kundendienst-prazisions-walzanlagen\/consultingaberatung-expertise-expertise\/\"]}]},{\"@type\":\"BreadcrumbList\",\"@id\":\"https:\/\/www.redex-group.com\/de\/prazisions-walzanlagen\/service-und-kundendienst-prazisions-walzanlagen\/consultingaberatung-expertise-expertise\/#breadcrumb\",\"itemListElement\":[{\"@type\":\"ListItem\",\"position\":1,\"name\":\"Startseite\",\"item\":\"https:\/\/www.redex-group.com\/de\/\"},{\"@type\":\"ListItem\",\"position\":2,\"name\":\"Pr\u00e4zisions-Walzanlagen\",\"item\":\"https:\/\/www.redex-group.com\/de\/precision-rolling-mills\/\"},{\"@type\":\"ListItem\",\"position\":3,\"name\":\"Service und Kundendienst PRM\",\"item\":\"https:\/\/www.redex-group.com\/de\/prazisions-walzanlagen\/service-und-kundendienst-prazisions-walzanlagen\/\"},{\"@type\":\"ListItem\",\"position\":4,\"name\":\"Beratung &amp; Expertise\"}]},{\"@type\":\"WebSite\",\"@id\":\"https:\/\/www.redex-group.com\/de\/#website\",\"url\":\"https:\/\/www.redex-group.com\/de\/\",\"name\":\"Redex Group\",\"description\":\"Great achievements start with us\",\"publisher\":{\"@id\":\"https:\/\/www.redex-group.com\/de\/#organization\"},\"potentialAction\":[{\"@type\":\"SearchAction\",\"target\":{\"@type\":\"EntryPoint\",\"urlTemplate\":\"https:\/\/www.redex-group.com\/de\/?s={search_term_string}\"},\"query-input\":{\"@type\":\"PropertyValueSpecification\",\"valueRequired\":true,\"valueName\":\"search_term_string\"}}],\"inLanguage\":\"de\"},{\"@type\":\"Organization\",\"@id\":\"https:\/\/www.redex-group.com\/de\/#organization\",\"name\":\"REDEX Group\",\"url\":\"https:\/\/www.redex-group.com\/de\/\",\"logo\":{\"@type\":\"ImageObject\",\"inLanguage\":\"de\",\"@id\":\"https:\/\/www.redex-group.com\/de\/#\/schema\/logo\/image\/\",\"url\":\"https:\/\/www.redex-group.com\/wp-content\/uploads\/2021\/09\/Logo-REDEX-Group-orange.png\",\"contentUrl\":\"https:\/\/www.redex-group.com\/wp-content\/uploads\/2021\/09\/Logo-REDEX-Group-orange.png\",\"width\":400,\"height\":107,\"caption\":\"REDEX Group\"},\"image\":{\"@id\":\"https:\/\/www.redex-group.com\/de\/#\/schema\/logo\/image\/\"}}]}<\/script>\n<!-- \/ Yoast SEO plugin. -->","yoast_head_json":{"title":"Beratung &amp; Expertise - Redex Group","robots":{"index":"index","follow":"follow","max-snippet":"max-snippet:-1","max-image-preview":"max-image-preview:large","max-video-preview":"max-video-preview:-1"},"canonical":"https:\/\/www.redex-group.com\/de\/prazisions-walzanlagen\/service-und-kundendienst-prazisions-walzanlagen\/consultingaberatung-expertise-expertise\/","og_locale":"de_DE","og_type":"article","og_title":"Beratung &amp; Expertise - Redex Group","og_description":"Beratung &#038; Expertise Beratung &#038; Expertise Als Maschinenhersteller verf\u00fcgen wir \u00fcber langj\u00e4hrige Erfahrung in der Entwicklung von mechanischen, elektrischen und automatisierten Systemen. Spezialisten aus verschiedenen Abteilungen sind in der Lage, genaue Diagnosen Ihrer Maschinen zu erstellen. Das ist genau der Service, den REDEX Group allen Anwendern von Kaltwalzwerken anbietet. Unsere Techniker kommen zu Ihnen und [&hellip;]","og_url":"https:\/\/www.redex-group.com\/de\/prazisions-walzanlagen\/service-und-kundendienst-prazisions-walzanlagen\/consultingaberatung-expertise-expertise\/","og_site_name":"Redex Group","article_modified_time":"2023-07-25T12:00:25+00:00","twitter_card":"summary_large_image","twitter_misc":{"Gesch\u00e4tzte Lesezeit":"1\u00a0Minute"},"schema":{"@context":"https:\/\/schema.org","@graph":[{"@type":"WebPage","@id":"https:\/\/www.redex-group.com\/de\/prazisions-walzanlagen\/service-und-kundendienst-prazisions-walzanlagen\/consultingaberatung-expertise-expertise\/","url":"https:\/\/www.redex-group.com\/de\/prazisions-walzanlagen\/service-und-kundendienst-prazisions-walzanlagen\/consultingaberatung-expertise-expertise\/","name":"Beratung &amp; Expertise - Redex Group","isPartOf":{"@id":"https:\/\/www.redex-group.com\/de\/#website"},"datePublished":"2022-01-31T11:23:59+00:00","dateModified":"2023-07-25T12:00:25+00:00","breadcrumb":{"@id":"https:\/\/www.redex-group.com\/de\/prazisions-walzanlagen\/service-und-kundendienst-prazisions-walzanlagen\/consultingaberatung-expertise-expertise\/#breadcrumb"},"inLanguage":"de","potentialAction":[{"@type":"ReadAction","target":["https:\/\/www.redex-group.com\/de\/prazisions-walzanlagen\/service-und-kundendienst-prazisions-walzanlagen\/consultingaberatung-expertise-expertise\/"]}]},{"@type":"BreadcrumbList","@id":"https:\/\/www.redex-group.com\/de\/prazisions-walzanlagen\/service-und-kundendienst-prazisions-walzanlagen\/consultingaberatung-expertise-expertise\/#breadcrumb","itemListElement":[{"@type":"ListItem","position":1,"name":"Startseite","item":"https:\/\/www.redex-group.com\/de\/"},{"@type":"ListItem","position":2,"name":"Pr\u00e4zisions-Walzanlagen","item":"https:\/\/www.redex-group.com\/de\/precision-rolling-mills\/"},{"@type":"ListItem","position":3,"name":"Service und Kundendienst PRM","item":"https:\/\/www.redex-group.com\/de\/prazisions-walzanlagen\/service-und-kundendienst-prazisions-walzanlagen\/"},{"@type":"ListItem","position":4,"name":"Beratung &amp; Expertise"}]},{"@type":"WebSite","@id":"https:\/\/www.redex-group.com\/de\/#website","url":"https:\/\/www.redex-group.com\/de\/","name":"Redex Group","description":"Great achievements start with us","publisher":{"@id":"https:\/\/www.redex-group.com\/de\/#organization"},"potentialAction":[{"@type":"SearchAction","target":{"@type":"EntryPoint","urlTemplate":"https:\/\/www.redex-group.com\/de\/?s={search_term_string}"},"query-input":{"@type":"PropertyValueSpecification","valueRequired":true,"valueName":"search_term_string"}}],"inLanguage":"de"},{"@type":"Organization","@id":"https:\/\/www.redex-group.com\/de\/#organization","name":"REDEX Group","url":"https:\/\/www.redex-group.com\/de\/","logo":{"@type":"ImageObject","inLanguage":"de","@id":"https:\/\/www.redex-group.com\/de\/#\/schema\/logo\/image\/","url":"https:\/\/www.redex-group.com\/wp-content\/uploads\/2021\/09\/Logo-REDEX-Group-orange.png","contentUrl":"https:\/\/www.redex-group.com\/wp-content\/uploads\/2021\/09\/Logo-REDEX-Group-orange.png","width":400,"height":107,"caption":"REDEX Group"},"image":{"@id":"https:\/\/www.redex-group.com\/de\/#\/schema\/logo\/image\/"}}]}},"_links":{"self":[{"href":"https:\/\/www.redex-group.com\/de\/wp-json\/wp\/v2\/pages\/16846","targetHints":{"allow":["GET"]}}],"collection":[{"href":"https:\/\/www.redex-group.com\/de\/wp-json\/wp\/v2\/pages"}],"about":[{"href":"https:\/\/www.redex-group.com\/de\/wp-json\/wp\/v2\/types\/page"}],"author":[{"embeddable":true,"href":"https:\/\/www.redex-group.com\/de\/wp-json\/wp\/v2\/users\/1"}],"replies":[{"embeddable":true,"href":"https:\/\/www.redex-group.com\/de\/wp-json\/wp\/v2\/comments?post=16846"}],"version-history":[{"count":10,"href":"https:\/\/www.redex-group.com\/de\/wp-json\/wp\/v2\/pages\/16846\/revisions"}],"predecessor-version":[{"id":20562,"href":"https:\/\/www.redex-group.com\/de\/wp-json\/wp\/v2\/pages\/16846\/revisions\/20562"}],"up":[{"embeddable":true,"href":"https:\/\/www.redex-group.com\/de\/wp-json\/wp\/v2\/pages\/16802"}],"wp:attachment":[{"href":"https:\/\/www.redex-group.com\/de\/wp-json\/wp\/v2\/media?parent=16846"}],"curies":[{"name":"wp","href":"https:\/\/api.w.org\/{rel}","templated":true}]}}