{"id":16814,"date":"2022-01-31T12:18:40","date_gmt":"2022-01-31T11:18:40","guid":{"rendered":"https:\/\/www.redex-group.com\/prazisions-walzanlagen\/service-und-kundendienst-prazisions-walzanlagen\/revamping-retrofit\/"},"modified":"2025-03-31T11:52:00","modified_gmt":"2025-03-31T09:52:00","slug":"umrustung-nachrustung","status":"publish","type":"page","link":"https:\/\/www.redex-group.com\/de\/prazisions-walzanlagen\/service-und-kundendienst-prazisions-walzanlagen\/umrustung-nachrustung\/","title":{"rendered":"Umr\u00fcstung &amp; Nachr\u00fcstung"},"content":{"rendered":"\t\t<div data-elementor-type=\"wp-page\" data-elementor-id=\"16814\" class=\"elementor elementor-16814 elementor-1551\" data-elementor-post-type=\"page\">\n\t\t\t\t\t\t<section class=\"elementor-section elementor-top-section elementor-element elementor-element-1649f55 elementor-section-height-min-height elementor-section-boxed elementor-section-height-default elementor-section-items-middle\" data-id=\"1649f55\" data-element_type=\"section\" data-e-type=\"section\" data-settings=\"{&quot;background_background&quot;:&quot;classic&quot;,&quot;jet_parallax_layout_list&quot;:[]}\">\n\t\t\t\t\t\t\t<div class=\"elementor-background-overlay\"><\/div>\n\t\t\t\t\t\t\t<div class=\"elementor-container elementor-column-gap-default\">\n\t\t\t\t\t<div class=\"elementor-column elementor-col-50 elementor-top-column elementor-element elementor-element-51f70b7\" data-id=\"51f70b7\" data-element_type=\"column\" data-e-type=\"column\">\n\t\t\t<div class=\"elementor-widget-wrap elementor-element-populated\">\n\t\t\t\t\t\t<div class=\"elementor-element elementor-element-515df21 elementor-widget elementor-widget-heading\" data-id=\"515df21\" data-element_type=\"widget\" data-e-type=\"widget\" data-widget_type=\"heading.default\">\n\t\t\t\t<div class=\"elementor-widget-container\">\n\t\t\t\t\t<h1 class=\"elementor-heading-title elementor-size-default\">Umr\u00fcstung &amp; Nachr\u00fcstung<\/h1>\t\t\t\t<\/div>\n\t\t\t\t<\/div>\n\t\t\t\t\t<\/div>\n\t\t<\/div>\n\t\t\t\t<div class=\"elementor-column elementor-col-50 elementor-top-column elementor-element elementor-element-2bea635\" data-id=\"2bea635\" data-element_type=\"column\" data-e-type=\"column\">\n\t\t\t<div class=\"elementor-widget-wrap\">\n\t\t\t\t\t\t\t<\/div>\n\t\t<\/div>\n\t\t\t\t\t<\/div>\n\t\t<\/section>\n\t\t\t\t<section class=\"elementor-section elementor-top-section elementor-element elementor-element-dfc3f6c elementor-section-boxed elementor-section-height-default elementor-section-height-default\" data-id=\"dfc3f6c\" data-element_type=\"section\" data-e-type=\"section\" data-settings=\"{&quot;jet_parallax_layout_list&quot;:[]}\">\n\t\t\t\t\t\t<div class=\"elementor-container elementor-column-gap-default\">\n\t\t\t\t\t<div class=\"elementor-column elementor-col-100 elementor-top-column elementor-element elementor-element-9dd2a41\" data-id=\"9dd2a41\" data-element_type=\"column\" data-e-type=\"column\" data-settings=\"{&quot;background_background&quot;:&quot;classic&quot;}\">\n\t\t\t<div class=\"elementor-widget-wrap elementor-element-populated\">\n\t\t\t\t\t\t<div class=\"elementor-element elementor-element-9dbb45b elementor-widget elementor-widget-breadcrumbs\" data-id=\"9dbb45b\" data-element_type=\"widget\" data-e-type=\"widget\" data-widget_type=\"breadcrumbs.default\">\n\t\t\t\t<div class=\"elementor-widget-container\">\n\t\t\t\t\t<p id=\"breadcrumbs\"><span><span><a href=\"https:\/\/www.redex-group.com\/de\/\">Startseite<\/a><\/span><\/span><\/p>\t\t\t\t<\/div>\n\t\t\t\t<\/div>\n\t\t\t\t\t<\/div>\n\t\t<\/div>\n\t\t\t\t\t<\/div>\n\t\t<\/section>\n\t\t\t\t<section class=\"elementor-section elementor-top-section elementor-element elementor-element-bc55867 elementor-section-boxed elementor-section-height-default elementor-section-height-default\" data-id=\"bc55867\" data-element_type=\"section\" data-e-type=\"section\" data-settings=\"{&quot;jet_parallax_layout_list&quot;:[]}\">\n\t\t\t\t\t\t<div class=\"elementor-container elementor-column-gap-default\">\n\t\t\t\t\t<div class=\"elementor-column elementor-col-100 elementor-top-column elementor-element elementor-element-40b75c2\" data-id=\"40b75c2\" data-element_type=\"column\" data-e-type=\"column\">\n\t\t\t<div class=\"elementor-widget-wrap elementor-element-populated\">\n\t\t\t\t\t\t<div class=\"elementor-element elementor-element-18f2cbc elementor-widget elementor-widget-heading\" data-id=\"18f2cbc\" data-element_type=\"widget\" data-e-type=\"widget\" data-widget_type=\"heading.default\">\n\t\t\t\t<div class=\"elementor-widget-container\">\n\t\t\t\t\t<h2 class=\"elementor-heading-title elementor-size-default\">Umr\u00fcstung &amp; Nachr\u00fcstung<\/h2>\t\t\t\t<\/div>\n\t\t\t\t<\/div>\n\t\t\t\t<div class=\"elementor-element elementor-element-09b294a elementor-widget elementor-widget-spacer\" data-id=\"09b294a\" data-element_type=\"widget\" data-e-type=\"widget\" data-widget_type=\"spacer.default\">\n\t\t\t\t<div class=\"elementor-widget-container\">\n\t\t\t\t\t\t\t<div class=\"elementor-spacer\">\n\t\t\t<div class=\"elementor-spacer-inner\"><\/div>\n\t\t<\/div>\n\t\t\t\t\t\t<\/div>\n\t\t\t\t<\/div>\n\t\t\t\t<div class=\"elementor-element elementor-element-c66377a elementor-widget elementor-widget-text-editor\" data-id=\"c66377a\" data-element_type=\"widget\" data-e-type=\"widget\" data-widget_type=\"text-editor.default\">\n\t\t\t\t<div class=\"elementor-widget-container\">\n\t\t\t\t\t\t\t\t\t<p>Die PRM-Division der REDEX Group bietet mit ihren 2 Walzwerkmarken (B\u00fchler und Redex) mittlerweile seit fast 150 Jahren Walzwerke an. Es gibt weltweit kein anderes Unternehmen, das eine so gro\u00dfe installierte Basis von Maschinen anbietet.<\/p><p>Es ist klar, dass diese Maschinen aufgrund des technologischen Fortschritts in die Jahre kommen k\u00f6nnen und von Zeit zu Zeit aktualisiert werden m\u00fcssen. REDEX Group ist in der Lage, mehrere Stufen der Modernisierung von Maschinen anzubieten.<\/p><p>Elektrische und automatisierungstechnische \u00dcberholung Mechanische \u00dcberholung Vollst\u00e4ndige \u00dcberholung der gesamten Maschine<\/p><p>Gerade im Bereich der Maschinenautomatisierung schreitet die Entwicklung sprunghaft voran, so dass etwa alle 10 Jahre neue Module ben\u00f6tigt werden und oft auch die Softwaretechnik komplett erneuert wird.<\/p><p>Dies bedeutet oft, dass der komplette Schaltschrank und die gesamte Antriebstechnik modernisiert werden sollten.<\/p><p>Die elektrische und mechanische Erneuerung bestehender Walzwerke kann separat erfolgen oder auch in einer kompletten Erneuerung der Maschine kombiniert werden.<\/p>\t\t\t\t\t\t\t\t<\/div>\n\t\t\t\t<\/div>\n\t\t\t\t\t<\/div>\n\t\t<\/div>\n\t\t\t\t\t<\/div>\n\t\t<\/section>\n\t\t\t\t<section class=\"elementor-section elementor-top-section elementor-element elementor-element-8b263d0 elementor-section-boxed elementor-section-height-default elementor-section-height-default\" data-id=\"8b263d0\" data-element_type=\"section\" data-e-type=\"section\" data-settings=\"{&quot;jet_parallax_layout_list&quot;:[]}\">\n\t\t\t\t\t\t<div class=\"elementor-container elementor-column-gap-default\">\n\t\t\t\t\t<div class=\"elementor-column elementor-col-100 elementor-top-column elementor-element elementor-element-bb76faa\" data-id=\"bb76faa\" data-element_type=\"column\" data-e-type=\"column\">\n\t\t\t<div class=\"elementor-widget-wrap elementor-element-populated\">\n\t\t\t\t\t\t<div class=\"elementor-element elementor-element-d73ee3c elementor-widget-divider--view-line elementor-widget elementor-widget-divider\" data-id=\"d73ee3c\" data-element_type=\"widget\" data-e-type=\"widget\" data-widget_type=\"divider.default\">\n\t\t\t\t<div class=\"elementor-widget-container\">\n\t\t\t\t\t\t\t<div class=\"elementor-divider\">\n\t\t\t<span class=\"elementor-divider-separator\">\n\t\t\t\t\t\t<\/span>\n\t\t<\/div>\n\t\t\t\t\t\t<\/div>\n\t\t\t\t<\/div>\n\t\t\t\t<div class=\"elementor-element elementor-element-08f11e3 elementor-align-center elementor-mobile-align-justify elementor-widget-mobile__width-inherit elementor-widget elementor-widget-button\" data-id=\"08f11e3\" data-element_type=\"widget\" data-e-type=\"widget\" data-widget_type=\"button.default\">\n\t\t\t\t<div class=\"elementor-widget-container\">\n\t\t\t\t\t\t\t\t\t<div class=\"elementor-button-wrapper\">\n\t\t\t\t\t<a class=\"elementor-button elementor-button-link elementor-size-sm elementor-animation-float\" href=\"https:\/\/www.redex-group.com\/de\/prazisions-walzanlagen\/kontakt-prazisions-walzanlagen\/\">\n\t\t\t\t\t\t<span class=\"elementor-button-content-wrapper\">\n\t\t\t\t\t\t<span class=\"elementor-button-icon\">\n\t\t\t\t<i aria-hidden=\"true\" class=\"fas fa-arrow-right\"><\/i>\t\t\t<\/span>\n\t\t\t\t\t\t\t\t\t<span class=\"elementor-button-text\">Kontaktieren Sie uns<\/span>\n\t\t\t\t\t<\/span>\n\t\t\t\t\t<\/a>\n\t\t\t\t<\/div>\n\t\t\t\t\t\t\t\t<\/div>\n\t\t\t\t<\/div>\n\t\t\t\t\t<\/div>\n\t\t<\/div>\n\t\t\t\t\t<\/div>\n\t\t<\/section>\n\t\t\t\t<\/div>\n\t\t","protected":false},"excerpt":{"rendered":"<p>Umr\u00fcstung &#038; Nachr\u00fcstung Umr\u00fcstung &#038; Nachr\u00fcstung Die PRM-Division der REDEX Group bietet mit ihren 2 Walzwerkmarken (B\u00fchler und Redex) mittlerweile seit fast 150 Jahren Walzwerke an. Es gibt weltweit kein anderes Unternehmen, das eine so gro\u00dfe installierte Basis von Maschinen anbietet. Es ist klar, dass diese Maschinen aufgrund des technologischen Fortschritts in die Jahre kommen [&hellip;]<\/p>\n","protected":false},"author":1,"featured_media":0,"parent":16802,"menu_order":0,"comment_status":"closed","ping_status":"closed","template":"","meta":{"footnotes":""},"class_list":["post-16814","page","type-page","status-publish","hentry"],"yoast_head":"<!-- This site is optimized with the Yoast SEO plugin v27.2 - https:\/\/yoast.com\/product\/yoast-seo-wordpress\/ -->\n<title>Umr\u00fcstung &amp; Nachr\u00fcstung - Redex Group<\/title>\n<meta name=\"description\" content=\"Zahlreiche L\u00f6sungen f\u00fcr Branchen, die eine Modernisierung und Aufr\u00fcstung ihrer Anlagen ben\u00f6tigen. Entdecken Sie die Redex-Gruppe.\" \/>\n<meta name=\"robots\" content=\"index, follow, max-snippet:-1, max-image-preview:large, max-video-preview:-1\" \/>\n<link rel=\"canonical\" href=\"https:\/\/www.redex-group.com\/de\/prazisions-walzanlagen\/service-und-kundendienst-prazisions-walzanlagen\/umrustung-nachrustung\/\" \/>\n<meta property=\"og:locale\" content=\"de_DE\" \/>\n<meta property=\"og:type\" content=\"article\" \/>\n<meta property=\"og:title\" content=\"Umr\u00fcstung &amp; Nachr\u00fcstung - Redex Group\" \/>\n<meta property=\"og:description\" content=\"Zahlreiche L\u00f6sungen f\u00fcr Branchen, die eine Modernisierung und Aufr\u00fcstung ihrer Anlagen ben\u00f6tigen. Entdecken Sie die Redex-Gruppe.\" \/>\n<meta property=\"og:url\" content=\"https:\/\/www.redex-group.com\/de\/prazisions-walzanlagen\/service-und-kundendienst-prazisions-walzanlagen\/umrustung-nachrustung\/\" \/>\n<meta property=\"og:site_name\" content=\"Redex Group\" \/>\n<meta property=\"article:modified_time\" content=\"2025-03-31T09:52:00+00:00\" \/>\n<meta name=\"twitter:card\" content=\"summary_large_image\" \/>\n<meta name=\"twitter:label1\" content=\"Gesch\u00e4tzte Lesezeit\" \/>\n\t<meta name=\"twitter:data1\" content=\"1\u00a0Minute\" \/>\n<script type=\"application\/ld+json\" class=\"yoast-schema-graph\">{\"@context\":\"https:\/\/schema.org\",\"@graph\":[{\"@type\":\"WebPage\",\"@id\":\"https:\/\/www.redex-group.com\/de\/prazisions-walzanlagen\/service-und-kundendienst-prazisions-walzanlagen\/umrustung-nachrustung\/\",\"url\":\"https:\/\/www.redex-group.com\/de\/prazisions-walzanlagen\/service-und-kundendienst-prazisions-walzanlagen\/umrustung-nachrustung\/\",\"name\":\"Umr\u00fcstung & Nachr\u00fcstung - Redex Group\",\"isPartOf\":{\"@id\":\"https:\/\/www.redex-group.com\/de\/#website\"},\"datePublished\":\"2022-01-31T11:18:40+00:00\",\"dateModified\":\"2025-03-31T09:52:00+00:00\",\"description\":\"Zahlreiche L\u00f6sungen f\u00fcr Branchen, die eine Modernisierung und Aufr\u00fcstung ihrer Anlagen ben\u00f6tigen. Entdecken Sie die Redex-Gruppe.\",\"breadcrumb\":{\"@id\":\"https:\/\/www.redex-group.com\/de\/prazisions-walzanlagen\/service-und-kundendienst-prazisions-walzanlagen\/umrustung-nachrustung\/#breadcrumb\"},\"inLanguage\":\"de\",\"potentialAction\":[{\"@type\":\"ReadAction\",\"target\":[\"https:\/\/www.redex-group.com\/de\/prazisions-walzanlagen\/service-und-kundendienst-prazisions-walzanlagen\/umrustung-nachrustung\/\"]}]},{\"@type\":\"BreadcrumbList\",\"@id\":\"https:\/\/www.redex-group.com\/de\/prazisions-walzanlagen\/service-und-kundendienst-prazisions-walzanlagen\/umrustung-nachrustung\/#breadcrumb\",\"itemListElement\":[{\"@type\":\"ListItem\",\"position\":1,\"name\":\"Startseite\",\"item\":\"https:\/\/www.redex-group.com\/de\/\"},{\"@type\":\"ListItem\",\"position\":2,\"name\":\"Pr\u00e4zisions-Walzanlagen\",\"item\":\"https:\/\/www.redex-group.com\/de\/precision-rolling-mills\/\"},{\"@type\":\"ListItem\",\"position\":3,\"name\":\"Service und Kundendienst PRM\",\"item\":\"https:\/\/www.redex-group.com\/de\/prazisions-walzanlagen\/service-und-kundendienst-prazisions-walzanlagen\/\"},{\"@type\":\"ListItem\",\"position\":4,\"name\":\"Umr\u00fcstung &amp; Nachr\u00fcstung\"}]},{\"@type\":\"WebSite\",\"@id\":\"https:\/\/www.redex-group.com\/de\/#website\",\"url\":\"https:\/\/www.redex-group.com\/de\/\",\"name\":\"Redex Group\",\"description\":\"Great achievements start with us\",\"publisher\":{\"@id\":\"https:\/\/www.redex-group.com\/de\/#organization\"},\"potentialAction\":[{\"@type\":\"SearchAction\",\"target\":{\"@type\":\"EntryPoint\",\"urlTemplate\":\"https:\/\/www.redex-group.com\/de\/?s={search_term_string}\"},\"query-input\":{\"@type\":\"PropertyValueSpecification\",\"valueRequired\":true,\"valueName\":\"search_term_string\"}}],\"inLanguage\":\"de\"},{\"@type\":\"Organization\",\"@id\":\"https:\/\/www.redex-group.com\/de\/#organization\",\"name\":\"REDEX Group\",\"url\":\"https:\/\/www.redex-group.com\/de\/\",\"logo\":{\"@type\":\"ImageObject\",\"inLanguage\":\"de\",\"@id\":\"https:\/\/www.redex-group.com\/de\/#\/schema\/logo\/image\/\",\"url\":\"https:\/\/www.redex-group.com\/wp-content\/uploads\/2021\/09\/Logo-REDEX-Group-orange.png\",\"contentUrl\":\"https:\/\/www.redex-group.com\/wp-content\/uploads\/2021\/09\/Logo-REDEX-Group-orange.png\",\"width\":400,\"height\":107,\"caption\":\"REDEX Group\"},\"image\":{\"@id\":\"https:\/\/www.redex-group.com\/de\/#\/schema\/logo\/image\/\"}}]}<\/script>\n<!-- \/ Yoast SEO plugin. -->","yoast_head_json":{"title":"Umr\u00fcstung & Nachr\u00fcstung - Redex Group","description":"Zahlreiche L\u00f6sungen f\u00fcr Branchen, die eine Modernisierung und Aufr\u00fcstung ihrer Anlagen ben\u00f6tigen. Entdecken Sie die Redex-Gruppe.","robots":{"index":"index","follow":"follow","max-snippet":"max-snippet:-1","max-image-preview":"max-image-preview:large","max-video-preview":"max-video-preview:-1"},"canonical":"https:\/\/www.redex-group.com\/de\/prazisions-walzanlagen\/service-und-kundendienst-prazisions-walzanlagen\/umrustung-nachrustung\/","og_locale":"de_DE","og_type":"article","og_title":"Umr\u00fcstung & Nachr\u00fcstung - Redex Group","og_description":"Zahlreiche L\u00f6sungen f\u00fcr Branchen, die eine Modernisierung und Aufr\u00fcstung ihrer Anlagen ben\u00f6tigen. Entdecken Sie die Redex-Gruppe.","og_url":"https:\/\/www.redex-group.com\/de\/prazisions-walzanlagen\/service-und-kundendienst-prazisions-walzanlagen\/umrustung-nachrustung\/","og_site_name":"Redex Group","article_modified_time":"2025-03-31T09:52:00+00:00","twitter_card":"summary_large_image","twitter_misc":{"Gesch\u00e4tzte Lesezeit":"1\u00a0Minute"},"schema":{"@context":"https:\/\/schema.org","@graph":[{"@type":"WebPage","@id":"https:\/\/www.redex-group.com\/de\/prazisions-walzanlagen\/service-und-kundendienst-prazisions-walzanlagen\/umrustung-nachrustung\/","url":"https:\/\/www.redex-group.com\/de\/prazisions-walzanlagen\/service-und-kundendienst-prazisions-walzanlagen\/umrustung-nachrustung\/","name":"Umr\u00fcstung & Nachr\u00fcstung - Redex Group","isPartOf":{"@id":"https:\/\/www.redex-group.com\/de\/#website"},"datePublished":"2022-01-31T11:18:40+00:00","dateModified":"2025-03-31T09:52:00+00:00","description":"Zahlreiche L\u00f6sungen f\u00fcr Branchen, die eine Modernisierung und Aufr\u00fcstung ihrer Anlagen ben\u00f6tigen. Entdecken Sie die Redex-Gruppe.","breadcrumb":{"@id":"https:\/\/www.redex-group.com\/de\/prazisions-walzanlagen\/service-und-kundendienst-prazisions-walzanlagen\/umrustung-nachrustung\/#breadcrumb"},"inLanguage":"de","potentialAction":[{"@type":"ReadAction","target":["https:\/\/www.redex-group.com\/de\/prazisions-walzanlagen\/service-und-kundendienst-prazisions-walzanlagen\/umrustung-nachrustung\/"]}]},{"@type":"BreadcrumbList","@id":"https:\/\/www.redex-group.com\/de\/prazisions-walzanlagen\/service-und-kundendienst-prazisions-walzanlagen\/umrustung-nachrustung\/#breadcrumb","itemListElement":[{"@type":"ListItem","position":1,"name":"Startseite","item":"https:\/\/www.redex-group.com\/de\/"},{"@type":"ListItem","position":2,"name":"Pr\u00e4zisions-Walzanlagen","item":"https:\/\/www.redex-group.com\/de\/precision-rolling-mills\/"},{"@type":"ListItem","position":3,"name":"Service und Kundendienst PRM","item":"https:\/\/www.redex-group.com\/de\/prazisions-walzanlagen\/service-und-kundendienst-prazisions-walzanlagen\/"},{"@type":"ListItem","position":4,"name":"Umr\u00fcstung &amp; Nachr\u00fcstung"}]},{"@type":"WebSite","@id":"https:\/\/www.redex-group.com\/de\/#website","url":"https:\/\/www.redex-group.com\/de\/","name":"Redex Group","description":"Great achievements start with us","publisher":{"@id":"https:\/\/www.redex-group.com\/de\/#organization"},"potentialAction":[{"@type":"SearchAction","target":{"@type":"EntryPoint","urlTemplate":"https:\/\/www.redex-group.com\/de\/?s={search_term_string}"},"query-input":{"@type":"PropertyValueSpecification","valueRequired":true,"valueName":"search_term_string"}}],"inLanguage":"de"},{"@type":"Organization","@id":"https:\/\/www.redex-group.com\/de\/#organization","name":"REDEX Group","url":"https:\/\/www.redex-group.com\/de\/","logo":{"@type":"ImageObject","inLanguage":"de","@id":"https:\/\/www.redex-group.com\/de\/#\/schema\/logo\/image\/","url":"https:\/\/www.redex-group.com\/wp-content\/uploads\/2021\/09\/Logo-REDEX-Group-orange.png","contentUrl":"https:\/\/www.redex-group.com\/wp-content\/uploads\/2021\/09\/Logo-REDEX-Group-orange.png","width":400,"height":107,"caption":"REDEX Group"},"image":{"@id":"https:\/\/www.redex-group.com\/de\/#\/schema\/logo\/image\/"}}]}},"_links":{"self":[{"href":"https:\/\/www.redex-group.com\/de\/wp-json\/wp\/v2\/pages\/16814","targetHints":{"allow":["GET"]}}],"collection":[{"href":"https:\/\/www.redex-group.com\/de\/wp-json\/wp\/v2\/pages"}],"about":[{"href":"https:\/\/www.redex-group.com\/de\/wp-json\/wp\/v2\/types\/page"}],"author":[{"embeddable":true,"href":"https:\/\/www.redex-group.com\/de\/wp-json\/wp\/v2\/users\/1"}],"replies":[{"embeddable":true,"href":"https:\/\/www.redex-group.com\/de\/wp-json\/wp\/v2\/comments?post=16814"}],"version-history":[{"count":13,"href":"https:\/\/www.redex-group.com\/de\/wp-json\/wp\/v2\/pages\/16814\/revisions"}],"predecessor-version":[{"id":21963,"href":"https:\/\/www.redex-group.com\/de\/wp-json\/wp\/v2\/pages\/16814\/revisions\/21963"}],"up":[{"embeddable":true,"href":"https:\/\/www.redex-group.com\/de\/wp-json\/wp\/v2\/pages\/16802"}],"wp:attachment":[{"href":"https:\/\/www.redex-group.com\/de\/wp-json\/wp\/v2\/media?parent=16814"}],"curies":[{"name":"wp","href":"https:\/\/api.w.org\/{rel}","templated":true}]}}